{"id":1034,"date":"2022-02-07T07:20:34","date_gmt":"2022-02-07T07:20:34","guid":{"rendered":"http:\/\/compware.de\/?page_id=1034"},"modified":"2022-02-09T08:02:13","modified_gmt":"2022-02-09T08:02:13","slug":"praxismanagement","status":"publish","type":"page","link":"https:\/\/www.compware.de\/?page_id=1034","title":{"rendered":"Praxismanagement"},"content":{"rendered":"\n<h1 class=\"wp-block-heading\" id=\"praxismanagement-und-organisation\"><strong>Praxismanagement und -organisation<\/strong><\/h1>\n\n\n\n<p class=\"has-text-align-justify\">In den letzten Jahren hat sich der Verwaltungsaufwand in der Arztpraxis um ein vielfaches erh\u00f6ht. Die st\u00e4ndigen gesetzlichen \u00c4nderungen und Vorgaben sind enorm. Neben den zu behandelnden Patienten und Ihren Kernaufgaben als Praxis m\u00fcssen heute Unmengen von Verwaltungst\u00e4tigkeiten von Ihnen erledigt werden. Umso wichtiger ist es einen Berater zur Seite zu haben, der Ihnen nicht nur w\u00e4hrend des Verkaufsgespr\u00e4chs, sondern auch danach zur Seite steht.<\/p>\n\n\n\n<p class=\"has-text-align-justify\"><strong>CompWare<\/strong>&nbsp;ist bem\u00fcht Sie so umfangreich wie m\u00f6glich, aber so kompakt wie n\u00f6tig, immer auf dem aktuellen Stand zu halten. Wir bieten unseren Kunden ein umfangreiches Sortiment an Dienstleistungen an um dies bestm\u00f6glich zu realisieren.<\/p>\n\n\n\n<ul class=\"wp-block-list\"><li>Hardware und Software<\/li><li>IT- Security<\/li><li>Technischer Aussendienst<\/li><li>Regionale Hotline<\/li><li>Servicevertr\u00e4ge<\/li><li>Schulungen, auch online<\/li><li>Anwendertreffen, auch online<\/li><li>Medizintechnik<\/li><li>Externer Datenschutzbeauftragter<\/li><\/ul>\n\n\n\n<p class=\"has-text-align-justify\">Unsere Mitarbeiter werden st\u00e4ndig geschult um Sie mit den aktuellsten Themen zu versorgen und somit eine &#8222;Rund-um-Versorgung&#8220; aus einer Hand zu realisieren und Ihre Anforderung an ein&nbsp;kompetentes Dienstleistungsunternehmen zu erf\u00fcllen.<\/p>\n","protected":false},"excerpt":{"rendered":"<p>Praxismanagement und -organisation In den letzten Jahren hat sich der Verwaltungsaufwand in der Arztpraxis um ein vielfaches erh\u00f6ht. Die st\u00e4ndigen gesetzlichen \u00c4nderungen und Vorgaben sind enorm. Neben den zu behandelnden Patienten und Ihren Kernaufgaben als Praxis m\u00fcssen heute Unmengen von Verwaltungst\u00e4tigkeiten von Ihnen erledigt werden. Umso wichtiger ist es einen Berater zur Seite zu haben, [&hellip;]<\/p>\n","protected":false},"author":1,"featured_media":0,"parent":0,"menu_order":0,"comment_status":"closed","ping_status":"closed","template":"","meta":{"_editorskit_title_hidden":true,"_editorskit_reading_time":1,"_editorskit_is_block_options_detached":false,"_editorskit_block_options_position":"{}","_uag_custom_page_level_css":"","site-sidebar-layout":"default","site-content-layout":"","ast-site-content-layout":"default","site-content-style":"default","site-sidebar-style":"default","ast-global-header-display":"","ast-banner-title-visibility":"","ast-main-header-display":"","ast-hfb-above-header-display":"","ast-hfb-below-header-display":"","ast-hfb-mobile-header-display":"","site-post-title":"","ast-breadcrumbs-content":"","ast-featured-img":"","footer-sml-layout":"","ast-disable-related-posts":"","theme-transparent-header-meta":"","adv-header-id-meta":"","stick-header-meta":"","header-above-stick-meta":"","header-main-stick-meta":"","header-below-stick-meta":"","astra-migrate-meta-layouts":"default","ast-page-background-enabled":"default","ast-page-background-meta":{"desktop":{"background-color":"var(--ast-global-color-4)","background-image":"","background-repeat":"repeat","background-position":"center center","background-size":"auto","background-attachment":"scroll","background-type":"","background-media":"","overlay-type":"","overlay-color":"","overlay-opacity":"","overlay-gradient":""},"tablet":{"background-color":"","background-image":"","background-repeat":"repeat","background-position":"center center","background-size":"auto","background-attachment":"scroll","background-type":"","background-media":"","overlay-type":"","overlay-color":"","overlay-opacity":"","overlay-gradient":""},"mobile":{"background-color":"","background-image":"","background-repeat":"repeat","background-position":"center center","background-size":"auto","background-attachment":"scroll","background-type":"","background-media":"","overlay-type":"","overlay-color":"","overlay-opacity":"","overlay-gradient":""}},"ast-content-background-meta":{"desktop":{"background-color":"var(--ast-global-color-5)","background-image":"","background-repeat":"repeat","background-position":"center center","background-size":"auto","background-attachment":"scroll","background-type":"","background-media":"","overlay-type":"","overlay-color":"","overlay-opacity":"","overlay-gradient":""},"tablet":{"background-color":"var(--ast-global-color-5)","background-image":"","background-repeat":"repeat","background-position":"center center","background-size":"auto","background-attachment":"scroll","background-type":"","background-media":"","overlay-type":"","overlay-color":"","overlay-opacity":"","overlay-gradient":""},"mobile":{"background-color":"var(--ast-global-color-5)","background-image":"","background-repeat":"repeat","background-position":"center center","background-size":"auto","background-attachment":"scroll","background-type":"","background-media":"","overlay-type":"","overlay-color":"","overlay-opacity":"","overlay-gradient":""}},"footnotes":""},"class_list":["post-1034","page","type-page","status-publish","hentry"],"uagb_featured_image_src":{"full":false,"thumbnail":false,"medium":false,"medium_large":false,"large":false,"1536x1536":false,"2048x2048":false},"uagb_author_info":{"display_name":"Hans Herget","author_link":"https:\/\/www.compware.de\/?author=1"},"uagb_comment_info":0,"uagb_excerpt":"Praxismanagement und -organisation In den letzten Jahren hat sich der Verwaltungsaufwand in der Arztpraxis um ein vielfaches erh\u00f6ht. Die st\u00e4ndigen gesetzlichen \u00c4nderungen und Vorgaben sind enorm. Neben den zu behandelnden Patienten und Ihren Kernaufgaben als Praxis m\u00fcssen heute Unmengen von Verwaltungst\u00e4tigkeiten von Ihnen erledigt werden. Umso wichtiger ist es einen Berater zur Seite zu haben,&hellip;","_links":{"self":[{"href":"https:\/\/www.compware.de\/index.php?rest_route=\/wp\/v2\/pages\/1034","targetHints":{"allow":["GET"]}}],"collection":[{"href":"https:\/\/www.compware.de\/index.php?rest_route=\/wp\/v2\/pages"}],"about":[{"href":"https:\/\/www.compware.de\/index.php?rest_route=\/wp\/v2\/types\/page"}],"author":[{"embeddable":true,"href":"https:\/\/www.compware.de\/index.php?rest_route=\/wp\/v2\/users\/1"}],"replies":[{"embeddable":true,"href":"https:\/\/www.compware.de\/index.php?rest_route=%2Fwp%2Fv2%2Fcomments&post=1034"}],"version-history":[{"count":8,"href":"https:\/\/www.compware.de\/index.php?rest_route=\/wp\/v2\/pages\/1034\/revisions"}],"predecessor-version":[{"id":1232,"href":"https:\/\/www.compware.de\/index.php?rest_route=\/wp\/v2\/pages\/1034\/revisions\/1232"}],"wp:attachment":[{"href":"https:\/\/www.compware.de\/index.php?rest_route=%2Fwp%2Fv2%2Fmedia&parent=1034"}],"curies":[{"name":"wp","href":"https:\/\/api.w.org\/{rel}","templated":true}]}}