{"id":1054,"date":"2022-02-07T08:30:40","date_gmt":"2022-02-07T08:30:40","guid":{"rendered":"http:\/\/compware.de\/?page_id=1054"},"modified":"2022-02-10T11:03:31","modified_gmt":"2022-02-10T11:03:31","slug":"projekte","status":"publish","type":"page","link":"https:\/\/www.compware.de\/?page_id=1054","title":{"rendered":"Projekte"},"content":{"rendered":"\n<h2 class=\"uagb-heading-text wp-block-heading\" id=\"projekte\"><strong>Projekte<\/strong><\/h2>\n\n\n\n<p>Die Kompetenz eines Systemhauses ist vor allem bei der Abwicklung von Projekten zu erkennen.<\/p>\n\n\n\n<p>Von Anfang an sah&nbsp;<strong>CompWare<\/strong>&nbsp;in diesem Gesch\u00e4ftsfeld eine strategische Komponente des angestrebten Unternehmensziels.<\/p>\n\n\n\n<p class=\"has-text-align-justify\">Die Definition eines Projektes wird von vielen Anbietern sehr unterschiedlich gesehen. Wir verstehen darunter die umfassende Abwicklung eines Auftrages, von der Beratung \u00fcber die Konzeptionierung, die Installation, die Einf\u00fchrung mit begleitenden Schulungsma\u00dfnahmen und die \u00dcbergabe in den Echtbetrieb als schl\u00fcsselfertige L\u00f6sung.<\/p>\n\n\n\n<p class=\"has-text-align-justify\">Hierbei spielt es keine Rolle, ob ein Projekt aus der Ausstattung eines Kleinbetriebs mit einem Netzwerk mit wenigen Arbeitspl\u00e4tzen, um die Systemumstellung in einer Arztpraxis, die Installation und Inbetriebnahme eines digitalen R\u00f6ntgensystems mit Archivierungsl\u00f6sung oder um die Betriebssystemumstellung in einem Industrieunternehmen mit mehreren 1000 Arbeitspl\u00e4tzen besteht. Jedes dieser Projekte realisieren wir mit dem gleichem Anspruch, dem Kunden den gr\u00f6sstm\u00f6glichen Nutzen zu erm\u00f6glichen.<\/p>\n\n\n\n<p class=\"has-text-align-center\"><strong>Projektabwicklung geh\u00f6rt f\u00fcr uns zum Tagesgesch\u00e4ft.<\/strong><\/p>\n","protected":false},"excerpt":{"rendered":"<p>Projekte Die Kompetenz eines Systemhauses ist vor allem bei der Abwicklung von Projekten zu erkennen. Von Anfang an sah&nbsp;CompWare&nbsp;in diesem Gesch\u00e4ftsfeld eine strategische Komponente des angestrebten Unternehmensziels. Die Definition eines Projektes wird von vielen Anbietern sehr unterschiedlich gesehen. Wir verstehen darunter die umfassende Abwicklung eines Auftrages, von der Beratung \u00fcber die Konzeptionierung, die Installation, die [&hellip;]<\/p>\n","protected":false},"author":1,"featured_media":0,"parent":0,"menu_order":0,"comment_status":"closed","ping_status":"closed","template":"","meta":{"_editorskit_title_hidden":true,"_editorskit_reading_time":0,"_editorskit_is_block_options_detached":false,"_editorskit_block_options_position":"{}","_uag_custom_page_level_css":"","site-sidebar-layout":"default","site-content-layout":"","ast-site-content-layout":"default","site-content-style":"default","site-sidebar-style":"default","ast-global-header-display":"","ast-banner-title-visibility":"","ast-main-header-display":"","ast-hfb-above-header-display":"","ast-hfb-below-header-display":"","ast-hfb-mobile-header-display":"","site-post-title":"","ast-breadcrumbs-content":"","ast-featured-img":"","footer-sml-layout":"","ast-disable-related-posts":"","theme-transparent-header-meta":"","adv-header-id-meta":"","stick-header-meta":"","header-above-stick-meta":"","header-main-stick-meta":"","header-below-stick-meta":"","astra-migrate-meta-layouts":"default","ast-page-background-enabled":"default","ast-page-background-meta":{"desktop":{"background-color":"var(--ast-global-color-4)","background-image":"","background-repeat":"repeat","background-position":"center center","background-size":"auto","background-attachment":"scroll","background-type":"","background-media":"","overlay-type":"","overlay-color":"","overlay-opacity":"","overlay-gradient":""},"tablet":{"background-color":"","background-image":"","background-repeat":"repeat","background-position":"center center","background-size":"auto","background-attachment":"scroll","background-type":"","background-media":"","overlay-type":"","overlay-color":"","overlay-opacity":"","overlay-gradient":""},"mobile":{"background-color":"","background-image":"","background-repeat":"repeat","background-position":"center center","background-size":"auto","background-attachment":"scroll","background-type":"","background-media":"","overlay-type":"","overlay-color":"","overlay-opacity":"","overlay-gradient":""}},"ast-content-background-meta":{"desktop":{"background-color":"var(--ast-global-color-5)","background-image":"","background-repeat":"repeat","background-position":"center center","background-size":"auto","background-attachment":"scroll","background-type":"","background-media":"","overlay-type":"","overlay-color":"","overlay-opacity":"","overlay-gradient":""},"tablet":{"background-color":"var(--ast-global-color-5)","background-image":"","background-repeat":"repeat","background-position":"center center","background-size":"auto","background-attachment":"scroll","background-type":"","background-media":"","overlay-type":"","overlay-color":"","overlay-opacity":"","overlay-gradient":""},"mobile":{"background-color":"var(--ast-global-color-5)","background-image":"","background-repeat":"repeat","background-position":"center center","background-size":"auto","background-attachment":"scroll","background-type":"","background-media":"","overlay-type":"","overlay-color":"","overlay-opacity":"","overlay-gradient":""}},"footnotes":""},"class_list":["post-1054","page","type-page","status-publish","hentry"],"uagb_featured_image_src":{"full":false,"thumbnail":false,"medium":false,"medium_large":false,"large":false,"1536x1536":false,"2048x2048":false},"uagb_author_info":{"display_name":"Hans Herget","author_link":"https:\/\/www.compware.de\/?author=1"},"uagb_comment_info":0,"uagb_excerpt":"Projekte Die Kompetenz eines Systemhauses ist vor allem bei der Abwicklung von Projekten zu erkennen. Von Anfang an sah&nbsp;CompWare&nbsp;in diesem Gesch\u00e4ftsfeld eine strategische Komponente des angestrebten Unternehmensziels. Die Definition eines Projektes wird von vielen Anbietern sehr unterschiedlich gesehen. Wir verstehen darunter die umfassende Abwicklung eines Auftrages, von der Beratung \u00fcber die Konzeptionierung, die Installation, die&hellip;","_links":{"self":[{"href":"https:\/\/www.compware.de\/index.php?rest_route=\/wp\/v2\/pages\/1054","targetHints":{"allow":["GET"]}}],"collection":[{"href":"https:\/\/www.compware.de\/index.php?rest_route=\/wp\/v2\/pages"}],"about":[{"href":"https:\/\/www.compware.de\/index.php?rest_route=\/wp\/v2\/types\/page"}],"author":[{"embeddable":true,"href":"https:\/\/www.compware.de\/index.php?rest_route=\/wp\/v2\/users\/1"}],"replies":[{"embeddable":true,"href":"https:\/\/www.compware.de\/index.php?rest_route=%2Fwp%2Fv2%2Fcomments&post=1054"}],"version-history":[{"count":4,"href":"https:\/\/www.compware.de\/index.php?rest_route=\/wp\/v2\/pages\/1054\/revisions"}],"predecessor-version":[{"id":1296,"href":"https:\/\/www.compware.de\/index.php?rest_route=\/wp\/v2\/pages\/1054\/revisions\/1296"}],"wp:attachment":[{"href":"https:\/\/www.compware.de\/index.php?rest_route=%2Fwp%2Fv2%2Fmedia&parent=1054"}],"curies":[{"name":"wp","href":"https:\/\/api.w.org\/{rel}","templated":true}]}}