{"id":1236,"date":"2022-02-09T08:41:56","date_gmt":"2022-02-09T08:41:56","guid":{"rendered":"https:\/\/compware.de\/?page_id=1236"},"modified":"2022-02-10T08:23:07","modified_gmt":"2022-02-10T08:23:07","slug":"schulungen-2","status":"publish","type":"page","link":"https:\/\/www.compware.de\/?page_id=1236","title":{"rendered":"Schulungen"},"content":{"rendered":"\n<h1 class=\"wp-block-heading\" id=\"schulungen\"><strong>Schulungen<\/strong><\/h1>\n\n\n\n<p class=\"has-text-align-justify\">Zur Abrundung unserer Dienstleistungspalette bieten wir unseren Kunden eine Vielzahl von Schulungen, Workshops und Seminaren zum Thema CGM M1 PRO und Zusatzprodukten im medizinischen Umfeld an. Je nach Wunsch im Schulungsraum in unserem Haus, vor Ort beim Kunden wie nat\u00fcrlich auch online.<\/p>\n\n\n\n<p class=\"has-text-align-justify\">Grundschulungen f\u00fcr ein neues Arztinformationssystem empfehlen wir grunds\u00e4tzlich in unserem Schulungsraum mit optimalen Projektionsm\u00f6glichkeiten und einen Arbeitsplatz f\u00fcr jeden Teilnehmer.<\/p>\n\n\n\n<p class=\"has-text-align-justify\">Aufbauschulungen und Seminare m\u00fcssen nicht unbedingt im Schulungsraum stattfinden, oft empfiehlt es sich vor Ort in der Praxis oder online.<\/p>\n\n\n\n<p class=\"has-text-align-justify\">Deshalb bieten wir verst\u00e4rkt Webinare an, teilweise mit festen Themen, aber auch sehr individuell, zugeschnitten auf die Anforderungen des Kunden.<\/p>\n\n\n\n<p>Unsere Schulungen werden auch immer von auf den aktuellen Stand ausgebildeten und zertifizierten Mitarbeitern gehalten.<\/p>\n","protected":false},"excerpt":{"rendered":"<p>Schulungen Zur Abrundung unserer Dienstleistungspalette bieten wir unseren Kunden eine Vielzahl von Schulungen, Workshops und Seminaren zum Thema CGM M1 PRO und Zusatzprodukten im medizinischen Umfeld an. Je nach Wunsch im Schulungsraum in unserem Haus, vor Ort beim Kunden wie nat\u00fcrlich auch online. Grundschulungen f\u00fcr ein neues Arztinformationssystem empfehlen wir grunds\u00e4tzlich in unserem Schulungsraum mit [&hellip;]<\/p>\n","protected":false},"author":1,"featured_media":0,"parent":0,"menu_order":0,"comment_status":"closed","ping_status":"closed","template":"","meta":{"_editorskit_title_hidden":true,"_editorskit_reading_time":1,"_editorskit_is_block_options_detached":false,"_editorskit_block_options_position":"{}","_uag_custom_page_level_css":"","site-sidebar-layout":"default","site-content-layout":"","ast-site-content-layout":"default","site-content-style":"default","site-sidebar-style":"default","ast-global-header-display":"","ast-banner-title-visibility":"","ast-main-header-display":"","ast-hfb-above-header-display":"","ast-hfb-below-header-display":"","ast-hfb-mobile-header-display":"","site-post-title":"","ast-breadcrumbs-content":"","ast-featured-img":"","footer-sml-layout":"","ast-disable-related-posts":"","theme-transparent-header-meta":"","adv-header-id-meta":"","stick-header-meta":"","header-above-stick-meta":"","header-main-stick-meta":"","header-below-stick-meta":"","astra-migrate-meta-layouts":"default","ast-page-background-enabled":"default","ast-page-background-meta":{"desktop":{"background-color":"var(--ast-global-color-4)","background-image":"","background-repeat":"repeat","background-position":"center center","background-size":"auto","background-attachment":"scroll","background-type":"","background-media":"","overlay-type":"","overlay-color":"","overlay-opacity":"","overlay-gradient":""},"tablet":{"background-color":"","background-image":"","background-repeat":"repeat","background-position":"center center","background-size":"auto","background-attachment":"scroll","background-type":"","background-media":"","overlay-type":"","overlay-color":"","overlay-opacity":"","overlay-gradient":""},"mobile":{"background-color":"","background-image":"","background-repeat":"repeat","background-position":"center center","background-size":"auto","background-attachment":"scroll","background-type":"","background-media":"","overlay-type":"","overlay-color":"","overlay-opacity":"","overlay-gradient":""}},"ast-content-background-meta":{"desktop":{"background-color":"var(--ast-global-color-5)","background-image":"","background-repeat":"repeat","background-position":"center center","background-size":"auto","background-attachment":"scroll","background-type":"","background-media":"","overlay-type":"","overlay-color":"","overlay-opacity":"","overlay-gradient":""},"tablet":{"background-color":"var(--ast-global-color-5)","background-image":"","background-repeat":"repeat","background-position":"center center","background-size":"auto","background-attachment":"scroll","background-type":"","background-media":"","overlay-type":"","overlay-color":"","overlay-opacity":"","overlay-gradient":""},"mobile":{"background-color":"var(--ast-global-color-5)","background-image":"","background-repeat":"repeat","background-position":"center center","background-size":"auto","background-attachment":"scroll","background-type":"","background-media":"","overlay-type":"","overlay-color":"","overlay-opacity":"","overlay-gradient":""}},"footnotes":""},"class_list":["post-1236","page","type-page","status-publish","hentry"],"uagb_featured_image_src":{"full":false,"thumbnail":false,"medium":false,"medium_large":false,"large":false,"1536x1536":false,"2048x2048":false},"uagb_author_info":{"display_name":"Hans Herget","author_link":"https:\/\/www.compware.de\/?author=1"},"uagb_comment_info":0,"uagb_excerpt":"Schulungen Zur Abrundung unserer Dienstleistungspalette bieten wir unseren Kunden eine Vielzahl von Schulungen, Workshops und Seminaren zum Thema CGM M1 PRO und Zusatzprodukten im medizinischen Umfeld an. Je nach Wunsch im Schulungsraum in unserem Haus, vor Ort beim Kunden wie nat\u00fcrlich auch online. Grundschulungen f\u00fcr ein neues Arztinformationssystem empfehlen wir grunds\u00e4tzlich in unserem Schulungsraum mit&hellip;","_links":{"self":[{"href":"https:\/\/www.compware.de\/index.php?rest_route=\/wp\/v2\/pages\/1236","targetHints":{"allow":["GET"]}}],"collection":[{"href":"https:\/\/www.compware.de\/index.php?rest_route=\/wp\/v2\/pages"}],"about":[{"href":"https:\/\/www.compware.de\/index.php?rest_route=\/wp\/v2\/types\/page"}],"author":[{"embeddable":true,"href":"https:\/\/www.compware.de\/index.php?rest_route=\/wp\/v2\/users\/1"}],"replies":[{"embeddable":true,"href":"https:\/\/www.compware.de\/index.php?rest_route=%2Fwp%2Fv2%2Fcomments&post=1236"}],"version-history":[{"count":9,"href":"https:\/\/www.compware.de\/index.php?rest_route=\/wp\/v2\/pages\/1236\/revisions"}],"predecessor-version":[{"id":1286,"href":"https:\/\/www.compware.de\/index.php?rest_route=\/wp\/v2\/pages\/1236\/revisions\/1286"}],"wp:attachment":[{"href":"https:\/\/www.compware.de\/index.php?rest_route=%2Fwp%2Fv2%2Fmedia&parent=1236"}],"curies":[{"name":"wp","href":"https:\/\/api.w.org\/{rel}","templated":true}]}}