{"id":1256,"date":"2022-02-09T15:08:33","date_gmt":"2022-02-09T15:08:33","guid":{"rendered":"https:\/\/compware.de\/?page_id=1256"},"modified":"2024-10-14T13:12:29","modified_gmt":"2024-10-14T11:12:29","slug":"backupassist","status":"publish","type":"page","link":"https:\/\/www.compware.de\/?page_id=1256","title":{"rendered":"BackupAssist"},"content":{"rendered":"\n<h1 class=\"wp-block-heading\" id=\"backupassist\"><strong>BackupAssist<\/strong><\/h1>\n\n\n\n<p id=\"backupassist-classic-ist-die-komplette-backup-losung-fur-microsoft-windows\"><strong>BackupAssist ist die komplette Backup-L\u00f6sung f\u00fcr Microsoft Windows.<\/strong><\/p>\n\n\n\n<figure class=\"wp-block-image alignright is-resized size-full\"><img loading=\"lazy\" decoding=\"async\" width=\"950\" height=\"793\" src=\"\/wp-content\/uploads\/2022\/02\/BA.jpg\" alt=\"\" class=\"wp-image-1261\" style=\"width:449px;height:auto\" srcset=\"https:\/\/www.compware.de\/wp-content\/uploads\/2022\/02\/BA.jpg 950w, https:\/\/www.compware.de\/wp-content\/uploads\/2022\/02\/BA-300x250.jpg 300w, https:\/\/www.compware.de\/wp-content\/uploads\/2022\/02\/BA-768x641.jpg 768w\" sizes=\"auto, (max-width: 950px) 100vw, 950px\" \/><\/figure>\n\n\n\n<p class=\"has-text-align-justify\" id=\"die-software-wurde-speziell-dafur-entwickelt-kleine-und-mittlere-unternehmen-bei-der-sicherung-relevanter-daten-und-konfigurationen-zu-unterstutzen\">Die Software wurde speziell daf\u00fcr entwickelt, kleine und mittlere Unternehmen bei der Sicherung relevanter Daten und Konfigurationen zu unterst\u00fctzen.<\/p>\n\n\n\n<p class=\"has-text-align-justify\">BackupAssist ist unkompliziert zu administrieren. Es verzichtet ganz bewusst auf Komplexit\u00e4t, ohne dabei jedoch an Funktionalit\u00e4t zu sparen. Im Gegensatz zu vielen anderen Backup-L\u00f6sungen begeistert BackupAssist mit einer einfachen Benutzung, einem unschlagbaren Preis-Leistungs-Verh\u00e4ltnis und einer enorm hohen Zuverl\u00e4ssigkeit im Windows Server-Umfeld.<\/p>\n\n\n\n<p>BackupAssist bietet Ihnen zahlreiche Features, um die Sicherung Ihrer Daten problemlos umzusetzen.<\/p>\n\n\n\n<p><strong>Die wichtigsten Features im \u00dcberblick<\/strong><\/p>\n\n\n\n<ul class=\"wp-block-list\">\n<li>Systembackup<\/li>\n\n\n\n<li>Dateibackup<\/li>\n\n\n\n<li>verschiedene Ziele<\/li>\n\n\n\n<li>Zeitpl\u00e4ne und Backupverlauf<\/li>\n\n\n\n<li>individuelle Skripte<\/li>\n\n\n\n<li>Berichte und Benachrichtigungen<\/li>\n\n\n\n<li>zentrale Administration<\/li>\n\n\n\n<li>Recover Assist<\/li>\n\n\n\n<li>SQL Backup<\/li>\n\n\n\n<li>Hyper-V Backup<\/li>\n<\/ul>\n","protected":false},"excerpt":{"rendered":"<p>BackupAssist BackupAssist ist die komplette Backup-L\u00f6sung f\u00fcr Microsoft Windows. Die Software wurde speziell daf\u00fcr entwickelt, kleine und mittlere Unternehmen bei der Sicherung relevanter Daten und Konfigurationen zu unterst\u00fctzen. BackupAssist ist unkompliziert zu administrieren. Es verzichtet ganz bewusst auf Komplexit\u00e4t, ohne dabei jedoch an Funktionalit\u00e4t zu sparen. Im Gegensatz zu vielen anderen Backup-L\u00f6sungen begeistert BackupAssist mit [&hellip;]<\/p>\n","protected":false},"author":1,"featured_media":0,"parent":0,"menu_order":0,"comment_status":"closed","ping_status":"closed","template":"","meta":{"_editorskit_title_hidden":true,"_editorskit_reading_time":1,"_editorskit_is_block_options_detached":false,"_editorskit_block_options_position":"{}","_uag_custom_page_level_css":"","site-sidebar-layout":"default","site-content-layout":"","ast-site-content-layout":"default","site-content-style":"default","site-sidebar-style":"default","ast-global-header-display":"","ast-banner-title-visibility":"","ast-main-header-display":"","ast-hfb-above-header-display":"","ast-hfb-below-header-display":"","ast-hfb-mobile-header-display":"","site-post-title":"","ast-breadcrumbs-content":"","ast-featured-img":"","footer-sml-layout":"","ast-disable-related-posts":"","theme-transparent-header-meta":"","adv-header-id-meta":"","stick-header-meta":"","header-above-stick-meta":"","header-main-stick-meta":"","header-below-stick-meta":"","astra-migrate-meta-layouts":"set","ast-page-background-enabled":"default","ast-page-background-meta":{"desktop":{"background-color":"var(--ast-global-color-4)","background-image":"","background-repeat":"repeat","background-position":"center center","background-size":"auto","background-attachment":"scroll","background-type":"","background-media":"","overlay-type":"","overlay-color":"","overlay-opacity":"","overlay-gradient":""},"tablet":{"background-color":"","background-image":"","background-repeat":"repeat","background-position":"center center","background-size":"auto","background-attachment":"scroll","background-type":"","background-media":"","overlay-type":"","overlay-color":"","overlay-opacity":"","overlay-gradient":""},"mobile":{"background-color":"","background-image":"","background-repeat":"repeat","background-position":"center center","background-size":"auto","background-attachment":"scroll","background-type":"","background-media":"","overlay-type":"","overlay-color":"","overlay-opacity":"","overlay-gradient":""}},"ast-content-background-meta":{"desktop":{"background-color":"var(--ast-global-color-5)","background-image":"","background-repeat":"repeat","background-position":"center center","background-size":"auto","background-attachment":"scroll","background-type":"","background-media":"","overlay-type":"","overlay-color":"","overlay-opacity":"","overlay-gradient":""},"tablet":{"background-color":"var(--ast-global-color-5)","background-image":"","background-repeat":"repeat","background-position":"center center","background-size":"auto","background-attachment":"scroll","background-type":"","background-media":"","overlay-type":"","overlay-color":"","overlay-opacity":"","overlay-gradient":""},"mobile":{"background-color":"var(--ast-global-color-5)","background-image":"","background-repeat":"repeat","background-position":"center center","background-size":"auto","background-attachment":"scroll","background-type":"","background-media":"","overlay-type":"","overlay-color":"","overlay-opacity":"","overlay-gradient":""}},"footnotes":""},"class_list":["post-1256","page","type-page","status-publish","hentry"],"uagb_featured_image_src":{"full":false,"thumbnail":false,"medium":false,"medium_large":false,"large":false,"1536x1536":false,"2048x2048":false},"uagb_author_info":{"display_name":"Hans Herget","author_link":"https:\/\/www.compware.de\/?author=1"},"uagb_comment_info":0,"uagb_excerpt":"BackupAssist BackupAssist ist die komplette Backup-L\u00f6sung f\u00fcr Microsoft Windows. Die Software wurde speziell daf\u00fcr entwickelt, kleine und mittlere Unternehmen bei der Sicherung relevanter Daten und Konfigurationen zu unterst\u00fctzen. BackupAssist ist unkompliziert zu administrieren. Es verzichtet ganz bewusst auf Komplexit\u00e4t, ohne dabei jedoch an Funktionalit\u00e4t zu sparen. Im Gegensatz zu vielen anderen Backup-L\u00f6sungen begeistert BackupAssist mit&hellip;","_links":{"self":[{"href":"https:\/\/www.compware.de\/index.php?rest_route=\/wp\/v2\/pages\/1256","targetHints":{"allow":["GET"]}}],"collection":[{"href":"https:\/\/www.compware.de\/index.php?rest_route=\/wp\/v2\/pages"}],"about":[{"href":"https:\/\/www.compware.de\/index.php?rest_route=\/wp\/v2\/types\/page"}],"author":[{"embeddable":true,"href":"https:\/\/www.compware.de\/index.php?rest_route=\/wp\/v2\/users\/1"}],"replies":[{"embeddable":true,"href":"https:\/\/www.compware.de\/index.php?rest_route=%2Fwp%2Fv2%2Fcomments&post=1256"}],"version-history":[{"count":13,"href":"https:\/\/www.compware.de\/index.php?rest_route=\/wp\/v2\/pages\/1256\/revisions"}],"predecessor-version":[{"id":2315,"href":"https:\/\/www.compware.de\/index.php?rest_route=\/wp\/v2\/pages\/1256\/revisions\/2315"}],"wp:attachment":[{"href":"https:\/\/www.compware.de\/index.php?rest_route=%2Fwp%2Fv2%2Fmedia&parent=1256"}],"curies":[{"name":"wp","href":"https:\/\/api.w.org\/{rel}","templated":true}]}}