{"id":1571,"date":"2022-02-21T13:38:46","date_gmt":"2022-02-21T13:38:46","guid":{"rendered":"https:\/\/compware.de\/?page_id=1571"},"modified":"2024-10-14T17:10:51","modified_gmt":"2024-10-14T15:10:51","slug":"cgm-firewall","status":"publish","type":"page","link":"https:\/\/www.compware.de\/?page_id=1571","title":{"rendered":"CGM Firewall"},"content":{"rendered":"\n<h1 class=\"wp-block-heading\" id=\"cgm-firewall\"><strong><span style=\"color: var(--font-color-blue); font-family: Prompt, Calibri, &quot;Helvetica Neue&quot;, Arial, sans-serif; font-size: var(--font-size-h1); font-weight: var(--font-weight-h1); text-align: center; white-space: normal; background-color: var(--ast-global-color-5);\">CGM Firewall<\/span><\/strong><\/h1>\n\n\n\n<h2 class=\"wp-block-heading\" id=\"der-tursteher-fur-ihre-netzwerk-it\">Der T\u00fcrsteher f\u00fcr Ihre Netzwerk-IT<\/h2>\n\n\n\n<p class=\"has-text-align-justify\">Mit Inkrafttreten der IT-Sicherheitsrichtlinien gem\u00e4\u00df \u00a775b SGB V wurden verbindliche Anforderungen f\u00fcr Arzt- und Zahnarztpraxen sowie Psychotherapiepraxen festgelegt. Diese unterscheiden sich je nach Praxisgr\u00f6\u00dfe und der vorhandenen IT-Infrastruktur. In der Richtlinie wird dabei das Minimum der Ma\u00dfnahmen, die Praxisinhabende ergreifen m\u00fcssen, um die IT-Sicherheit, also die Sicherung der Hard- und Softwareausstattung, zu gew\u00e4hrleisten, beschrieben. Unteranderem f\u00e4llt darunter der Einsatz einer Firewall.<\/p>\n\n\n\n<figure class=\"wp-block-image alignleft size-full\"><a href=\"\/wp-content\/uploads\/2022\/02\/CGMCOM-7026_c1182_BS_ONLINE_Q122.pdf\" target=\"_blank\" rel=\"noopener\"><img loading=\"lazy\" decoding=\"async\" width=\"480\" height=\"270\" src=\"\/wp-content\/uploads\/2022\/02\/Firewall-480x270-1.gif\" alt=\"\" class=\"wp-image-1579\"\/><\/a><\/figure>\n\n\n\n<p class=\"has-text-align-justify\">Die Wege, \u00fcber welche sich Malware in der Netzwerk-IT einnisten kann, sind ebenso vielf\u00e4ltig wie die Arten der Malware selbst (Viren, Trojaner &amp; Phishing). Umso wichtiger ist es, potenzielle Bedrohungen direkt \u201ean der Schwelle\u201c aufzuhalten. Ein wichtiger Bestandteil zum Schutz ist unsere&nbsp;<strong>CGM Firewall<\/strong>: anhand individuell festgelegter Regeln entscheidet sie, was Zutritt erh\u00e4lt und was eben nicht. Sie schr\u00e4nkt Netzwerkzugriffe ein, \u00fcberwacht den Datenverkehr, wehrt Bedrohungen von au\u00dfen ab und verhindert dadurch, dass Daten unbeabsichtigt nach au\u00dfen gelangen.<\/p>\n\n\n\n<p class=\"has-text-align-justify\">Mit unserer&nbsp;<strong>CGM (Managed) Firewall&nbsp;<\/strong>liefern wir nicht nur eine hochmoderne Hardware, sondern k\u00fcmmern uns auch um individuell auf Ihr Netzwerk abgestimmte Einstellungen, sowie eine kontinuierliche und zentrale \u00dcberwachung. Nur so k\u00f6nnen wir h\u00f6chstm\u00f6gliche Sicherheit garantieren \u2013 egal, mit welchem Ger\u00e4t Sie gerade arbeiten.&nbsp;<\/p>\n\n\n\n<p class=\"has-text-align-justify\">Warum eine Managed (Hardware) Firewall? Professionelle Firewall-L\u00f6sungen k\u00f6nnen den ein- und ausgehenden Datenverkehr deutlich genauer steuern, als normale Standardrouter. Diese gelangen sehr schnell an ihre Grenzen und liefern Ihnen nicht den Schutz, welcher im IT-Grundgesetz vorgeschrieben ist.<\/p>\n\n\n\n<p class=\"has-text-align-justify\"><strong>Richtlinienkonform:&nbsp;<\/strong><br>Anforderungserf\u00fcllung gem\u00e4\u00df \u00a775b SGB V und DSGVO-konform.<br>Sofortige Richtlinienkonformit\u00e4t durch individuelle Vorkonfiguration (CGM Template) abstimmbar auf die Bed\u00fcrfnisse Ihrer Institution<\/p>\n\n\n\n<p><strong>Alles aus einer Hand:<\/strong><br>Installation, Service &amp; Support<\/p>\n\n\n\n<p><strong>Installation:<\/strong><br>Verwaltung und Betreuung durch Ihren Dienstleister vor Ort (DVO)<\/p>\n\n\n\n<p><strong>Zentrales datenschutzgerechtes Management:<\/strong><br>Durch automatisches Einspielen von Firmwareupdates &amp; Template-Anpassungen.<\/p>\n\n\n\n<p><strong>Weitere Informationen finden Sie <a href=\"\/wp-content\/uploads\/2022\/02\/CGMCOM-7026_c1182_BS_ONLINE_Q122.pdf\" target=\"_blank\" rel=\"noreferrer noopener\">hier<\/a><\/strong><\/p>\n\n\n\n<p><a href=\"\/wp-content\/uploads\/2022\/05\/CGMCOM-7026_c1197_PROTECT_Portfreischaltung_Firewall_EDIT_1021_KS.pdf\" target=\"_blank\" rel=\"noreferrer noopener\">Antrag zur Freischaltung zus\u00e4tzlicher Kommunikations-Ports<\/a><\/p>\n","protected":false},"excerpt":{"rendered":"<p>CGM Firewall Der T\u00fcrsteher f\u00fcr Ihre Netzwerk-IT Mit Inkrafttreten der IT-Sicherheitsrichtlinien gem\u00e4\u00df \u00a775b SGB V wurden verbindliche Anforderungen f\u00fcr Arzt- und Zahnarztpraxen sowie Psychotherapiepraxen festgelegt. Diese unterscheiden sich je nach Praxisgr\u00f6\u00dfe und der vorhandenen IT-Infrastruktur. In der Richtlinie wird dabei das Minimum der Ma\u00dfnahmen, die Praxisinhabende ergreifen m\u00fcssen, um die IT-Sicherheit, also die Sicherung der [&hellip;]<\/p>\n","protected":false},"author":1,"featured_media":0,"parent":0,"menu_order":0,"comment_status":"closed","ping_status":"closed","template":"","meta":{"_editorskit_title_hidden":true,"_editorskit_reading_time":1,"_editorskit_is_block_options_detached":false,"_editorskit_block_options_position":"{}","_uag_custom_page_level_css":"","site-sidebar-layout":"default","site-content-layout":"","ast-site-content-layout":"default","site-content-style":"default","site-sidebar-style":"default","ast-global-header-display":"","ast-banner-title-visibility":"","ast-main-header-display":"","ast-hfb-above-header-display":"","ast-hfb-below-header-display":"","ast-hfb-mobile-header-display":"","site-post-title":"","ast-breadcrumbs-content":"","ast-featured-img":"","footer-sml-layout":"","ast-disable-related-posts":"","theme-transparent-header-meta":"","adv-header-id-meta":"","stick-header-meta":"","header-above-stick-meta":"","header-main-stick-meta":"","header-below-stick-meta":"","astra-migrate-meta-layouts":"set","ast-page-background-enabled":"default","ast-page-background-meta":{"desktop":{"background-color":"var(--ast-global-color-4)","background-image":"","background-repeat":"repeat","background-position":"center center","background-size":"auto","background-attachment":"scroll","background-type":"","background-media":"","overlay-type":"","overlay-color":"","overlay-opacity":"","overlay-gradient":""},"tablet":{"background-color":"","background-image":"","background-repeat":"repeat","background-position":"center center","background-size":"auto","background-attachment":"scroll","background-type":"","background-media":"","overlay-type":"","overlay-color":"","overlay-opacity":"","overlay-gradient":""},"mobile":{"background-color":"","background-image":"","background-repeat":"repeat","background-position":"center center","background-size":"auto","background-attachment":"scroll","background-type":"","background-media":"","overlay-type":"","overlay-color":"","overlay-opacity":"","overlay-gradient":""}},"ast-content-background-meta":{"desktop":{"background-color":"var(--ast-global-color-5)","background-image":"","background-repeat":"repeat","background-position":"center center","background-size":"auto","background-attachment":"scroll","background-type":"","background-media":"","overlay-type":"","overlay-color":"","overlay-opacity":"","overlay-gradient":""},"tablet":{"background-color":"var(--ast-global-color-5)","background-image":"","background-repeat":"repeat","background-position":"center center","background-size":"auto","background-attachment":"scroll","background-type":"","background-media":"","overlay-type":"","overlay-color":"","overlay-opacity":"","overlay-gradient":""},"mobile":{"background-color":"var(--ast-global-color-5)","background-image":"","background-repeat":"repeat","background-position":"center center","background-size":"auto","background-attachment":"scroll","background-type":"","background-media":"","overlay-type":"","overlay-color":"","overlay-opacity":"","overlay-gradient":""}},"footnotes":""},"class_list":["post-1571","page","type-page","status-publish","hentry"],"uagb_featured_image_src":{"full":false,"thumbnail":false,"medium":false,"medium_large":false,"large":false,"1536x1536":false,"2048x2048":false},"uagb_author_info":{"display_name":"Hans Herget","author_link":"https:\/\/www.compware.de\/?author=1"},"uagb_comment_info":0,"uagb_excerpt":"CGM Firewall Der T\u00fcrsteher f\u00fcr Ihre Netzwerk-IT Mit Inkrafttreten der IT-Sicherheitsrichtlinien gem\u00e4\u00df \u00a775b SGB V wurden verbindliche Anforderungen f\u00fcr Arzt- und Zahnarztpraxen sowie Psychotherapiepraxen festgelegt. Diese unterscheiden sich je nach Praxisgr\u00f6\u00dfe und der vorhandenen IT-Infrastruktur. In der Richtlinie wird dabei das Minimum der Ma\u00dfnahmen, die Praxisinhabende ergreifen m\u00fcssen, um die IT-Sicherheit, also die Sicherung der&hellip;","_links":{"self":[{"href":"https:\/\/www.compware.de\/index.php?rest_route=\/wp\/v2\/pages\/1571","targetHints":{"allow":["GET"]}}],"collection":[{"href":"https:\/\/www.compware.de\/index.php?rest_route=\/wp\/v2\/pages"}],"about":[{"href":"https:\/\/www.compware.de\/index.php?rest_route=\/wp\/v2\/types\/page"}],"author":[{"embeddable":true,"href":"https:\/\/www.compware.de\/index.php?rest_route=\/wp\/v2\/users\/1"}],"replies":[{"embeddable":true,"href":"https:\/\/www.compware.de\/index.php?rest_route=%2Fwp%2Fv2%2Fcomments&post=1571"}],"version-history":[{"count":10,"href":"https:\/\/www.compware.de\/index.php?rest_route=\/wp\/v2\/pages\/1571\/revisions"}],"predecessor-version":[{"id":2338,"href":"https:\/\/www.compware.de\/index.php?rest_route=\/wp\/v2\/pages\/1571\/revisions\/2338"}],"wp:attachment":[{"href":"https:\/\/www.compware.de\/index.php?rest_route=%2Fwp%2Fv2%2Fmedia&parent=1571"}],"curies":[{"name":"wp","href":"https:\/\/api.w.org\/{rel}","templated":true}]}}