{"id":1632,"date":"2022-03-08T07:13:09","date_gmt":"2022-03-08T07:13:09","guid":{"rendered":"https:\/\/compware.de\/?page_id=1632"},"modified":"2024-07-23T09:26:21","modified_gmt":"2024-07-23T09:26:21","slug":"lenovo","status":"publish","type":"page","link":"https:\/\/www.compware.de\/?page_id=1632","title":{"rendered":"Lenovo"},"content":{"rendered":"\n<figure class=\"wp-block-image aligncenter size-large\"><img loading=\"lazy\" decoding=\"async\" width=\"1024\" height=\"341\" src=\"https:\/\/compware.de\/wp-content\/uploads\/2022\/03\/Branding_lenovo-logo_lenovologoposred_low_res-1024x341.png\" alt=\"\" class=\"wp-image-1633\" srcset=\"https:\/\/www.compware.de\/wp-content\/uploads\/2022\/03\/Branding_lenovo-logo_lenovologoposred_low_res-1024x341.png 1024w, https:\/\/www.compware.de\/wp-content\/uploads\/2022\/03\/Branding_lenovo-logo_lenovologoposred_low_res-300x100.png 300w, https:\/\/www.compware.de\/wp-content\/uploads\/2022\/03\/Branding_lenovo-logo_lenovologoposred_low_res-768x256.png 768w, https:\/\/www.compware.de\/wp-content\/uploads\/2022\/03\/Branding_lenovo-logo_lenovologoposred_low_res-1536x512.png 1536w, https:\/\/www.compware.de\/wp-content\/uploads\/2022\/03\/Branding_lenovo-logo_lenovologoposred_low_res.png 1600w\" sizes=\"auto, (max-width: 1024px) 100vw, 1024px\" \/><\/figure>\n\n\n\n<p><\/p>\n\n\n\n<div class=\"wp-block-columns is-layout-flex wp-container-core-columns-is-layout-28f84493 wp-block-columns-is-layout-flex\">\n<div class=\"wp-block-column is-layout-flow wp-block-column-is-layout-flow\">\n<figure class=\"wp-block-image size-large\"><img loading=\"lazy\" decoding=\"async\" width=\"1024\" height=\"636\" src=\"https:\/\/compware.de\/wp-content\/uploads\/2024\/07\/Lenovo-Portfolio-1024x636.jpg\" alt=\"\" class=\"wp-image-2225\" srcset=\"https:\/\/www.compware.de\/wp-content\/uploads\/2024\/07\/Lenovo-Portfolio-1024x636.jpg 1024w, https:\/\/www.compware.de\/wp-content\/uploads\/2024\/07\/Lenovo-Portfolio-300x186.jpg 300w, https:\/\/www.compware.de\/wp-content\/uploads\/2024\/07\/Lenovo-Portfolio-768x477.jpg 768w, https:\/\/www.compware.de\/wp-content\/uploads\/2024\/07\/Lenovo-Portfolio.jpg 1450w\" sizes=\"auto, (max-width: 1024px) 100vw, 1024px\" \/><\/figure>\n<\/div>\n\n\n\n<div class=\"wp-block-column is-layout-flow wp-block-column-is-layout-flow\">\n<p class=\"has-text-align-justify\">Lenovo ist seit Jahren der gr\u00f6\u00dfte Hersteller von PC Systemen weltweit. Die Ger\u00e4te zeichnen sich durch \u00fcberzeugende Leistungsdaten, ansprechendes Design und technische Zuverl\u00e4ssigkeit aus. Gerade bei mobilen Systemen wie Notebooks haben wir uns schon vor Jahren f\u00fcr Lenovo entschieden.<\/p>\n<\/div>\n<\/div>\n\n\n\n<div class=\"wp-block-columns is-layout-flex wp-container-core-columns-is-layout-28f84493 wp-block-columns-is-layout-flex\">\n<div class=\"wp-block-column is-layout-flow wp-block-column-is-layout-flow\">\n<p class=\"has-text-align-justify\">Auch im Desktopbereich bietet Lenovo mit ihren innovativen All-in-One Ger\u00e4ten eine interessante Alternativ zum herk\u00f6mmlichen Desktop System. Diese Systeme wirken nicht nur sehr wertig, sondern sind im t\u00e4glichen Einsatz sehr zweckm\u00e4\u00dfig und platzsparend.<\/p>\n<\/div>\n\n\n\n<div class=\"wp-block-column is-layout-flow wp-block-column-is-layout-flow\">\n<figure class=\"wp-block-image aligncenter size-full\"><img loading=\"lazy\" decoding=\"async\" width=\"1000\" height=\"1000\" src=\"https:\/\/compware.de\/wp-content\/uploads\/2022\/03\/AIO3_27ALC6_Front1.png\" alt=\"\" class=\"wp-image-1635\" srcset=\"https:\/\/www.compware.de\/wp-content\/uploads\/2022\/03\/AIO3_27ALC6_Front1.png 1000w, https:\/\/www.compware.de\/wp-content\/uploads\/2022\/03\/AIO3_27ALC6_Front1-300x300.png 300w, https:\/\/www.compware.de\/wp-content\/uploads\/2022\/03\/AIO3_27ALC6_Front1-150x150.png 150w, https:\/\/www.compware.de\/wp-content\/uploads\/2022\/03\/AIO3_27ALC6_Front1-768x768.png 768w\" sizes=\"auto, (max-width: 1000px) 100vw, 1000px\" \/><\/figure>\n<\/div>\n<\/div>\n\n\n\n<p class=\"has-text-align-center has-vivid-red-color has-text-color\"><strong>Alle Lenovo Systeme verkaufen wir nur mit 3 Jahre vor Ort Garantie<\/strong><\/p>\n\n\n\n<div class=\"wp-block-columns are-vertically-aligned-top is-layout-flex wp-container-core-columns-is-layout-28f84493 wp-block-columns-is-layout-flex\">\n<div class=\"wp-block-column is-vertically-aligned-top is-layout-flow wp-block-column-is-layout-flow\" style=\"flex-basis:100%\"><\/div>\n<\/div>\n","protected":false},"excerpt":{"rendered":"<p>Lenovo ist seit Jahren der gr\u00f6\u00dfte Hersteller von PC Systemen weltweit. Die Ger\u00e4te zeichnen sich durch \u00fcberzeugende Leistungsdaten, ansprechendes Design und technische Zuverl\u00e4ssigkeit aus. Gerade bei mobilen Systemen wie Notebooks haben wir uns schon vor Jahren f\u00fcr Lenovo entschieden. Auch im Desktopbereich bietet Lenovo mit ihren innovativen All-in-One Ger\u00e4ten eine interessante Alternativ zum herk\u00f6mmlichen Desktop [&hellip;]<\/p>\n","protected":false},"author":1,"featured_media":0,"parent":0,"menu_order":0,"comment_status":"closed","ping_status":"closed","template":"","meta":{"_editorskit_title_hidden":true,"_editorskit_reading_time":1,"_editorskit_is_block_options_detached":false,"_editorskit_block_options_position":"{}","_uag_custom_page_level_css":"","site-sidebar-layout":"default","site-content-layout":"","ast-site-content-layout":"default","site-content-style":"default","site-sidebar-style":"default","ast-global-header-display":"","ast-banner-title-visibility":"","ast-main-header-display":"","ast-hfb-above-header-display":"","ast-hfb-below-header-display":"","ast-hfb-mobile-header-display":"","site-post-title":"disabled","ast-breadcrumbs-content":"","ast-featured-img":"","footer-sml-layout":"","ast-disable-related-posts":"","theme-transparent-header-meta":"","adv-header-id-meta":"","stick-header-meta":"","header-above-stick-meta":"","header-main-stick-meta":"","header-below-stick-meta":"","astra-migrate-meta-layouts":"set","ast-page-background-enabled":"default","ast-page-background-meta":{"desktop":{"background-color":"var(--ast-global-color-4)","background-image":"","background-repeat":"repeat","background-position":"center center","background-size":"auto","background-attachment":"scroll","background-type":"","background-media":"","overlay-type":"","overlay-color":"","overlay-opacity":"","overlay-gradient":""},"tablet":{"background-color":"","background-image":"","background-repeat":"repeat","background-position":"center center","background-size":"auto","background-attachment":"scroll","background-type":"","background-media":"","overlay-type":"","overlay-color":"","overlay-opacity":"","overlay-gradient":""},"mobile":{"background-color":"","background-image":"","background-repeat":"repeat","background-position":"center center","background-size":"auto","background-attachment":"scroll","background-type":"","background-media":"","overlay-type":"","overlay-color":"","overlay-opacity":"","overlay-gradient":""}},"ast-content-background-meta":{"desktop":{"background-color":"var(--ast-global-color-5)","background-image":"","background-repeat":"repeat","background-position":"center center","background-size":"auto","background-attachment":"scroll","background-type":"","background-media":"","overlay-type":"","overlay-color":"","overlay-opacity":"","overlay-gradient":""},"tablet":{"background-color":"var(--ast-global-color-5)","background-image":"","background-repeat":"repeat","background-position":"center center","background-size":"auto","background-attachment":"scroll","background-type":"","background-media":"","overlay-type":"","overlay-color":"","overlay-opacity":"","overlay-gradient":""},"mobile":{"background-color":"var(--ast-global-color-5)","background-image":"","background-repeat":"repeat","background-position":"center center","background-size":"auto","background-attachment":"scroll","background-type":"","background-media":"","overlay-type":"","overlay-color":"","overlay-opacity":"","overlay-gradient":""}},"footnotes":""},"class_list":["post-1632","page","type-page","status-publish","hentry"],"uagb_featured_image_src":{"full":false,"thumbnail":false,"medium":false,"medium_large":false,"large":false,"1536x1536":false,"2048x2048":false},"uagb_author_info":{"display_name":"Hans Herget","author_link":"https:\/\/www.compware.de\/?author=1"},"uagb_comment_info":0,"uagb_excerpt":"Lenovo ist seit Jahren der gr\u00f6\u00dfte Hersteller von PC Systemen weltweit. Die Ger\u00e4te zeichnen sich durch \u00fcberzeugende Leistungsdaten, ansprechendes Design und technische Zuverl\u00e4ssigkeit aus. Gerade bei mobilen Systemen wie Notebooks haben wir uns schon vor Jahren f\u00fcr Lenovo entschieden. Auch im Desktopbereich bietet Lenovo mit ihren innovativen All-in-One Ger\u00e4ten eine interessante Alternativ zum herk\u00f6mmlichen Desktop&hellip;","_links":{"self":[{"href":"https:\/\/www.compware.de\/index.php?rest_route=\/wp\/v2\/pages\/1632","targetHints":{"allow":["GET"]}}],"collection":[{"href":"https:\/\/www.compware.de\/index.php?rest_route=\/wp\/v2\/pages"}],"about":[{"href":"https:\/\/www.compware.de\/index.php?rest_route=\/wp\/v2\/types\/page"}],"author":[{"embeddable":true,"href":"https:\/\/www.compware.de\/index.php?rest_route=\/wp\/v2\/users\/1"}],"replies":[{"embeddable":true,"href":"https:\/\/www.compware.de\/index.php?rest_route=%2Fwp%2Fv2%2Fcomments&post=1632"}],"version-history":[{"count":2,"href":"https:\/\/www.compware.de\/index.php?rest_route=\/wp\/v2\/pages\/1632\/revisions"}],"predecessor-version":[{"id":2226,"href":"https:\/\/www.compware.de\/index.php?rest_route=\/wp\/v2\/pages\/1632\/revisions\/2226"}],"wp:attachment":[{"href":"https:\/\/www.compware.de\/index.php?rest_route=%2Fwp%2Fv2%2Fmedia&parent=1632"}],"curies":[{"name":"wp","href":"https:\/\/api.w.org\/{rel}","templated":true}]}}