{"id":1696,"date":"2022-03-23T10:09:33","date_gmt":"2022-03-23T10:09:33","guid":{"rendered":"https:\/\/compware.de\/?page_id=1696"},"modified":"2024-10-09T17:03:14","modified_gmt":"2024-10-09T15:03:14","slug":"auerswald-telefonanlagen","status":"publish","type":"page","link":"https:\/\/www.compware.de\/?page_id=1696","title":{"rendered":"Auerswald Telefonanlagen"},"content":{"rendered":"\n<h1 class=\"wp-block-heading\"><strong>Auerswald Telefonanlagen<\/strong><\/h1>\n\n\n\n<figure class=\"wp-block-image alignleft size-full is-resized\"><img loading=\"lazy\" decoding=\"async\" width=\"800\" height=\"440\" src=\"\/wp-content\/uploads\/2022\/03\/auerswald_telefonanlagen.jpg\" alt=\"\" class=\"wp-image-1699\" style=\"width:470px;height:auto\" srcset=\"https:\/\/www.compware.de\/wp-content\/uploads\/2022\/03\/auerswald_telefonanlagen.jpg 800w, https:\/\/www.compware.de\/wp-content\/uploads\/2022\/03\/auerswald_telefonanlagen-300x165.jpg 300w, https:\/\/www.compware.de\/wp-content\/uploads\/2022\/03\/auerswald_telefonanlagen-768x422.jpg 768w\" sizes=\"auto, (max-width: 800px) 100vw, 800px\" \/><\/figure>\n\n\n\n<p class=\"has-text-align-justify\">Bei der Telefonie haben wir uns f\u00fcr den deutschen Hersteller Auerswald entschieden. Gerade im Zeitalter von VOIP wachsen Netzwerksysteme um die Komponente Telefonie. Hier ist Auerswald sehr gut und zuverl\u00e4ssig.<\/p>\n\n\n\n<p class=\"has-text-align-justify\">Auerswald bietet Qualit\u00e4tsl\u00f6sungen &#8222;Made in Germany&#8220; f\u00fcr Ihre Kommunikationsbed\u00fcrfnisse. So sind ma\u00dfgeschneiderte Kommunikationssysteme bis zu 112 Teilnehmer m\u00f6glich.<\/p>\n\n\n\n<p class=\"has-text-align-justify\">Auch die Telefonie im Homeoffice wird immer wichtiger. Eine Rufumleitung auf ein privates Telefon stellt dabei nur eine Notl\u00f6sung mit vielen Nachteilen dar. Aktuelle TK-Systeme erm\u00f6glichen in vielen F\u00e4llen die Anbindungen von Systemtelefonen (Hard- oder Softphones) oder die Anbindung von Smartphones. Auch im Au\u00dfendienst und auf Reisen sind diese L\u00f6sungen eine optimale Erg\u00e4nzung. Eine Umsetzung ist oft schnell und sehr kosteng\u00fcnstig m\u00f6glich.<\/p>\n\n\n\n<p>Nat\u00fcrlich bieten wir f\u00fcr von uns installierte Auerswald Systeme Servicevertr\u00e4ge an.<\/p>\n","protected":false},"excerpt":{"rendered":"<p>Auerswald Telefonanlagen Bei der Telefonie haben wir uns f\u00fcr den deutschen Hersteller Auerswald entschieden. Gerade im Zeitalter von VOIP wachsen Netzwerksysteme um die Komponente Telefonie. Hier ist Auerswald sehr gut und zuverl\u00e4ssig. Auerswald bietet Qualit\u00e4tsl\u00f6sungen &#8222;Made in Germany&#8220; f\u00fcr Ihre Kommunikationsbed\u00fcrfnisse. So sind ma\u00dfgeschneiderte Kommunikationssysteme bis zu 112 Teilnehmer m\u00f6glich. Auch die Telefonie im Homeoffice [&hellip;]<\/p>\n","protected":false},"author":1,"featured_media":0,"parent":0,"menu_order":0,"comment_status":"closed","ping_status":"closed","template":"","meta":{"_editorskit_title_hidden":true,"_editorskit_reading_time":1,"_editorskit_is_block_options_detached":false,"_editorskit_block_options_position":"{}","_uag_custom_page_level_css":"","site-sidebar-layout":"default","site-content-layout":"","ast-site-content-layout":"default","site-content-style":"default","site-sidebar-style":"default","ast-global-header-display":"","ast-banner-title-visibility":"","ast-main-header-display":"","ast-hfb-above-header-display":"","ast-hfb-below-header-display":"","ast-hfb-mobile-header-display":"","site-post-title":"","ast-breadcrumbs-content":"","ast-featured-img":"","footer-sml-layout":"","ast-disable-related-posts":"","theme-transparent-header-meta":"","adv-header-id-meta":"","stick-header-meta":"","header-above-stick-meta":"","header-main-stick-meta":"","header-below-stick-meta":"","astra-migrate-meta-layouts":"set","ast-page-background-enabled":"default","ast-page-background-meta":{"desktop":{"background-color":"var(--ast-global-color-4)","background-image":"","background-repeat":"repeat","background-position":"center center","background-size":"auto","background-attachment":"scroll","background-type":"","background-media":"","overlay-type":"","overlay-color":"","overlay-opacity":"","overlay-gradient":""},"tablet":{"background-color":"","background-image":"","background-repeat":"repeat","background-position":"center center","background-size":"auto","background-attachment":"scroll","background-type":"","background-media":"","overlay-type":"","overlay-color":"","overlay-opacity":"","overlay-gradient":""},"mobile":{"background-color":"","background-image":"","background-repeat":"repeat","background-position":"center center","background-size":"auto","background-attachment":"scroll","background-type":"","background-media":"","overlay-type":"","overlay-color":"","overlay-opacity":"","overlay-gradient":""}},"ast-content-background-meta":{"desktop":{"background-color":"var(--ast-global-color-5)","background-image":"","background-repeat":"repeat","background-position":"center center","background-size":"auto","background-attachment":"scroll","background-type":"","background-media":"","overlay-type":"","overlay-color":"","overlay-opacity":"","overlay-gradient":""},"tablet":{"background-color":"var(--ast-global-color-5)","background-image":"","background-repeat":"repeat","background-position":"center center","background-size":"auto","background-attachment":"scroll","background-type":"","background-media":"","overlay-type":"","overlay-color":"","overlay-opacity":"","overlay-gradient":""},"mobile":{"background-color":"var(--ast-global-color-5)","background-image":"","background-repeat":"repeat","background-position":"center center","background-size":"auto","background-attachment":"scroll","background-type":"","background-media":"","overlay-type":"","overlay-color":"","overlay-opacity":"","overlay-gradient":""}},"footnotes":""},"class_list":["post-1696","page","type-page","status-publish","hentry"],"uagb_featured_image_src":{"full":false,"thumbnail":false,"medium":false,"medium_large":false,"large":false,"1536x1536":false,"2048x2048":false},"uagb_author_info":{"display_name":"Hans Herget","author_link":"https:\/\/www.compware.de\/?author=1"},"uagb_comment_info":0,"uagb_excerpt":"Auerswald Telefonanlagen Bei der Telefonie haben wir uns f\u00fcr den deutschen Hersteller Auerswald entschieden. Gerade im Zeitalter von VOIP wachsen Netzwerksysteme um die Komponente Telefonie. Hier ist Auerswald sehr gut und zuverl\u00e4ssig. Auerswald bietet Qualit\u00e4tsl\u00f6sungen &#8222;Made in Germany&#8220; f\u00fcr Ihre Kommunikationsbed\u00fcrfnisse. So sind ma\u00dfgeschneiderte Kommunikationssysteme bis zu 112 Teilnehmer m\u00f6glich. Auch die Telefonie im Homeoffice&hellip;","_links":{"self":[{"href":"https:\/\/www.compware.de\/index.php?rest_route=\/wp\/v2\/pages\/1696","targetHints":{"allow":["GET"]}}],"collection":[{"href":"https:\/\/www.compware.de\/index.php?rest_route=\/wp\/v2\/pages"}],"about":[{"href":"https:\/\/www.compware.de\/index.php?rest_route=\/wp\/v2\/types\/page"}],"author":[{"embeddable":true,"href":"https:\/\/www.compware.de\/index.php?rest_route=\/wp\/v2\/users\/1"}],"replies":[{"embeddable":true,"href":"https:\/\/www.compware.de\/index.php?rest_route=%2Fwp%2Fv2%2Fcomments&post=1696"}],"version-history":[{"count":11,"href":"https:\/\/www.compware.de\/index.php?rest_route=\/wp\/v2\/pages\/1696\/revisions"}],"predecessor-version":[{"id":2276,"href":"https:\/\/www.compware.de\/index.php?rest_route=\/wp\/v2\/pages\/1696\/revisions\/2276"}],"wp:attachment":[{"href":"https:\/\/www.compware.de\/index.php?rest_route=%2Fwp%2Fv2%2Fmedia&parent=1696"}],"curies":[{"name":"wp","href":"https:\/\/api.w.org\/{rel}","templated":true}]}}