{"id":2148,"date":"2024-04-06T12:27:08","date_gmt":"2024-04-06T12:27:08","guid":{"rendered":"https:\/\/compware.de\/?page_id=2148"},"modified":"2024-11-27T14:30:59","modified_gmt":"2024-11-27T13:30:59","slug":"nachhaltigkeit","status":"publish","type":"page","link":"https:\/\/www.compware.de\/?page_id=2148","title":{"rendered":"Nachhaltigkeit"},"content":{"rendered":"\n<div class=\"wp-block-columns is-layout-flex wp-container-core-columns-is-layout-28f84493 wp-block-columns-is-layout-flex\">\n<div class=\"wp-block-column is-layout-flow wp-block-column-is-layout-flow\">\n<h1 class=\"wp-block-heading\"><strong>Nachhaltigkeit<\/strong><\/h1>\n<\/div>\n\n\n\n<div class=\"wp-block-column is-layout-flow wp-block-column-is-layout-flow\">\n<figure class=\"wp-block-image alignright size-full is-resized\"><img loading=\"lazy\" decoding=\"async\" width=\"1024\" height=\"731\" src=\"https:\/\/www.compware.de\/wp-content\/uploads\/2024\/04\/umweltzeichen-umweltsiegel-1.gif\" alt=\"\" class=\"wp-image-2182\" style=\"width:88px;height:auto\"\/><\/figure>\n<\/div>\n<\/div>\n\n\n\n<p><\/p>\n\n\n\n<p>Schon seit Beginn der Gesch\u00e4ftst\u00e4tigkeit besch\u00e4ftigt sich CompWare mit dem nachhaltigen Umgang der gegebenen Resourcen.<\/p>\n\n\n\n<p>Dazu geh\u00f6ren der Einsatz von energieeffizienten Ger\u00e4ten, mit wenig Emissionen wie L\u00e4rm und Abw\u00e4rme, wie auch die Entsorgung von Altger\u00e4ten, um die wieder verwendbaren Rohstoffe dem Recycling Kreislauf zuzuf\u00fchren.<\/p>\n\n\n\n<p>Auch wird schon sehr fr\u00fch versucht, viele Arbeiten remote per Fernwartungssystemen durchzuf\u00fchren, nat\u00fcrlich unter Beachtung aller sicherheitsrelevanten Ma\u00dfnahmen. Damit wird oft nicht nur Aufwand und Mitarbeiterzeit gespart, sondern auch eine signifikante Verringerung des CO\u00b2 Fu\u00dfabdrucks erzeugt. Dieses remote Arbeiten macht mittlerweile gut 75% unserer Dienstleistungen aus. Weder f\u00fcr technische Arbeiten noch f\u00fcr Schulungsma\u00dfnahmen ist ein Besuch tats\u00e4chlich notwendig. Nat\u00fcrlich kann man Besuche beim Kunden nicht vollst\u00e4ndig vermeiden und will man auch nicht.<\/p>\n\n\n\n<p>Ist ein Vor-Ort Einsatz notwendig, achten wir nat\u00fcrlich auch auf Nachhaltigkeit. Unsere Dienstwagen sind E-Autos, die wir nat\u00fcrlich an der eigenen Solaranlage auf unserem Haus laden. Selbstverst\u00e4ndlich versorgt diese PV Anlage auch unser Haus mit elektrischer Energie.<\/p>\n\n\n\n<section class=\"wp-block-uagb-columns uagb-columns__wrap uagb-columns__background-none uagb-columns__stack-mobile uagb-columns__valign- uagb-columns__gap-10 align uagb-block-fe05f2e9 uagb-columns__columns-2 uagb-columns__max_width-theme\"><div class=\"uagb-columns__overlay\"><\/div><div class=\"uagb-columns__inner-wrap uagb-columns__columns-2\">\n<div class=\"wp-block-uagb-column uagb-column__wrap uagb-column__background-undefined uagb-block-0a7dd509\"><div class=\"uagb-column__overlay\"><\/div>\n<figure class=\"wp-block-image size-large\"><img loading=\"lazy\" decoding=\"async\" width=\"1024\" height=\"576\" src=\"https:\/\/compware.de\/wp-content\/uploads\/2024\/04\/DJI_0428-1024x576.jpg\" alt=\"\" class=\"wp-image-2149\" srcset=\"https:\/\/www.compware.de\/wp-content\/uploads\/2024\/04\/DJI_0428-1024x576.jpg 1024w, https:\/\/www.compware.de\/wp-content\/uploads\/2024\/04\/DJI_0428-300x169.jpg 300w, https:\/\/www.compware.de\/wp-content\/uploads\/2024\/04\/DJI_0428-768x432.jpg 768w, https:\/\/www.compware.de\/wp-content\/uploads\/2024\/04\/DJI_0428-1536x864.jpg 1536w, https:\/\/www.compware.de\/wp-content\/uploads\/2024\/04\/DJI_0428-2048x1152.jpg 2048w\" sizes=\"auto, (max-width: 1024px) 100vw, 1024px\" \/><\/figure>\n<\/div>\n\n\n\n<div class=\"wp-block-uagb-column uagb-column__wrap uagb-column__background-undefined uagb-block-0e3d8e20\"><div class=\"uagb-column__overlay\"><\/div>\n<figure class=\"wp-block-image size-large\"><img loading=\"lazy\" decoding=\"async\" width=\"1024\" height=\"576\" src=\"https:\/\/compware.de\/wp-content\/uploads\/2024\/04\/DJI_0456-1024x576.jpg\" alt=\"\" class=\"wp-image-2151\" srcset=\"https:\/\/www.compware.de\/wp-content\/uploads\/2024\/04\/DJI_0456-1024x576.jpg 1024w, https:\/\/www.compware.de\/wp-content\/uploads\/2024\/04\/DJI_0456-300x169.jpg 300w, https:\/\/www.compware.de\/wp-content\/uploads\/2024\/04\/DJI_0456-768x432.jpg 768w, https:\/\/www.compware.de\/wp-content\/uploads\/2024\/04\/DJI_0456-1536x864.jpg 1536w, https:\/\/www.compware.de\/wp-content\/uploads\/2024\/04\/DJI_0456-2048x1152.jpg 2048w\" sizes=\"auto, (max-width: 1024px) 100vw, 1024px\" \/><\/figure>\n<\/div>\n<\/div><\/section>\n","protected":false},"excerpt":{"rendered":"<p>Nachhaltigkeit Schon seit Beginn der Gesch\u00e4ftst\u00e4tigkeit besch\u00e4ftigt sich CompWare mit dem nachhaltigen Umgang der gegebenen Resourcen. Dazu geh\u00f6ren der Einsatz von energieeffizienten Ger\u00e4ten, mit wenig Emissionen wie L\u00e4rm und Abw\u00e4rme, wie auch die Entsorgung von Altger\u00e4ten, um die wieder verwendbaren Rohstoffe dem Recycling Kreislauf zuzuf\u00fchren. Auch wird schon sehr fr\u00fch versucht, viele Arbeiten remote per [&hellip;]<\/p>\n","protected":false},"author":1,"featured_media":0,"parent":0,"menu_order":0,"comment_status":"closed","ping_status":"closed","template":"","meta":{"_editorskit_title_hidden":true,"_editorskit_reading_time":0,"_editorskit_is_block_options_detached":false,"_editorskit_block_options_position":"{}","_uag_custom_page_level_css":"","site-sidebar-layout":"default","site-content-layout":"","ast-site-content-layout":"default","site-content-style":"default","site-sidebar-style":"default","ast-global-header-display":"","ast-banner-title-visibility":"","ast-main-header-display":"","ast-hfb-above-header-display":"","ast-hfb-below-header-display":"","ast-hfb-mobile-header-display":"","site-post-title":"disabled","ast-breadcrumbs-content":"","ast-featured-img":"","footer-sml-layout":"","ast-disable-related-posts":"","theme-transparent-header-meta":"","adv-header-id-meta":"","stick-header-meta":"","header-above-stick-meta":"","header-main-stick-meta":"","header-below-stick-meta":"","astra-migrate-meta-layouts":"set","ast-page-background-enabled":"default","ast-page-background-meta":{"desktop":{"background-color":"var(--ast-global-color-4)","background-image":"","background-repeat":"repeat","background-position":"center center","background-size":"auto","background-attachment":"scroll","background-type":"","background-media":"","overlay-type":"","overlay-color":"","overlay-opacity":"","overlay-gradient":""},"tablet":{"background-color":"","background-image":"","background-repeat":"repeat","background-position":"center center","background-size":"auto","background-attachment":"scroll","background-type":"","background-media":"","overlay-type":"","overlay-color":"","overlay-opacity":"","overlay-gradient":""},"mobile":{"background-color":"","background-image":"","background-repeat":"repeat","background-position":"center center","background-size":"auto","background-attachment":"scroll","background-type":"","background-media":"","overlay-type":"","overlay-color":"","overlay-opacity":"","overlay-gradient":""}},"ast-content-background-meta":{"desktop":{"background-color":"var(--ast-global-color-5)","background-image":"","background-repeat":"repeat","background-position":"center center","background-size":"auto","background-attachment":"scroll","background-type":"","background-media":"","overlay-type":"","overlay-color":"","overlay-opacity":"","overlay-gradient":""},"tablet":{"background-color":"var(--ast-global-color-5)","background-image":"","background-repeat":"repeat","background-position":"center center","background-size":"auto","background-attachment":"scroll","background-type":"","background-media":"","overlay-type":"","overlay-color":"","overlay-opacity":"","overlay-gradient":""},"mobile":{"background-color":"var(--ast-global-color-5)","background-image":"","background-repeat":"repeat","background-position":"center center","background-size":"auto","background-attachment":"scroll","background-type":"","background-media":"","overlay-type":"","overlay-color":"","overlay-opacity":"","overlay-gradient":""}},"footnotes":""},"class_list":["post-2148","page","type-page","status-publish","hentry"],"uagb_featured_image_src":{"full":false,"thumbnail":false,"medium":false,"medium_large":false,"large":false,"1536x1536":false,"2048x2048":false},"uagb_author_info":{"display_name":"Hans Herget","author_link":"https:\/\/www.compware.de\/?author=1"},"uagb_comment_info":0,"uagb_excerpt":"Nachhaltigkeit Schon seit Beginn der Gesch\u00e4ftst\u00e4tigkeit besch\u00e4ftigt sich CompWare mit dem nachhaltigen Umgang der gegebenen Resourcen. Dazu geh\u00f6ren der Einsatz von energieeffizienten Ger\u00e4ten, mit wenig Emissionen wie L\u00e4rm und Abw\u00e4rme, wie auch die Entsorgung von Altger\u00e4ten, um die wieder verwendbaren Rohstoffe dem Recycling Kreislauf zuzuf\u00fchren. Auch wird schon sehr fr\u00fch versucht, viele Arbeiten remote per&hellip;","_links":{"self":[{"href":"https:\/\/www.compware.de\/index.php?rest_route=\/wp\/v2\/pages\/2148","targetHints":{"allow":["GET"]}}],"collection":[{"href":"https:\/\/www.compware.de\/index.php?rest_route=\/wp\/v2\/pages"}],"about":[{"href":"https:\/\/www.compware.de\/index.php?rest_route=\/wp\/v2\/types\/page"}],"author":[{"embeddable":true,"href":"https:\/\/www.compware.de\/index.php?rest_route=\/wp\/v2\/users\/1"}],"replies":[{"embeddable":true,"href":"https:\/\/www.compware.de\/index.php?rest_route=%2Fwp%2Fv2%2Fcomments&post=2148"}],"version-history":[{"count":8,"href":"https:\/\/www.compware.de\/index.php?rest_route=\/wp\/v2\/pages\/2148\/revisions"}],"predecessor-version":[{"id":2382,"href":"https:\/\/www.compware.de\/index.php?rest_route=\/wp\/v2\/pages\/2148\/revisions\/2382"}],"wp:attachment":[{"href":"https:\/\/www.compware.de\/index.php?rest_route=%2Fwp%2Fv2%2Fmedia&parent=2148"}],"curies":[{"name":"wp","href":"https:\/\/api.w.org\/{rel}","templated":true}]}}