{"id":24,"date":"2019-01-11T14:40:32","date_gmt":"2019-01-11T14:40:32","guid":{"rendered":"http:\/\/compware.de\/?page_id=24"},"modified":"2022-02-07T16:03:11","modified_gmt":"2022-02-07T16:03:11","slug":"24-2","status":"publish","type":"page","link":"https:\/\/www.compware.de\/?page_id=24","title":{"rendered":"Beratung"},"content":{"rendered":"\n<h1 class=\"wp-block-heading\" id=\"was-zeichnet-die-beratung-durch-compware-aus\"><strong>Was zeichnet die Beratung durch CompWare aus?<\/strong><\/h1>\n\n\n\n<p class=\"has-text-align-justify\">Der Wert einer EDV steigt mit dem Grad der Integration und der Vernetzung. Nur wenn dies schon bei der Konzeption ber\u00fccksichtigt wird, ist der Nutzen optimal. Eine durchdachte Netzwerkstruktur ist nicht nur eine technische Verbindung mehrerer Rechner, sondern erst die Integration und Verteilung der einzelnen Dienste macht ein effizientes Netzwerk aus.<\/p>\n\n\n\n<p class=\"has-text-align-justify\">Ein Netzwerk endet in der heutigen Zeit auch nicht an der &#8222;Haust\u00fcr&#8220;. Die Implementierung von modernen Kommunikationsl\u00f6sungen unter Ber\u00fccksichtigung von h\u00f6chsten Sicherheits- vorkehrungen erst bringt dem Anwender den erwarteten Nutzen.<\/p>\n\n\n\n<p class=\"has-text-align-justify\">Kommunikationsl\u00f6sungen beginnen mit einfachen Netzwerkfaxl\u00f6sungen und enden bei virtuellen privaten Netzwerken \u00fcber das Internet. Erst mit Umsetzung dieser Techniken sind L\u00f6sungen von Internetzugriff bis hin zu Zugriff von entfernten Arbeitspl\u00e4tzen auf die Netzwerkresourcen m\u00f6glich.<\/p>\n\n\n\n<p class=\"has-text-align-justify\">Ein weiterer Schwerpunkt unserer Beratung liegt in der Planung und Einf\u00fchrung von EDV Systemen in Arztpraxen. Hierbei sind spezielle Anforderungen f\u00fcr diesen Markt zu ber\u00fccksichtigen. Durch die Erfahrung von mehr als 1000 Installationen in diesem Umfeld sind wir in der Lage, f\u00fcr jede Anforderung die optimale L\u00f6sung zu projektieren.<\/p>\n\n\n\n<p class=\"has-text-align-justify\">CompWare zeichnet sich durch eine umfassende Beratung und Betreuung mit \u00fcber 30 j\u00e4hrigen Erfahrung aus. Heute ist ein stabiles Netzwerk die Grundlage Ihrer Praxis oder Ihres Unternehmens. Doch nach dem Vertrieb endet unsere Beratung nicht. Wir konzipieren unsere Netzwerke so, dass Sie stets ausbauf\u00e4hig sind. Und vor allem betreuen wir Sie auch noch nach dem Kauf!<\/p>\n\n\n\n<p>Wir sind f\u00fcr Sie da\u2026<\/p>\n","protected":false},"excerpt":{"rendered":"<p>Was zeichnet die Beratung durch CompWare aus? Der Wert einer EDV steigt mit dem Grad der Integration und der Vernetzung. Nur wenn dies schon bei der Konzeption ber\u00fccksichtigt wird, ist der Nutzen optimal. Eine durchdachte Netzwerkstruktur ist nicht nur eine technische Verbindung mehrerer Rechner, sondern erst die Integration und Verteilung der einzelnen Dienste macht ein [&hellip;]<\/p>\n","protected":false},"author":1,"featured_media":0,"parent":0,"menu_order":0,"comment_status":"closed","ping_status":"closed","template":"showcase.php","meta":{"_editorskit_title_hidden":true,"_editorskit_reading_time":1,"_editorskit_is_block_options_detached":false,"_editorskit_block_options_position":"{}","_uag_custom_page_level_css":"","site-sidebar-layout":"default","site-content-layout":"","ast-site-content-layout":"default","site-content-style":"default","site-sidebar-style":"default","ast-global-header-display":"","ast-banner-title-visibility":"","ast-main-header-display":"","ast-hfb-above-header-display":"","ast-hfb-below-header-display":"","ast-hfb-mobile-header-display":"","site-post-title":"","ast-breadcrumbs-content":"","ast-featured-img":"","footer-sml-layout":"","ast-disable-related-posts":"","theme-transparent-header-meta":"","adv-header-id-meta":"","stick-header-meta":"","header-above-stick-meta":"","header-main-stick-meta":"","header-below-stick-meta":"","astra-migrate-meta-layouts":"default","ast-page-background-enabled":"default","ast-page-background-meta":{"desktop":{"background-color":"var(--ast-global-color-4)","background-image":"","background-repeat":"repeat","background-position":"center center","background-size":"auto","background-attachment":"scroll","background-type":"","background-media":"","overlay-type":"","overlay-color":"","overlay-opacity":"","overlay-gradient":""},"tablet":{"background-color":"","background-image":"","background-repeat":"repeat","background-position":"center center","background-size":"auto","background-attachment":"scroll","background-type":"","background-media":"","overlay-type":"","overlay-color":"","overlay-opacity":"","overlay-gradient":""},"mobile":{"background-color":"","background-image":"","background-repeat":"repeat","background-position":"center center","background-size":"auto","background-attachment":"scroll","background-type":"","background-media":"","overlay-type":"","overlay-color":"","overlay-opacity":"","overlay-gradient":""}},"ast-content-background-meta":{"desktop":{"background-color":"var(--ast-global-color-5)","background-image":"","background-repeat":"repeat","background-position":"center center","background-size":"auto","background-attachment":"scroll","background-type":"","background-media":"","overlay-type":"","overlay-color":"","overlay-opacity":"","overlay-gradient":""},"tablet":{"background-color":"var(--ast-global-color-5)","background-image":"","background-repeat":"repeat","background-position":"center center","background-size":"auto","background-attachment":"scroll","background-type":"","background-media":"","overlay-type":"","overlay-color":"","overlay-opacity":"","overlay-gradient":""},"mobile":{"background-color":"var(--ast-global-color-5)","background-image":"","background-repeat":"repeat","background-position":"center center","background-size":"auto","background-attachment":"scroll","background-type":"","background-media":"","overlay-type":"","overlay-color":"","overlay-opacity":"","overlay-gradient":""}},"footnotes":""},"class_list":["post-24","page","type-page","status-publish","hentry"],"uagb_featured_image_src":{"full":false,"thumbnail":false,"medium":false,"medium_large":false,"large":false,"1536x1536":false,"2048x2048":false},"uagb_author_info":{"display_name":"Hans Herget","author_link":"https:\/\/www.compware.de\/?author=1"},"uagb_comment_info":0,"uagb_excerpt":"Was zeichnet die Beratung durch CompWare aus? Der Wert einer EDV steigt mit dem Grad der Integration und der Vernetzung. Nur wenn dies schon bei der Konzeption ber\u00fccksichtigt wird, ist der Nutzen optimal. Eine durchdachte Netzwerkstruktur ist nicht nur eine technische Verbindung mehrerer Rechner, sondern erst die Integration und Verteilung der einzelnen Dienste macht ein&hellip;","_links":{"self":[{"href":"https:\/\/www.compware.de\/index.php?rest_route=\/wp\/v2\/pages\/24","targetHints":{"allow":["GET"]}}],"collection":[{"href":"https:\/\/www.compware.de\/index.php?rest_route=\/wp\/v2\/pages"}],"about":[{"href":"https:\/\/www.compware.de\/index.php?rest_route=\/wp\/v2\/types\/page"}],"author":[{"embeddable":true,"href":"https:\/\/www.compware.de\/index.php?rest_route=\/wp\/v2\/users\/1"}],"replies":[{"embeddable":true,"href":"https:\/\/www.compware.de\/index.php?rest_route=%2Fwp%2Fv2%2Fcomments&post=24"}],"version-history":[{"count":19,"href":"https:\/\/www.compware.de\/index.php?rest_route=\/wp\/v2\/pages\/24\/revisions"}],"predecessor-version":[{"id":1173,"href":"https:\/\/www.compware.de\/index.php?rest_route=\/wp\/v2\/pages\/24\/revisions\/1173"}],"wp:attachment":[{"href":"https:\/\/www.compware.de\/index.php?rest_route=%2Fwp%2Fv2%2Fmedia&parent=24"}],"curies":[{"name":"wp","href":"https:\/\/api.w.org\/{rel}","templated":true}]}}