{"id":242,"date":"2022-01-27T12:46:55","date_gmt":"2022-01-27T12:46:55","guid":{"rendered":"http:\/\/compware.de\/?page_id=242"},"modified":"2022-02-12T12:37:09","modified_gmt":"2022-02-12T12:37:09","slug":"schulungen","status":"publish","type":"page","link":"https:\/\/www.compware.de\/?page_id=242","title":{"rendered":"Support"},"content":{"rendered":"\n<h1 class=\"wp-block-heading\" id=\"support\"><strong>Support<\/strong><\/h1>\n\n\n\n<p class=\"has-text-align-justify\">Einen Schwerpunkt der Firmenphilosophie sieht&nbsp;<strong>CompWare<\/strong>&nbsp;im Dienstleistungsbereich. <br>Ein Team von versierten&nbsp;<strong>Servicetechnikern&nbsp;<\/strong>steht sowohl in der eigenen Servicewerkstatt, im Fernzugriff mit sicheren Fernwartungssystemen als auch vor Ort beim Kunden zur Verf\u00fcgung. Die Techniker werden regelm\u00e4\u00dfig geschult, um den st\u00e4ndig steigenden Anforderungen im Servicebereich gerecht zu werden.&nbsp;<strong>CompWare<\/strong>&nbsp;bietet f\u00fcr jeden Anwender den passenden Service von Bring-In-Reparatur-Service bis hin zum Vor-Ort-Service mit einer Reaktionszeit von weniger als 4 Stunden.<\/p>\n\n\n\n<p class=\"has-text-align-justify\">Dar\u00fcber hinaus steht f\u00fcr Kunden eine\u00a0<strong>Hotline<\/strong>\u00a0f\u00fcr Anwenderfragen, technische Unterst\u00fctzung und Serviceauftragsannahme in der Zeit von 8 bis 17 Uhr zur Verf\u00fcgung.<\/p>\n\n\n\n<p>Neben der telefonischen Hotline steht Kunden mit Servicevertrag auch ein Anrufbeantworter mit R\u00fcckruf zur Verf\u00fcgung.<\/p>\n\n\n\n<p class=\"has-text-align-justify\">Unser Team steht Ihnen sowohl telefonisch, wie auch vor Ort f\u00fcr Fortbildungsma\u00dfnahmen und Schulungen zur Verf\u00fcgung. <br>Unser Supportteam wird regelm\u00e4\u00dfig geschult und bietet in den Seminaren, Workshops und Schulungen im Haus, vor Ort und auch Online einen maximalen Praxisbezug.<\/p>\n\n\n\n<p>Sie erhalten so, eine Rund-um-Versorgung aus einer Hand&#8230;<\/p>\n","protected":false},"excerpt":{"rendered":"<p>Support Einen Schwerpunkt der Firmenphilosophie sieht&nbsp;CompWare&nbsp;im Dienstleistungsbereich. Ein Team von versierten&nbsp;Servicetechnikern&nbsp;steht sowohl in der eigenen Servicewerkstatt, im Fernzugriff mit sicheren Fernwartungssystemen als auch vor Ort beim Kunden zur Verf\u00fcgung. Die Techniker werden regelm\u00e4\u00dfig geschult, um den st\u00e4ndig steigenden Anforderungen im Servicebereich gerecht zu werden.&nbsp;CompWare&nbsp;bietet f\u00fcr jeden Anwender den passenden Service von Bring-In-Reparatur-Service bis hin zum [&hellip;]<\/p>\n","protected":false},"author":2,"featured_media":0,"parent":0,"menu_order":0,"comment_status":"closed","ping_status":"closed","template":"","meta":{"_editorskit_title_hidden":true,"_editorskit_reading_time":1,"_editorskit_is_block_options_detached":false,"_editorskit_block_options_position":"{}","_uag_custom_page_level_css":"","site-sidebar-layout":"default","site-content-layout":"","ast-site-content-layout":"default","site-content-style":"default","site-sidebar-style":"default","ast-global-header-display":"","ast-banner-title-visibility":"","ast-main-header-display":"","ast-hfb-above-header-display":"","ast-hfb-below-header-display":"","ast-hfb-mobile-header-display":"","site-post-title":"","ast-breadcrumbs-content":"","ast-featured-img":"","footer-sml-layout":"","ast-disable-related-posts":"","theme-transparent-header-meta":"","adv-header-id-meta":"","stick-header-meta":"","header-above-stick-meta":"","header-main-stick-meta":"","header-below-stick-meta":"","astra-migrate-meta-layouts":"default","ast-page-background-enabled":"default","ast-page-background-meta":{"desktop":{"background-color":"var(--ast-global-color-4)","background-image":"","background-repeat":"repeat","background-position":"center center","background-size":"auto","background-attachment":"scroll","background-type":"","background-media":"","overlay-type":"","overlay-color":"","overlay-opacity":"","overlay-gradient":""},"tablet":{"background-color":"","background-image":"","background-repeat":"repeat","background-position":"center center","background-size":"auto","background-attachment":"scroll","background-type":"","background-media":"","overlay-type":"","overlay-color":"","overlay-opacity":"","overlay-gradient":""},"mobile":{"background-color":"","background-image":"","background-repeat":"repeat","background-position":"center center","background-size":"auto","background-attachment":"scroll","background-type":"","background-media":"","overlay-type":"","overlay-color":"","overlay-opacity":"","overlay-gradient":""}},"ast-content-background-meta":{"desktop":{"background-color":"var(--ast-global-color-5)","background-image":"","background-repeat":"repeat","background-position":"center center","background-size":"auto","background-attachment":"scroll","background-type":"","background-media":"","overlay-type":"","overlay-color":"","overlay-opacity":"","overlay-gradient":""},"tablet":{"background-color":"var(--ast-global-color-5)","background-image":"","background-repeat":"repeat","background-position":"center center","background-size":"auto","background-attachment":"scroll","background-type":"","background-media":"","overlay-type":"","overlay-color":"","overlay-opacity":"","overlay-gradient":""},"mobile":{"background-color":"var(--ast-global-color-5)","background-image":"","background-repeat":"repeat","background-position":"center center","background-size":"auto","background-attachment":"scroll","background-type":"","background-media":"","overlay-type":"","overlay-color":"","overlay-opacity":"","overlay-gradient":""}},"footnotes":""},"class_list":["post-242","page","type-page","status-publish","hentry"],"uagb_featured_image_src":{"full":false,"thumbnail":false,"medium":false,"medium_large":false,"large":false,"1536x1536":false,"2048x2048":false},"uagb_author_info":{"display_name":"Gerd Grosch","author_link":"https:\/\/www.compware.de\/?author=2"},"uagb_comment_info":0,"uagb_excerpt":"Support Einen Schwerpunkt der Firmenphilosophie sieht&nbsp;CompWare&nbsp;im Dienstleistungsbereich. Ein Team von versierten&nbsp;Servicetechnikern&nbsp;steht sowohl in der eigenen Servicewerkstatt, im Fernzugriff mit sicheren Fernwartungssystemen als auch vor Ort beim Kunden zur Verf\u00fcgung. Die Techniker werden regelm\u00e4\u00dfig geschult, um den st\u00e4ndig steigenden Anforderungen im Servicebereich gerecht zu werden.&nbsp;CompWare&nbsp;bietet f\u00fcr jeden Anwender den passenden Service von Bring-In-Reparatur-Service bis hin zum&hellip;","_links":{"self":[{"href":"https:\/\/www.compware.de\/index.php?rest_route=\/wp\/v2\/pages\/242","targetHints":{"allow":["GET"]}}],"collection":[{"href":"https:\/\/www.compware.de\/index.php?rest_route=\/wp\/v2\/pages"}],"about":[{"href":"https:\/\/www.compware.de\/index.php?rest_route=\/wp\/v2\/types\/page"}],"author":[{"embeddable":true,"href":"https:\/\/www.compware.de\/index.php?rest_route=\/wp\/v2\/users\/2"}],"replies":[{"embeddable":true,"href":"https:\/\/www.compware.de\/index.php?rest_route=%2Fwp%2Fv2%2Fcomments&post=242"}],"version-history":[{"count":6,"href":"https:\/\/www.compware.de\/index.php?rest_route=\/wp\/v2\/pages\/242\/revisions"}],"predecessor-version":[{"id":1509,"href":"https:\/\/www.compware.de\/index.php?rest_route=\/wp\/v2\/pages\/242\/revisions\/1509"}],"wp:attachment":[{"href":"https:\/\/www.compware.de\/index.php?rest_route=%2Fwp%2Fv2%2Fmedia&parent=242"}],"curies":[{"name":"wp","href":"https:\/\/api.w.org\/{rel}","templated":true}]}}