{"id":267,"date":"2022-01-27T14:46:56","date_gmt":"2022-01-27T14:46:56","guid":{"rendered":"http:\/\/compware.de\/?page_id=267"},"modified":"2025-02-24T10:11:33","modified_gmt":"2025-02-24T09:11:33","slug":"cgm-m1-pro","status":"publish","type":"page","link":"https:\/\/www.compware.de\/?page_id=267","title":{"rendered":"CGM M1 PRO"},"content":{"rendered":"\n<h1 class=\"wp-block-heading\" id=\"cgm-m1-pro-arztsoftware-fur-gemeinschaftspraxen-mvz-und-einzelpraxen\">CGM M1 PRO \u2013 Arztsoftware f\u00fcr Gemeinschaftspraxen, MVZ und Einzelpraxen<\/h1>\n\n\n\n<figure class=\"wp-block-image alignleft size-large is-resized\"><img loading=\"lazy\" decoding=\"async\" width=\"1024\" height=\"559\" src=\"\/wp-content\/uploads\/2022\/02\/cgm-m1-pro-1024x559.jpg\" alt=\"\" class=\"wp-image-707\" style=\"width:529px;height:auto\" srcset=\"https:\/\/www.compware.de\/wp-content\/uploads\/2022\/02\/cgm-m1-pro-1024x559.jpg 1024w, https:\/\/www.compware.de\/wp-content\/uploads\/2022\/02\/cgm-m1-pro-300x164.jpg 300w, https:\/\/www.compware.de\/wp-content\/uploads\/2022\/02\/cgm-m1-pro-768x419.jpg 768w, https:\/\/www.compware.de\/wp-content\/uploads\/2022\/02\/cgm-m1-pro-1536x838.jpg 1536w, https:\/\/www.compware.de\/wp-content\/uploads\/2022\/02\/cgm-m1-pro.jpg 1920w\" sizes=\"auto, (max-width: 1024px) 100vw, 1024px\" \/><\/figure>\n\n\n\n<p class=\"has-text-align-justify\">Bei Ihnen als Arzt und Ihrem Team steht der Patient im Mittelpunkt. Sie als Arzt m\u00fcssen aber heute neben der Behandlung eine Vielzahl von verbundenen Ablaufprozessen in der Praxis \u00fcberschauen, organisieren und sicherstellen. Die Arztpraxis wird zum Unternehmen, der Arzt von heute zum modernen Unternehmer.<\/p>\n\n\n\n<p class=\"has-text-align-center\"><a href=\"\/wp-content\/uploads\/2022\/02\/InfomappeM1.pdf\" target=\"_blank\" rel=\"noreferrer noopener\">Info Brosch\u00fcre zum Download<\/a><br><a href=\"https:\/\/www.compware.de\/wp-content\/uploads\/2025\/02\/CGMAIS_Systemanforderungen_2025.pdf\" target=\"_blank\" rel=\"noreferrer noopener\">CGM M1 PRO Systemanforderungen<\/a><\/p>\n\n\n\n<div style=\"height:8px\" aria-hidden=\"true\" class=\"wp-block-spacer\"><\/div>\n\n\n\n<figure class=\"wp-block-image alignright size-large is-resized\"><img loading=\"lazy\" decoding=\"async\" width=\"1024\" height=\"559\" src=\"\/wp-content\/uploads\/2022\/02\/rezeption-1024x559.jpg\" alt=\"\" class=\"wp-image-581\" style=\"width:437px;height:auto\" srcset=\"https:\/\/www.compware.de\/wp-content\/uploads\/2022\/02\/rezeption-1024x559.jpg 1024w, https:\/\/www.compware.de\/wp-content\/uploads\/2022\/02\/rezeption-300x164.jpg 300w, https:\/\/www.compware.de\/wp-content\/uploads\/2022\/02\/rezeption-768x419.jpg 768w, https:\/\/www.compware.de\/wp-content\/uploads\/2022\/02\/rezeption-1536x838.jpg 1536w, https:\/\/www.compware.de\/wp-content\/uploads\/2022\/02\/rezeption.jpg 1920w\" sizes=\"auto, (max-width: 1024px) 100vw, 1024px\" \/><figcaption class=\"wp-element-caption\">Rezeption<\/figcaption><\/figure>\n\n\n\n<p class=\"has-text-align-justify\">CGM M1 PRO unterst\u00fctzt Sie weit \u00fcber die Grenzen von Verwalten und Abrechnen hinaus. CGM M1 PRO bietet Wirtschaftlichkeit, Effizienz und Transparenz in allen Anforderungen, mit grenzenloser, kommunikativer Freiheit, niedrigen Einstiegsbarrieren und einfacher Bedienung. Passend zu jedem Investitionsgef\u00fcge der Praxis, mit Mehrwertsteigerung und vollem Investitionsschutz.<\/p>\n\n\n\n<p class=\"has-text-align-justify\">Entstanden aus den gewachsenen Erfahrungen unterschiedlichster erfolgreicher Produktlinien, zeigt sich dabei CGM M1 PRO als zeitgem\u00e4\u00dfes und zukunftstr\u00e4chtiges Windowsprodukt allen \u2013 auch zuk\u00fcnftigen \u2013 Anforderungen der Praxis und des Gesundheitswesens gewachsen.<\/p>\n\n\n\n<figure class=\"wp-block-image alignleft size-large is-resized\"><img loading=\"lazy\" decoding=\"async\" width=\"1024\" height=\"559\" src=\"\/wp-content\/uploads\/2022\/02\/Karteikarte-1024x559.jpg\" alt=\"\" class=\"wp-image-579\" style=\"width:439px;height:auto\" srcset=\"https:\/\/www.compware.de\/wp-content\/uploads\/2022\/02\/Karteikarte-1024x559.jpg 1024w, https:\/\/www.compware.de\/wp-content\/uploads\/2022\/02\/Karteikarte-300x164.jpg 300w, https:\/\/www.compware.de\/wp-content\/uploads\/2022\/02\/Karteikarte-768x419.jpg 768w, https:\/\/www.compware.de\/wp-content\/uploads\/2022\/02\/Karteikarte-1536x838.jpg 1536w, https:\/\/www.compware.de\/wp-content\/uploads\/2022\/02\/Karteikarte.jpg 1920w\" sizes=\"auto, (max-width: 1024px) 100vw, 1024px\" \/><figcaption class=\"wp-element-caption\">Karteikarte<\/figcaption><\/figure>\n\n\n\n<p class=\"has-text-align-justify\">CGM M1 PRO ist das Erfolgsprodukt der CompuGroup Medical Arztsysteme sowohl f\u00fcr neue Kunden, als auch konsequente Weiterentwicklung f\u00fcr unsere bestehenden Kunden, die das System mit Ihren Erfahrungen ma\u00dfgeblich mit geformt haben.<\/p>\n\n\n\n<div style=\"height:2px\" aria-hidden=\"true\" class=\"wp-block-spacer\"><\/div>\n\n\n\n<p class=\"has-text-align-justify\"><strong>CGM M1 PRO bietet Ihnen eine komplexe elektronische Patientenakte bei:<\/strong><\/p>\n\n\n\n<ul class=\"wp-block-list\">\n<li>einfacher und schneller Bedienung<\/li>\n\n\n\n<li>direkter Pr\u00fcfung der Abrechnungsdaten bei der Eingabe<\/li>\n\n\n\n<li>schneller und zuverl\u00e4ssiger Abrechnung der kassen\u00e4rztlichen und privaten Leistungen<\/li>\n\n\n\n<li>schneller \u00dcbersicht \u00fcber alle Kassen-, Privat- und BG-Leistungen auf einen Blick<\/li>\n\n\n\n<li>\u00fcbersichtlichen und umfangreichen Statistiken<\/li>\n\n\n\n<li>Textbausteinen und Makros f\u00fcr die schnelle Dokumentation<\/li>\n\n\n\n<li>einfacher und schneller Befundbrieferstellung \u00fcber MS Word<\/li>\n\n\n\n<li>integrierter Medikamentendatenbank und Medikamentenregresskontrolle<\/li>\n\n\n\n<li>individuellem, modularem Funktionsumfang<\/li>\n\n\n\n<li>Praxisverwaltungs-Unterst\u00fctzung mit Terminlisten, Wiedervorlagen, Todo-Listen f\u00fcr standardisierte Abl\u00e4ufe<\/li>\n<\/ul>\n","protected":false},"excerpt":{"rendered":"<p>CGM M1 PRO \u2013 Arztsoftware f\u00fcr Gemeinschaftspraxen, MVZ und Einzelpraxen Bei Ihnen als Arzt und Ihrem Team steht der Patient im Mittelpunkt. Sie als Arzt m\u00fcssen aber heute neben der Behandlung eine Vielzahl von verbundenen Ablaufprozessen in der Praxis \u00fcberschauen, organisieren und sicherstellen. Die Arztpraxis wird zum Unternehmen, der Arzt von heute zum modernen Unternehmer. [&hellip;]<\/p>\n","protected":false},"author":2,"featured_media":0,"parent":0,"menu_order":0,"comment_status":"closed","ping_status":"closed","template":"","meta":{"_editorskit_title_hidden":false,"_editorskit_reading_time":1,"_editorskit_is_block_options_detached":false,"_editorskit_block_options_position":"{}","_uag_custom_page_level_css":"","site-sidebar-layout":"default","site-content-layout":"","ast-site-content-layout":"default","site-content-style":"default","site-sidebar-style":"default","ast-global-header-display":"","ast-banner-title-visibility":"","ast-main-header-display":"","ast-hfb-above-header-display":"","ast-hfb-below-header-display":"","ast-hfb-mobile-header-display":"","site-post-title":"disabled","ast-breadcrumbs-content":"","ast-featured-img":"","footer-sml-layout":"","ast-disable-related-posts":"","theme-transparent-header-meta":"","adv-header-id-meta":"","stick-header-meta":"","header-above-stick-meta":"","header-main-stick-meta":"","header-below-stick-meta":"","astra-migrate-meta-layouts":"set","ast-page-background-enabled":"default","ast-page-background-meta":{"desktop":{"background-color":"var(--ast-global-color-4)","background-image":"","background-repeat":"repeat","background-position":"center center","background-size":"auto","background-attachment":"scroll","background-type":"","background-media":"","overlay-type":"","overlay-color":"","overlay-opacity":"","overlay-gradient":""},"tablet":{"background-color":"","background-image":"","background-repeat":"repeat","background-position":"center center","background-size":"auto","background-attachment":"scroll","background-type":"","background-media":"","overlay-type":"","overlay-color":"","overlay-opacity":"","overlay-gradient":""},"mobile":{"background-color":"","background-image":"","background-repeat":"repeat","background-position":"center center","background-size":"auto","background-attachment":"scroll","background-type":"","background-media":"","overlay-type":"","overlay-color":"","overlay-opacity":"","overlay-gradient":""}},"ast-content-background-meta":{"desktop":{"background-color":"var(--ast-global-color-5)","background-image":"","background-repeat":"repeat","background-position":"center center","background-size":"auto","background-attachment":"scroll","background-type":"","background-media":"","overlay-type":"","overlay-color":"","overlay-opacity":"","overlay-gradient":""},"tablet":{"background-color":"var(--ast-global-color-5)","background-image":"","background-repeat":"repeat","background-position":"center center","background-size":"auto","background-attachment":"scroll","background-type":"","background-media":"","overlay-type":"","overlay-color":"","overlay-opacity":"","overlay-gradient":""},"mobile":{"background-color":"var(--ast-global-color-5)","background-image":"","background-repeat":"repeat","background-position":"center center","background-size":"auto","background-attachment":"scroll","background-type":"","background-media":"","overlay-type":"","overlay-color":"","overlay-opacity":"","overlay-gradient":""}},"footnotes":""},"class_list":["post-267","page","type-page","status-publish","hentry"],"uagb_featured_image_src":{"full":false,"thumbnail":false,"medium":false,"medium_large":false,"large":false,"1536x1536":false,"2048x2048":false},"uagb_author_info":{"display_name":"Gerd Grosch","author_link":"https:\/\/www.compware.de\/?author=2"},"uagb_comment_info":0,"uagb_excerpt":"CGM M1 PRO \u2013 Arztsoftware f\u00fcr Gemeinschaftspraxen, MVZ und Einzelpraxen Bei Ihnen als Arzt und Ihrem Team steht der Patient im Mittelpunkt. Sie als Arzt m\u00fcssen aber heute neben der Behandlung eine Vielzahl von verbundenen Ablaufprozessen in der Praxis \u00fcberschauen, organisieren und sicherstellen. Die Arztpraxis wird zum Unternehmen, der Arzt von heute zum modernen Unternehmer.&hellip;","_links":{"self":[{"href":"https:\/\/www.compware.de\/index.php?rest_route=\/wp\/v2\/pages\/267","targetHints":{"allow":["GET"]}}],"collection":[{"href":"https:\/\/www.compware.de\/index.php?rest_route=\/wp\/v2\/pages"}],"about":[{"href":"https:\/\/www.compware.de\/index.php?rest_route=\/wp\/v2\/types\/page"}],"author":[{"embeddable":true,"href":"https:\/\/www.compware.de\/index.php?rest_route=\/wp\/v2\/users\/2"}],"replies":[{"embeddable":true,"href":"https:\/\/www.compware.de\/index.php?rest_route=%2Fwp%2Fv2%2Fcomments&post=267"}],"version-history":[{"count":106,"href":"https:\/\/www.compware.de\/index.php?rest_route=\/wp\/v2\/pages\/267\/revisions"}],"predecessor-version":[{"id":2429,"href":"https:\/\/www.compware.de\/index.php?rest_route=\/wp\/v2\/pages\/267\/revisions\/2429"}],"wp:attachment":[{"href":"https:\/\/www.compware.de\/index.php?rest_route=%2Fwp%2Fv2%2Fmedia&parent=267"}],"curies":[{"name":"wp","href":"https:\/\/api.w.org\/{rel}","templated":true}]}}