{"id":271,"date":"2022-01-27T14:46:57","date_gmt":"2022-01-27T14:46:57","guid":{"rendered":"http:\/\/compware.de\/?page_id=271"},"modified":"2024-11-27T14:37:02","modified_gmt":"2024-11-27T13:37:02","slug":"docrchiv","status":"publish","type":"page","link":"https:\/\/www.compware.de\/?page_id=271","title":{"rendered":"mediDOK"},"content":{"rendered":"\n<figure class=\"wp-block-image size-full\"><img loading=\"lazy\" decoding=\"async\" width=\"300\" height=\"94\" src=\"https:\/\/www.compware.de\/wp-content\/uploads\/2022\/02\/Logo_mediDOK-300x94-1.png\" alt=\"\" class=\"wp-image-526\"\/><\/figure>\n\n\n\n<figure class=\"wp-block-image aligncenter size-large\"><img loading=\"lazy\" decoding=\"async\" width=\"1024\" height=\"656\" src=\"https:\/\/www.compware.de\/wp-content\/uploads\/2022\/02\/screen-1-1030x660-1-1024x656.png\" alt=\"\" class=\"wp-image-1287\" srcset=\"https:\/\/www.compware.de\/wp-content\/uploads\/2022\/02\/screen-1-1030x660-1-1024x656.png 1024w, https:\/\/www.compware.de\/wp-content\/uploads\/2022\/02\/screen-1-1030x660-1-300x192.png 300w, https:\/\/www.compware.de\/wp-content\/uploads\/2022\/02\/screen-1-1030x660-1-768x492.png 768w, https:\/\/www.compware.de\/wp-content\/uploads\/2022\/02\/screen-1-1030x660-1.png 1030w\" sizes=\"auto, (max-width: 1024px) 100vw, 1024px\" \/><\/figure>\n\n\n\n<h1 class=\"wp-block-heading\" id=\"medidok-2-5-icon-name-file-pdf-prefix-fas\"><strong>mediDOK\u00ae 2.5<\/strong> <a href=\"https:\/\/www.compware.de\/wp-content\/uploads\/2022\/02\/Prospekt_2.5_4_2018.pdf\" target=\"_blank\" rel=\"noreferrer noopener\"><i class=\"fas fa-file-pdf\"><\/i><\/a><\/h1>\n\n\n\n<h3 class=\"wp-block-heading\" id=\"das-herstellerneutrale-bild-und-dokumentenarchiv-fur-den-medizinischen-bereich\">Das herstellerneutrale Bild- und Dokumentenarchiv f\u00fcr den medizinischen Bereich<\/h3>\n\n\n\n<p class=\"has-text-align-left\">Die mediDOK Produktfamilie bietet f\u00fcr jeden den passenden Einstieg in die elektronische Archivierung. Sie entscheiden, wo Sie anfangen m\u00f6chten. Und wenn Ihre Anspr\u00fcche und Anforderungen wachsen, w\u00e4chst Ihr mediDOK Archiv einfach mit. Die wichtigsten Funktionen aller Grundpakete sind:<\/p>\n\n\n\n<ul class=\"wp-block-list\">\n<li>Die Profiversion zum Anschluss zahlreicher Bildquellen, zum Scannen von Papierdokumenten oder f\u00fcr elektronische Dokumente.<\/li>\n\n\n\n<li>Patientenzentrierte, sichere Archivierung medizinischer Bilder und Dokumente<\/li>\n\n\n\n<li>Schnittstelle zu Praxis-Verwaltungssystemen (GDT\/BDT)<\/li>\n\n\n\n<li>\u00dcbersichtliche Liste aller Bilder und Dokumente eines Patienten<\/li>\n\n\n\n<li>Einheitlicher Viewer zur Anzeige verschiedener Dokument-Typen und Bilder<\/li>\n\n\n\n<li>Protokollierung aller Bildzugriffe, Weiterleitungen oder Best\u00e4tigungen<\/li>\n\n\n\n<li>Benutzer- und Gruppen-Management mit verschiedenen Berechtigungen<\/li>\n\n\n\n<li>Ausdruck, Export als Bilddatei, Export als E-Mail-Anhang<\/li>\n\n\n\n<li>Zentrales Administrations-Programm zur Einrichtung des Systems, zur Volume-Verwaltung und Auslagern von Bildern<\/li>\n\n\n\n<li>Skalierbare Client-Server-Architektur mit Microsoft SQL-Server Datenbank, netzwerkf\u00e4hig<\/li>\n\n\n\n<li>Zertifiziert als Medizinprodukt<\/li>\n<\/ul>\n\n\n\n<h3 class=\"wp-block-heading\" id=\"medidok-basis-plus\"><strong>mediDOK BASIS PLUS<\/strong><\/h3>\n\n\n\n<ul class=\"wp-block-list\">\n<li>Scanner (TWAIN oder Button)<\/li>\n\n\n\n<li>Dateiimport (Bilddateien, PDF)<\/li>\n\n\n\n<li>Zentraler Dokumenten-Eingang (Bilddateien, Dokumente oder PDF)<\/li>\n\n\n\n<li>Videoquellen (z.B. Ultraschall, Endoskopie) \u00fcber Grabberkarte (Standbilder)<\/li>\n\n\n\n<li>Kommunikation mit einem Ultraschallger\u00e4t \u00fcber DICOM<\/li>\n\n\n\n<li>DICOM Worklist (ohne Auswahl von ProcedureCodes)<\/li>\n\n\n\n<li>DICOM Bildempfang: nur Standbilder, Speicherung der empfangenen Bilder im JPG-Bildformat<\/li>\n\n\n\n<li>mediDOK\u00ae BASIS PLUS kann um weitere Zusatzoptionen, User oder weitere Ultraschallger\u00e4te (DICOM) erweitert werden.<\/li>\n<\/ul>\n\n\n\n<h3 class=\"wp-block-heading\" id=\"medidok-basis-dicom\"><strong>mediDOK BASIS DICOM<\/strong><\/h3>\n\n\n\n<ul class=\"wp-block-list\">\n<li>Kommunikation mit einem Ultraschallger\u00e4t \u00fcber DICOM<\/li>\n\n\n\n<li>Scanner (TWAIN oder Button)<\/li>\n\n\n\n<li>Dateiimport (Bilddateien, PDF)<\/li>\n\n\n\n<li>Zentraler Dokumenten-Eingang (Bilddateien, Dokumente oder PDF)<\/li>\n\n\n\n<li>Videoquellen (z.B. Ultraschall, Endoskopie) \u00fcber Grabberkarte (Standbilder)<\/li>\n\n\n\n<li>DICOM Worklist<\/li>\n\n\n\n<li>DICOM Bildempfang: Unterst\u00fctzung der Ultraschall DICOM-Bildtypen (Standbilder und Loops)<\/li>\n\n\n\n<li>Weiterverarbeitung der Standbilder und Loops im DICOM-Format m\u00f6glich, z.B. Vermessung.<\/li>\n\n\n\n<li>mediDOK\u00ae BASIS DICOM kann um weitere Zusatzoptionen, User oder weitere Ultraschallger\u00e4te (DICOM) erweitert werden.<\/li>\n<\/ul>\n\n\n\n<h3 class=\"wp-block-heading\" id=\"medidok-pacs-icon-name-file-pdf-prefix-fas\"><strong>mediDOK PACS<\/strong> <a href=\"https:\/\/www.compware.de\/wp-content\/uploads\/2022\/02\/Propekt_PACS_2.5_1.1.pdf\" target=\"_blank\" rel=\"noreferrer noopener\"><i class=\"fas fa-file-pdf\"><\/i><\/a><\/h3>\n\n\n\n<ul class=\"wp-block-list\">\n<li>Scanner (TWAIN oder Button)<\/li>\n\n\n\n<li>Dateiimport (Bilddateien, PDF)<\/li>\n\n\n\n<li>Zentraler Dokumenten-Eingang (Bilddateien, Dokumente oder PDF)<\/li>\n\n\n\n<li>Videoquellen (z.B. Ultraschall, Endoskopie) \u00fcber Grabberkarte (Standbilder)<\/li>\n\n\n\n<li>Kommunikation mit einer DICOM-Modalit\u00e4t \u00fcber DICOM<\/li>\n\n\n\n<li>DICOM Worklist<\/li>\n\n\n\n<li>DICOM Bildempfang: Unterst\u00fctzung aller DICOM-Bildtypen (siehe Details)<\/li>\n\n\n\n<li>Weiterverarbeitung der Daten im DICOM-Format m\u00f6glich, z.B. Vermessung<\/li>\n\n\n\n<li>Spezielle Graufstufen-Bildbearbeitung, z.B. WindowLevel<\/li>\n\n\n\n<li>mediDOK\u00ae PACS kann um weitere Zusatzoptionen, User oder weitere DICOM-Modalit\u00e4ten erweitert werden.<\/li>\n<\/ul>\n\n\n\n<h3 class=\"wp-block-heading\" id=\"medidok-eforms-icon-name-file-pdf-prefix-fas\"><strong>mediDOK eForms<\/strong> <a href=\"https:\/\/www.compware.de\/wp-content\/uploads\/2022\/02\/mediDOK_eForms_Flyer_2021-09.pdf\" target=\"_blank\" rel=\"noreferrer noopener\"><i class=\"fas fa-file-pdf\"><\/i><\/a><\/h3>\n\n\n\n<p id=\"praxiseigene-dokumente-digital-ausfullen-unterschreiben-und-archivieren\">Praxiseigene Dokumente digital ausf\u00fcllen, unterschreiben und archivieren<\/p>\n\n\n\n<p>Wenn Patienten in Ihre Praxis kommen, m\u00fcssen in der Regel zun\u00e4chst einige Formulare ausgef\u00fcllt und unterschrieben werden. Mit mediDOK eForms&nbsp; k\u00f6nnen Sie diese Abl\u00e4ufe perfekt optimieren und medienbruchfrei digitalisieren!<\/p>\n\n\n\n<ul class=\"wp-block-list\">\n<li>Auf der\u00a0<strong>mediDOK eForms App<\/strong>\u00a0stehen Ihre praxiseigenen Formulare (z. B. Einverst\u00e4ndniserkl\u00e4rung zur Daten\u00fcbermittlung, IGeL-Vertr\u00e4ge, Behandlungsvertr\u00e4ge, etc.) auf einem Tablet zur Verf\u00fcgung. Ihre Patienten k\u00f6nnen die Formulare digital in der Praxis ausf\u00fcllen und unterschreiben. Abschlie\u00dfend werden die signierten Dokumente im mediDOK-Archiv gespeichert.<\/li>\n\n\n\n<li>Optional k\u00f6nnen Sie \u00fcber\u00a0<strong>mediDOK eForms @Home<\/strong>\u00a0die Formulare ihren Patienten vorab zur Verf\u00fcgung stellen. Der Patient kann zuhause und ohne Zeitdruck die ben\u00f6tigten Informationen f\u00fcr das Dokument zusammenstellen, alles vorab eintragen und dann in digitaler Form an Ihre Praxis \u00fcbermitteln. In der Praxis werden die Formulare dann nur noch mit der\u00a0mediDOK eForms App auf dem Praxis-Tablet unterzeichnet.<\/li>\n<\/ul>\n\n\n\n<p>Die L\u00f6sung ist einfach zu bedienen und ist f\u00fcr Arzt und Patient \u00fcbersichtlich strukturiert. Sie sorgt f\u00fcr einen papierlosen und medienbruchfreien Workflow in Praxis und MVZ und erm\u00f6glicht Kosteneinsparungen bei Kopier- und Scankosten.<\/p>\n\n\n\n<h6 class=\"wp-block-heading\" id=\"individuelle-formulare-kein-problem\"><strong>Individuelle Formulare? Kein Problem!<\/strong><\/h6>\n\n\n\n<p>Formulare, die Sie bereits in Ihrer Praxis verwenden, k\u00f6nnen einfach und schnell in mediDOK eForms eingepflegt werden. Der Sie betreuende mediDOK Partner ber\u00e4t Sie hier gerne.<\/p>\n\n\n\n<h3 class=\"wp-block-heading\" id=\"medidok-photoapp-icon-name-file-pdf-prefix-fas\"><strong>mediDOK PhotoApp<\/strong> <a href=\"https:\/\/www.compware.de\/wp-content\/uploads\/2022\/02\/PhotoApp_2seitig_fuer-Ausdruck.pdf\" target=\"_blank\" rel=\"noreferrer noopener\"><i class=\"fas fa-file-pdf\"><\/i><\/a><\/h3>\n\n\n\n<p id=\"fotos-vom-smartphone-direkt-in-medidok-2-5-speichern\">Fotos vom Smartphone direkt in mediDOK 2.5 speichern<\/p>\n\n\n\n<p>Die neue mediDOK PhotoApp ist der einfachste Weg, um Bilder direkt \u00fcber die Kamera Ihres Smartphones aufzunehmen und zum Patienten in mediDOK zu speichern. Mit nur wenigen Klicks w\u00e4hlen Sie den Patienten, machen das Foto und speichern alles unter dem gew\u00fcnschten Bildnamen im mediDOK-Archiv. Auch&nbsp;Fotos, die Sie au\u00dferhalb der App auf dem Smartphone gespeichert haben, k\u00f6nnen Sie \u00fcber die PhotoApp nachtr\u00e4glich den Patienten zuordnen.<\/p>\n","protected":false},"excerpt":{"rendered":"<p>mediDOK\u00ae 2.5 Das herstellerneutrale Bild- und Dokumentenarchiv f\u00fcr den medizinischen Bereich Die mediDOK Produktfamilie bietet f\u00fcr jeden den passenden Einstieg in die elektronische Archivierung. Sie entscheiden, wo Sie anfangen m\u00f6chten. Und wenn Ihre Anspr\u00fcche und Anforderungen wachsen, w\u00e4chst Ihr mediDOK Archiv einfach mit. Die wichtigsten Funktionen aller Grundpakete sind: mediDOK BASIS PLUS mediDOK BASIS DICOM [&hellip;]<\/p>\n","protected":false},"author":2,"featured_media":0,"parent":0,"menu_order":0,"comment_status":"closed","ping_status":"closed","template":"","meta":{"_editorskit_title_hidden":false,"_editorskit_reading_time":3,"_editorskit_is_block_options_detached":false,"_editorskit_block_options_position":"{}","_uag_custom_page_level_css":"","site-sidebar-layout":"default","site-content-layout":"","ast-site-content-layout":"default","site-content-style":"default","site-sidebar-style":"default","ast-global-header-display":"","ast-banner-title-visibility":"","ast-main-header-display":"","ast-hfb-above-header-display":"","ast-hfb-below-header-display":"","ast-hfb-mobile-header-display":"","site-post-title":"disabled","ast-breadcrumbs-content":"","ast-featured-img":"","footer-sml-layout":"","ast-disable-related-posts":"","theme-transparent-header-meta":"","adv-header-id-meta":"","stick-header-meta":"","header-above-stick-meta":"","header-main-stick-meta":"","header-below-stick-meta":"","astra-migrate-meta-layouts":"set","ast-page-background-enabled":"default","ast-page-background-meta":{"desktop":{"background-color":"var(--ast-global-color-4)","background-image":"","background-repeat":"repeat","background-position":"center center","background-size":"auto","background-attachment":"scroll","background-type":"","background-media":"","overlay-type":"","overlay-color":"","overlay-opacity":"","overlay-gradient":""},"tablet":{"background-color":"","background-image":"","background-repeat":"repeat","background-position":"center center","background-size":"auto","background-attachment":"scroll","background-type":"","background-media":"","overlay-type":"","overlay-color":"","overlay-opacity":"","overlay-gradient":""},"mobile":{"background-color":"","background-image":"","background-repeat":"repeat","background-position":"center center","background-size":"auto","background-attachment":"scroll","background-type":"","background-media":"","overlay-type":"","overlay-color":"","overlay-opacity":"","overlay-gradient":""}},"ast-content-background-meta":{"desktop":{"background-color":"var(--ast-global-color-5)","background-image":"","background-repeat":"repeat","background-position":"center center","background-size":"auto","background-attachment":"scroll","background-type":"","background-media":"","overlay-type":"","overlay-color":"","overlay-opacity":"","overlay-gradient":""},"tablet":{"background-color":"var(--ast-global-color-5)","background-image":"","background-repeat":"repeat","background-position":"center center","background-size":"auto","background-attachment":"scroll","background-type":"","background-media":"","overlay-type":"","overlay-color":"","overlay-opacity":"","overlay-gradient":""},"mobile":{"background-color":"var(--ast-global-color-5)","background-image":"","background-repeat":"repeat","background-position":"center center","background-size":"auto","background-attachment":"scroll","background-type":"","background-media":"","overlay-type":"","overlay-color":"","overlay-opacity":"","overlay-gradient":""}},"footnotes":""},"class_list":["post-271","page","type-page","status-publish","hentry"],"uagb_featured_image_src":{"full":false,"thumbnail":false,"medium":false,"medium_large":false,"large":false,"1536x1536":false,"2048x2048":false},"uagb_author_info":{"display_name":"Gerd Grosch","author_link":"https:\/\/www.compware.de\/?author=2"},"uagb_comment_info":0,"uagb_excerpt":"mediDOK\u00ae 2.5 Das herstellerneutrale Bild- und Dokumentenarchiv f\u00fcr den medizinischen Bereich Die mediDOK Produktfamilie bietet f\u00fcr jeden den passenden Einstieg in die elektronische Archivierung. Sie entscheiden, wo Sie anfangen m\u00f6chten. Und wenn Ihre Anspr\u00fcche und Anforderungen wachsen, w\u00e4chst Ihr mediDOK Archiv einfach mit. Die wichtigsten Funktionen aller Grundpakete sind: mediDOK BASIS PLUS mediDOK BASIS DICOM&hellip;","_links":{"self":[{"href":"https:\/\/www.compware.de\/index.php?rest_route=\/wp\/v2\/pages\/271","targetHints":{"allow":["GET"]}}],"collection":[{"href":"https:\/\/www.compware.de\/index.php?rest_route=\/wp\/v2\/pages"}],"about":[{"href":"https:\/\/www.compware.de\/index.php?rest_route=\/wp\/v2\/types\/page"}],"author":[{"embeddable":true,"href":"https:\/\/www.compware.de\/index.php?rest_route=\/wp\/v2\/users\/2"}],"replies":[{"embeddable":true,"href":"https:\/\/www.compware.de\/index.php?rest_route=%2Fwp%2Fv2%2Fcomments&post=271"}],"version-history":[{"count":31,"href":"https:\/\/www.compware.de\/index.php?rest_route=\/wp\/v2\/pages\/271\/revisions"}],"predecessor-version":[{"id":2385,"href":"https:\/\/www.compware.de\/index.php?rest_route=\/wp\/v2\/pages\/271\/revisions\/2385"}],"wp:attachment":[{"href":"https:\/\/www.compware.de\/index.php?rest_route=%2Fwp%2Fv2%2Fmedia&parent=271"}],"curies":[{"name":"wp","href":"https:\/\/api.w.org\/{rel}","templated":true}]}}