{"id":273,"date":"2022-01-27T14:46:58","date_gmt":"2022-01-27T14:46:58","guid":{"rendered":"http:\/\/compware.de\/?page_id=273"},"modified":"2024-11-27T14:38:13","modified_gmt":"2024-11-27T13:38:13","slug":"virenschutz","status":"publish","type":"page","link":"https:\/\/www.compware.de\/?page_id=273","title":{"rendered":"Virenschutz"},"content":{"rendered":"\n<h1 class=\"wp-block-heading\" id=\"eset-optimaler-schutz-dank-spitzentechnologie\">ESET &#8211; Optimaler Schutz dank Spitzentechnologie<\/h1>\n\n\n\n<h2 class=\"wp-block-heading\" id=\"effizient-schutzen-zentral-verwalten\">Effizient sch\u00fctzen &#8211; zentral verwalten<\/h2>\n\n\n\n<div class=\"wp-block-columns is-layout-flex wp-container-core-columns-is-layout-28f84493 wp-block-columns-is-layout-flex\">\n<div class=\"wp-block-column is-layout-flow wp-block-column-is-layout-flow\">\n<ul class=\"wp-block-list\">\n<li>Antivirus<\/li>\n\n\n\n<li>Antispyware<\/li>\n\n\n\n<li>Anti-Rootkit<\/li>\n\n\n\n<li>Web- und E-Mail-Schutz<\/li>\n\n\n\n<li>Unterst\u00fctzung\u00a0von Serverbetriebssystemen<\/li>\n\n\n\n<li>ESET Remote Administrator<\/li>\n<\/ul>\n<\/div>\n\n\n\n<div class=\"wp-block-column is-layout-flow wp-block-column-is-layout-flow\">\n<figure class=\"wp-block-image size-full is-resized is-style-rounded\"><img loading=\"lazy\" decoding=\"async\" width=\"300\" height=\"123\" src=\"https:\/\/www.compware.de\/wp-content\/uploads\/2022\/02\/gold-small.gif\" alt=\"\" class=\"wp-image-1010\" style=\"width:435px;height:178px\"\/><\/figure>\n<\/div>\n<\/div>\n\n\n\n<p><strong>ESET Antivirus Business L\u00f6sungen sind f\u00fcr den Einsatz in Unternehmensnetzwerken konzipiert:<\/strong><\/p>\n\n\n\n<h3 class=\"wp-block-heading\" id=\"starken-und-vorteile\">St\u00e4rken und Vorteile<\/h3>\n\n\n\n<ul class=\"wp-block-list\">\n<li><strong>Hohe Erkennungsraten<\/strong> \u2013 Findet und entfernt Viren, W\u00fcrmer, Trojaner, Adware, Spyware, Phishing, Rootkits und andere Bedrohungen aus dem Internet, auf CD\/DVD, Wechselmedien und in E-Mails.<\/li>\n\n\n\n<li><strong>Rasante Geschwindigkeit<\/strong> \u2013 Minimale Reaktionszeiten auf neue Gefahren. Volle Rechnerpower und voller Malware-Schutz.<\/li>\n\n\n\n<li><strong>Geringer Verbrauch an Systemressourcen<\/strong> \u2013 Alle ESET-Produkte arbeiten effizient mit hohen Erkennungsraten bei nachweislich geringster Systembelastung.<\/li>\n\n\n\n<li><strong>Schutz\u00a0vor unbekannten Gefahren<\/strong> \u2013 Ausgefeilte Technologien wie \u201eAdvanced Heuristics\u201c und \u201egenerische Signaturen\u201c sch\u00fctzen Ihre Daten auch vor den raffiniertesten, noch unentdeckten Sch\u00e4dlingen.<\/li>\n\n\n\n<li><strong>Integriertes zentrales Management<\/strong> \u2013 ESET Remote Administrator zur einfachen Installation, Konfiguration und Verwaltung\u00a0der Rechner im Netzwerk<\/li>\n\n\n\n<li><strong>Lokaler Update Mirror<\/strong> \u2013 F\u00fcr die\u00a0zentrale Verteilung der Signatur-Updates<\/li>\n\n\n\n<li><strong>Updates \u201eAll Inclusive\u201c f\u00fcr ein Jahr<\/strong> \u2013 Im Preis eingeschlossen sind alle Virensignatur- und Programm-Aktualisierungen der n\u00e4chsten 12 Monate f\u00fcr einen Rechner. Mehrmals am Tag werden neue Aktualisierungen bereitgestellt und automatisch geladen.<\/li>\n<\/ul>\n\n\n\n<p class=\"has-text-align-center\">In unserem Servicevertrag ist die <strong>j\u00e4hrliche Supportpauschale<\/strong> f\u00fcr Virenscanner enthalten<\/p>\n","protected":false},"excerpt":{"rendered":"<p>ESET &#8211; Optimaler Schutz dank Spitzentechnologie Effizient sch\u00fctzen &#8211; zentral verwalten ESET Antivirus Business L\u00f6sungen sind f\u00fcr den Einsatz in Unternehmensnetzwerken konzipiert: St\u00e4rken und Vorteile In unserem Servicevertrag ist die j\u00e4hrliche Supportpauschale f\u00fcr Virenscanner enthalten<\/p>\n","protected":false},"author":2,"featured_media":0,"parent":0,"menu_order":0,"comment_status":"closed","ping_status":"closed","template":"","meta":{"_editorskit_title_hidden":true,"_editorskit_reading_time":1,"_editorskit_is_block_options_detached":false,"_editorskit_block_options_position":"{}","_uag_custom_page_level_css":"","site-sidebar-layout":"default","site-content-layout":"","ast-site-content-layout":"default","site-content-style":"default","site-sidebar-style":"default","ast-global-header-display":"","ast-banner-title-visibility":"","ast-main-header-display":"","ast-hfb-above-header-display":"","ast-hfb-below-header-display":"","ast-hfb-mobile-header-display":"","site-post-title":"","ast-breadcrumbs-content":"","ast-featured-img":"","footer-sml-layout":"","ast-disable-related-posts":"","theme-transparent-header-meta":"","adv-header-id-meta":"","stick-header-meta":"","header-above-stick-meta":"","header-main-stick-meta":"","header-below-stick-meta":"","astra-migrate-meta-layouts":"set","ast-page-background-enabled":"default","ast-page-background-meta":{"desktop":{"background-color":"var(--ast-global-color-4)","background-image":"","background-repeat":"repeat","background-position":"center center","background-size":"auto","background-attachment":"scroll","background-type":"","background-media":"","overlay-type":"","overlay-color":"","overlay-opacity":"","overlay-gradient":""},"tablet":{"background-color":"","background-image":"","background-repeat":"repeat","background-position":"center center","background-size":"auto","background-attachment":"scroll","background-type":"","background-media":"","overlay-type":"","overlay-color":"","overlay-opacity":"","overlay-gradient":""},"mobile":{"background-color":"","background-image":"","background-repeat":"repeat","background-position":"center center","background-size":"auto","background-attachment":"scroll","background-type":"","background-media":"","overlay-type":"","overlay-color":"","overlay-opacity":"","overlay-gradient":""}},"ast-content-background-meta":{"desktop":{"background-color":"var(--ast-global-color-5)","background-image":"","background-repeat":"repeat","background-position":"center center","background-size":"auto","background-attachment":"scroll","background-type":"","background-media":"","overlay-type":"","overlay-color":"","overlay-opacity":"","overlay-gradient":""},"tablet":{"background-color":"var(--ast-global-color-5)","background-image":"","background-repeat":"repeat","background-position":"center center","background-size":"auto","background-attachment":"scroll","background-type":"","background-media":"","overlay-type":"","overlay-color":"","overlay-opacity":"","overlay-gradient":""},"mobile":{"background-color":"var(--ast-global-color-5)","background-image":"","background-repeat":"repeat","background-position":"center center","background-size":"auto","background-attachment":"scroll","background-type":"","background-media":"","overlay-type":"","overlay-color":"","overlay-opacity":"","overlay-gradient":""}},"footnotes":""},"class_list":["post-273","page","type-page","status-publish","hentry"],"uagb_featured_image_src":{"full":false,"thumbnail":false,"medium":false,"medium_large":false,"large":false,"1536x1536":false,"2048x2048":false},"uagb_author_info":{"display_name":"Gerd Grosch","author_link":"https:\/\/www.compware.de\/?author=2"},"uagb_comment_info":0,"uagb_excerpt":"ESET &#8211; Optimaler Schutz dank Spitzentechnologie Effizient sch\u00fctzen &#8211; zentral verwalten ESET Antivirus Business L\u00f6sungen sind f\u00fcr den Einsatz in Unternehmensnetzwerken konzipiert: St\u00e4rken und Vorteile In unserem Servicevertrag ist die j\u00e4hrliche Supportpauschale f\u00fcr Virenscanner enthalten","_links":{"self":[{"href":"https:\/\/www.compware.de\/index.php?rest_route=\/wp\/v2\/pages\/273","targetHints":{"allow":["GET"]}}],"collection":[{"href":"https:\/\/www.compware.de\/index.php?rest_route=\/wp\/v2\/pages"}],"about":[{"href":"https:\/\/www.compware.de\/index.php?rest_route=\/wp\/v2\/types\/page"}],"author":[{"embeddable":true,"href":"https:\/\/www.compware.de\/index.php?rest_route=\/wp\/v2\/users\/2"}],"replies":[{"embeddable":true,"href":"https:\/\/www.compware.de\/index.php?rest_route=%2Fwp%2Fv2%2Fcomments&post=273"}],"version-history":[{"count":6,"href":"https:\/\/www.compware.de\/index.php?rest_route=\/wp\/v2\/pages\/273\/revisions"}],"predecessor-version":[{"id":2386,"href":"https:\/\/www.compware.de\/index.php?rest_route=\/wp\/v2\/pages\/273\/revisions\/2386"}],"wp:attachment":[{"href":"https:\/\/www.compware.de\/index.php?rest_route=%2Fwp%2Fv2%2Fmedia&parent=273"}],"curies":[{"name":"wp","href":"https:\/\/api.w.org\/{rel}","templated":true}]}}