{"id":274,"date":"2022-01-27T14:46:58","date_gmt":"2022-01-27T14:46:58","guid":{"rendered":"http:\/\/compware.de\/?page_id=274"},"modified":"2024-10-09T16:50:12","modified_gmt":"2024-10-09T14:50:12","slug":"actfax","status":"publish","type":"page","link":"https:\/\/www.compware.de\/?page_id=274","title":{"rendered":"ActFax"},"content":{"rendered":"\n<h1 class=\"wp-block-heading\" id=\"actfax-die-fax-server-losung-fur-windows\">ActFax &#8211; Die Fax Server L\u00f6sung f\u00fcr Windows<\/h1>\n\n\n\n<figure class=\"wp-block-image size-full\"><img loading=\"lazy\" decoding=\"async\" width=\"1008\" height=\"164\" src=\"\/wp-content\/uploads\/2022\/02\/ActFax_logo.jpg\" alt=\"\" class=\"wp-image-1005\" srcset=\"https:\/\/www.compware.de\/wp-content\/uploads\/2022\/02\/ActFax_logo.jpg 1008w, https:\/\/www.compware.de\/wp-content\/uploads\/2022\/02\/ActFax_logo-300x49.jpg 300w, https:\/\/www.compware.de\/wp-content\/uploads\/2022\/02\/ActFax_logo-768x125.jpg 768w\" sizes=\"auto, (max-width: 1008px) 100vw, 1008px\" \/><\/figure>\n\n\n\n<p><strong>ActFax<\/strong>&nbsp;setzt als eines der f\u00fchrenden Produkte im Bereich firmenweiter Integration von&nbsp;<strong>Netzwerk Faxl\u00f6sungen<\/strong>&nbsp;seit Jahren Ma\u00dfst\u00e4be. Weltweit z\u00e4hlen zahlreiche renommierte Unternehmen zu den Anwendern&nbsp;und vertrauen auf ActFax. Die&nbsp;<strong>Client\/Server Architektur<\/strong>&nbsp;von ActFax erm\u00f6glicht dabei eine rasche und einfache Integration von Fax und Email &nbsp;unter&nbsp;<strong>Windows<\/strong>. Die Software ist auch in<strong>Terminal Server<\/strong>&nbsp;Umgebungen voll lauff\u00e4hig.<\/p>\n\n\n\n<h2 class=\"wp-block-heading\" id=\"hohe-skalierbarkeit-fur-kleine-mittlere-und-grosse-installationen\">Hohe Skalierbarkeit f\u00fcr kleine, mittlere und grosse Installationen<\/h2>\n\n\n\n<p>Die hervorragende&nbsp;<strong>Skalierbarkeit<\/strong>&nbsp;von ActFax erm\u00f6glicht den effizienten Einsatz sowohl bei kleinen Installationen mit nur wenigen Arbeitspl\u00e4tzen und einer Faxleitung, als auch bei sehr grossen Installationen mit mehreren tausend Benutzern und \u00fcber 60 simultanen Faxleitungen.<\/p>\n\n\n\n<h2 class=\"wp-block-heading\" id=\"actfax-server-produkt-details\">ActFax Server Produkt Details<\/h2>\n\n\n\n<p>ActFax erm\u00f6glicht den&nbsp;<strong>netzwerkweiten Versand und Empfang<\/strong>&nbsp;von Faxnachrichten, sowie den Versand und die Weiterleitung von Faxnachrichten per&nbsp;<strong>Email<\/strong>. Die Software ist auf jeder Windows Version&nbsp;<strong>ab Windows XP<\/strong>, sowie auf&nbsp;<strong>Terminal Servern<\/strong>&nbsp;lauff\u00e4hig. Aufgrund der&nbsp;<strong>Client\/Server Architektur<\/strong>&nbsp;von ActFax werden s\u00e4mtliche Daten zentral am Fax Server gespeichert. \u00dcber den mitgelieferten&nbsp;<strong>Fax Client<\/strong>&nbsp;und den&nbsp;<strong>ActFax Drucker Treiber<\/strong>&nbsp;ist das Faxen aus Standardanwendungen auf sehr einfache Weise m\u00f6glich. F\u00fcr die Integration in eigene Anwendungen stellt ActFax eine Vielzahl von&nbsp;<strong>Schnittstellen<\/strong>&nbsp;bereit.<\/p>\n\n\n\n<h2 class=\"wp-block-heading\" id=\"faxen-einfach-und-schnell-wie-drucken\">Faxen, einfach und schnell wie Drucken<\/h2>\n\n\n\n<p>Der Versand von Faxnachrichten durch ActFax ist ebenso einfach und schnell wie das Drucken eines Dokuments auf Papier. Um ein Dokument mit ActFax als Fax oder Email zu versenden, w\u00e4hlen Sie wie gewohnt die&nbsp;<strong>Druckfunktion<\/strong>&nbsp;Ihrer Anwendung aus und geben als Drucker den&nbsp;<strong>ActiveFax Drucker<\/strong>&nbsp;an. ActFax zeigt darauf hin am Bildschirm ein&nbsp;<strong>Eingabefenster<\/strong>&nbsp;an, \u00fcber das der Empf\u00e4nger oder eine Liste von Empf\u00e4ngern ausgew\u00e4hlt werden kann. Der Benutzer wird hierbei durch allgemeine und private&nbsp;<strong>Telefonb\u00fccher<\/strong>&nbsp;unterst\u00fctzt.<br><br>ActFax verwaltet die Nachricht nun am&nbsp;<strong>Fax Server<\/strong>&nbsp;und k\u00fcmmert sich automatisch um deren schnellstm\u00f6glichen Versand. Bei fehlerhaften \u00dcbertragungen wird nach einem ausgekl\u00fcgelten Verfahren automatisch ein erneuter Sendeversuch durchgef\u00fchrt. Der Benutzer kann auf Wunsch \u00fcber den Erfolg jeder \u00dcbertragung mittels automatischem Druck eines&nbsp;<strong>Sendeberichts<\/strong>, mittels&nbsp;<strong>Email Benachrichtigung<\/strong>&nbsp;oder durch ein&nbsp;<strong>Popup Fenster<\/strong>&nbsp;am Fax Client informiert werden.<\/p>\n\n\n\n<h2 class=\"wp-block-heading\" id=\"netzwerkweiter-zugriff-von-jedem-arbeitsplatz\">Netzwerkweiter Zugriff von jedem Arbeitsplatz<\/h2>\n\n\n\n<p>Aufgrund der&nbsp;<strong>Client\/Server Architektur<\/strong>&nbsp;von ActFax stehen s\u00e4mtliche Dokumente f\u00fcr jeden Benutzer auf jedem beliebigen Arbeitsplatz im Netzwerk zur Verf\u00fcgung. Je nach&nbsp;<strong>Berechtigung und Gruppenzugeh\u00f6rigkeit<\/strong>&nbsp;des Benutzers wird jeweils nur der Zugriff auf erlaubte Dokumente gestattet. Die Verwendung von&nbsp;<strong>Durchwahlnummern<\/strong>&nbsp;erm\u00f6glicht die automatische Verteilung von empfangenen Faxnachrichten direkt zu den einzelnen Benutzern. Der&nbsp;<strong>automatische Druck<\/strong>&nbsp;am jeweiligen Arbeitsplatzdrucker sowie die automatische Weiterleitung empfangener Faxnachrichten per&nbsp;<strong>Email<\/strong>&nbsp;kann hierbei f\u00fcr jeden Benutzer individuell konfiguriert werden.<\/p>\n\n\n\n<h2 class=\"wp-block-heading\" id=\"funktionsubersicht\">Funktions\u00fcbersicht<\/h2>\n\n\n\n<ul class=\"wp-block-list\">\n<li>Lauff\u00e4hig unter Windows XP \/ 2003 \/ Vista \/ 2008 \/ 2012 \/ 7 \/ 8 \/ 8.1 \/10 \/ 11<\/li>\n\n\n\n<li>Unterst\u00fctzung von 64-bit Windows (x64)<\/li>\n\n\n\n<li>Terminal Server und Citrix Unterst\u00fctzung<\/li>\n\n\n\n<li>Vollst\u00e4ndige Client\/Server Architektur<\/li>\n\n\n\n<li>Zentrale Datenspeicherung am Fax Server<\/li>\n\n\n\n<li>Datenzugriff von jedem Arbeitsplatz im Netzwerk<\/li>\n\n\n\n<li>Ausgefeiltes Benutzer-\/Gruppen und Sicherheitskonzept<\/li>\n\n\n\n<li>Unterst\u00fctzung aller handels\u00fcblichen Faxmodems (Faxklasse 1, 1.0, 2 und 2.0), ISDN Adapter, sowie Brooktrout\/Dialogic Fax Boards<\/li>\n\n\n\n<li>Unterst\u00fctzung von V.34 Fax (Super G3) f\u00fcr \u00dcbertragungsraten bis 33.600 bps<\/li>\n\n\n\n<li>Unterst\u00fctzung von VoIP\/FoIP (Voice over IP\/Fax over IP) durch TE-Systems &#8222;XCAPI&#8220; Software oder Dialogic &#8222;Diva Server SoftIP&#8220; Software<\/li>\n\n\n\n<li>Unlimitierte Anzahl von Faxleitungen (Modems)<\/li>\n\n\n\n<li>Kostenloser technischer Support, sowie Software Updates zum freien Download f\u00fcr zwei Jahre<\/li>\n\n\n\n<li>Faxversand und Email aus jeder Windows Anwendungen \u00fcber eigenen Druckertreiber<\/li>\n\n\n\n<li>Automatische Verteilung empfangener Faxnachrichten \u00fcber Faxdurchwahl (DDI, MSN, DID), Absenderkennung (CSID) und Line Routing<\/li>\n\n\n\n<li>Automatischer Druck von empfangenen Faxnachrichten und Sendeberichten auf unterschiedlichen Druckern pro Benutzer<\/li>\n\n\n\n<li>Automatische Weiterleitung von Faxnachrichten per Email an eine oder mehrere Email Adressen<\/li>\n\n\n\n<li>Automatischer Export von Faxdokumenten<\/li>\n\n\n\n<li>Unterst\u00fctzung der Dateiformate PDF, Tiff, Multipage Tiff, GIF und BMP f\u00fcr Email Dateianh\u00e4nge und Export<\/li>\n\n\n\n<li>Automatischen \u00dcbergabe von Faxparametern (Faxnummer, Betreff, Priorit\u00e4t, usw.) f\u00fcr automatischen Faxversand aus eigenen Anwendungen \u00fcber Datenfelder<\/li>\n\n\n\n<li>Automatische Archivierung von Faxnachrichten<\/li>\n\n\n\n<li>Allgemeines und privates Telefonbuch<\/li>\n\n\n\n<li>Direkter Zugriff auf Outlook und Exchange Adressb\u00fccher<\/li>\n\n\n\n<li>Deckblatt und Overlay Verwaltung<\/li>\n\n\n\n<li>Anbindung an externe Datenbanken \u00fcber ODBC Schnittstelle<\/li>\n\n\n\n<li>Faxabruf Server und Client (Fax Polling)<\/li>\n\n\n\n<li>Least Cost Routing und automatischer zeitversetzter Versand<\/li>\n\n\n\n<li>Email Anbindung \u00fcber direkte Internetverbindung oder RAS W\u00e4hlverbindung (DF\u00dc-Netzwerk) mittels SMTP<\/li>\n\n\n\n<li>Unterst\u00fctzung von HP Digital Sender 9100C und Xerox Workcentre<\/li>\n\n\n\n<li>Effiziente Nutzung der Resourcen f\u00fcr geringe Hardwareanforderungen<\/li>\n\n\n\n<li>Automatische Hardwareerkennung und Konfiguration durch das Setup Programm<\/li>\n<\/ul>\n","protected":false},"excerpt":{"rendered":"<p>ActFax &#8211; Die Fax Server L\u00f6sung f\u00fcr Windows ActFax&nbsp;setzt als eines der f\u00fchrenden Produkte im Bereich firmenweiter Integration von&nbsp;Netzwerk Faxl\u00f6sungen&nbsp;seit Jahren Ma\u00dfst\u00e4be. Weltweit z\u00e4hlen zahlreiche renommierte Unternehmen zu den Anwendern&nbsp;und vertrauen auf ActFax. Die&nbsp;Client\/Server Architektur&nbsp;von ActFax erm\u00f6glicht dabei eine rasche und einfache Integration von Fax und Email &nbsp;unter&nbsp;Windows. Die Software ist auch inTerminal Server&nbsp;Umgebungen voll [&hellip;]<\/p>\n","protected":false},"author":2,"featured_media":0,"parent":0,"menu_order":0,"comment_status":"closed","ping_status":"closed","template":"","meta":{"_editorskit_title_hidden":true,"_editorskit_reading_time":0,"_editorskit_is_block_options_detached":false,"_editorskit_block_options_position":"{}","_uag_custom_page_level_css":"","site-sidebar-layout":"default","site-content-layout":"","ast-site-content-layout":"default","site-content-style":"default","site-sidebar-style":"default","ast-global-header-display":"","ast-banner-title-visibility":"","ast-main-header-display":"","ast-hfb-above-header-display":"","ast-hfb-below-header-display":"","ast-hfb-mobile-header-display":"","site-post-title":"","ast-breadcrumbs-content":"","ast-featured-img":"","footer-sml-layout":"","ast-disable-related-posts":"","theme-transparent-header-meta":"","adv-header-id-meta":"","stick-header-meta":"","header-above-stick-meta":"","header-main-stick-meta":"","header-below-stick-meta":"","astra-migrate-meta-layouts":"set","ast-page-background-enabled":"default","ast-page-background-meta":{"desktop":{"background-color":"var(--ast-global-color-4)","background-image":"","background-repeat":"repeat","background-position":"center center","background-size":"auto","background-attachment":"scroll","background-type":"","background-media":"","overlay-type":"","overlay-color":"","overlay-opacity":"","overlay-gradient":""},"tablet":{"background-color":"","background-image":"","background-repeat":"repeat","background-position":"center center","background-size":"auto","background-attachment":"scroll","background-type":"","background-media":"","overlay-type":"","overlay-color":"","overlay-opacity":"","overlay-gradient":""},"mobile":{"background-color":"","background-image":"","background-repeat":"repeat","background-position":"center center","background-size":"auto","background-attachment":"scroll","background-type":"","background-media":"","overlay-type":"","overlay-color":"","overlay-opacity":"","overlay-gradient":""}},"ast-content-background-meta":{"desktop":{"background-color":"var(--ast-global-color-5)","background-image":"","background-repeat":"repeat","background-position":"center center","background-size":"auto","background-attachment":"scroll","background-type":"","background-media":"","overlay-type":"","overlay-color":"","overlay-opacity":"","overlay-gradient":""},"tablet":{"background-color":"var(--ast-global-color-5)","background-image":"","background-repeat":"repeat","background-position":"center center","background-size":"auto","background-attachment":"scroll","background-type":"","background-media":"","overlay-type":"","overlay-color":"","overlay-opacity":"","overlay-gradient":""},"mobile":{"background-color":"var(--ast-global-color-5)","background-image":"","background-repeat":"repeat","background-position":"center center","background-size":"auto","background-attachment":"scroll","background-type":"","background-media":"","overlay-type":"","overlay-color":"","overlay-opacity":"","overlay-gradient":""}},"footnotes":""},"class_list":["post-274","page","type-page","status-publish","hentry"],"uagb_featured_image_src":{"full":false,"thumbnail":false,"medium":false,"medium_large":false,"large":false,"1536x1536":false,"2048x2048":false},"uagb_author_info":{"display_name":"Gerd Grosch","author_link":"https:\/\/www.compware.de\/?author=2"},"uagb_comment_info":0,"uagb_excerpt":"ActFax &#8211; Die Fax Server L\u00f6sung f\u00fcr Windows ActFax&nbsp;setzt als eines der f\u00fchrenden Produkte im Bereich firmenweiter Integration von&nbsp;Netzwerk Faxl\u00f6sungen&nbsp;seit Jahren Ma\u00dfst\u00e4be. Weltweit z\u00e4hlen zahlreiche renommierte Unternehmen zu den Anwendern&nbsp;und vertrauen auf ActFax. Die&nbsp;Client\/Server Architektur&nbsp;von ActFax erm\u00f6glicht dabei eine rasche und einfache Integration von Fax und Email &nbsp;unter&nbsp;Windows. Die Software ist auch inTerminal Server&nbsp;Umgebungen voll&hellip;","_links":{"self":[{"href":"https:\/\/www.compware.de\/index.php?rest_route=\/wp\/v2\/pages\/274","targetHints":{"allow":["GET"]}}],"collection":[{"href":"https:\/\/www.compware.de\/index.php?rest_route=\/wp\/v2\/pages"}],"about":[{"href":"https:\/\/www.compware.de\/index.php?rest_route=\/wp\/v2\/types\/page"}],"author":[{"embeddable":true,"href":"https:\/\/www.compware.de\/index.php?rest_route=\/wp\/v2\/users\/2"}],"replies":[{"embeddable":true,"href":"https:\/\/www.compware.de\/index.php?rest_route=%2Fwp%2Fv2%2Fcomments&post=274"}],"version-history":[{"count":5,"href":"https:\/\/www.compware.de\/index.php?rest_route=\/wp\/v2\/pages\/274\/revisions"}],"predecessor-version":[{"id":2269,"href":"https:\/\/www.compware.de\/index.php?rest_route=\/wp\/v2\/pages\/274\/revisions\/2269"}],"wp:attachment":[{"href":"https:\/\/www.compware.de\/index.php?rest_route=%2Fwp%2Fv2%2Fmedia&parent=274"}],"curies":[{"name":"wp","href":"https:\/\/api.w.org\/{rel}","templated":true}]}}