{"id":38,"date":"2019-01-12T10:05:27","date_gmt":"2019-01-12T10:05:27","guid":{"rendered":"http:\/\/compware.de\/?page_id=38"},"modified":"2026-01-07T10:42:54","modified_gmt":"2026-01-07T09:42:54","slug":"wir","status":"publish","type":"page","link":"https:\/\/www.compware.de\/?page_id=38","title":{"rendered":"Unternehmen"},"content":{"rendered":"\n<div class=\"wp-block-columns is-style-default is-layout-flex wp-container-core-columns-is-layout-28f84493 wp-block-columns-is-layout-flex\">\n<div class=\"wp-block-column is-vertically-aligned-top is-layout-flow wp-block-column-is-layout-flow\" style=\"flex-basis:33.33%\">\n<figure class=\"wp-block-image aligncenter size-large is-resized\"><img loading=\"lazy\" decoding=\"async\" width=\"1024\" height=\"682\" src=\"https:\/\/www.compware.de\/wp-content\/uploads\/2022\/02\/DJI_0554-1024x682.jpg\" alt=\"\" class=\"wp-image-1170\" srcset=\"https:\/\/www.compware.de\/wp-content\/uploads\/2022\/02\/DJI_0554-1024x682.jpg 1024w, https:\/\/www.compware.de\/wp-content\/uploads\/2022\/02\/DJI_0554-300x200.jpg 300w, https:\/\/www.compware.de\/wp-content\/uploads\/2022\/02\/DJI_0554-768x512.jpg 768w, https:\/\/www.compware.de\/wp-content\/uploads\/2022\/02\/DJI_0554-1536x1023.jpg 1536w, https:\/\/www.compware.de\/wp-content\/uploads\/2022\/02\/DJI_0554-2048x1364.jpg 2048w\" sizes=\"auto, (max-width: 1024px) 100vw, 1024px\" \/><\/figure>\n<\/div>\n\n\n\n<div class=\"wp-block-column is-layout-flow wp-block-column-is-layout-flow\" style=\"flex-basis:66.66%\">\n<p class=\"has-text-align-justify\">Die CompWare Systemhaus GmbH wurde 1984 in Gernsheim gegr\u00fcndet. Im Firmensitz, im Industriegebiet Ost, bieten wir technischen Service, Lager, Schulung, Beratung und Verkauf.<br>Der gesch\u00e4ftsf\u00fchrende Gesellschafter ist Hans Herget.<br>Traditionell bediente CompWare seit Gr\u00fcndung Kunden in Industrie, Handwerk und Beh\u00f6rden. Im Jahr 1989 wurde mit der Betreuung im Medizinbereich ein weiteres Gesch\u00e4ftsfeld erschlossen, zu dem mittlerweile bundesweit mehr als 1000 Arztpraxen im EDV- und Medizintechnikbereich betreut werden.<\/p>\n<\/div>\n<\/div>\n\n\n\n<p class=\"has-text-align-justify\">Die Kernkompetenzen von CompWare liegen im System- und L\u00f6sungsbereich. In der heutigen Zeit, in der die Komplexit\u00e4t von Anwendungen immer mehr zunimmt, ist es f\u00fcr den Kunden wichtig, ein Systemhaus zum Partner zu haben, das in der Lage ist, eine umfassende L\u00f6sung anzubieten.&nbsp;<\/p>\n\n\n\n<p class=\"has-text-align-center has-medium-font-size\"><strong>Dieses Systemhaus zu sein hat sich CompWare als Ziel gesetzt.<\/strong><\/p>\n\n\n\n<p>Dar\u00fcber hinaus ist CompWare Partner&nbsp;bundesweit t\u00e4tiger Systemhauskooperationen<\/p>\n\n\n\n<div class=\"wp-block-columns is-layout-flex wp-container-core-columns-is-layout-28f84493 wp-block-columns-is-layout-flex\">\n<div class=\"wp-block-column is-layout-flow wp-block-column-is-layout-flow\" style=\"flex-basis:33.33%\">\n<figure class=\"wp-block-image size-full is-resized\"><img loading=\"lazy\" decoding=\"async\" width=\"160\" height=\"85\" src=\"https:\/\/www.compware.de\/wp-content\/uploads\/2022\/02\/iteam_logo.gif\" alt=\"\" class=\"wp-image-988\" style=\"width:292px;height:155px\"\/><\/figure>\n<\/div>\n\n\n\n<div class=\"wp-block-column is-layout-flow wp-block-column-is-layout-flow\" style=\"flex-basis:66.66%\">\n<p class=\"has-text-align-justify\">Die iTeam Systemhauskooperation ist mit mehr als 330 IT-Systemh\u00e4usern seit 1999 im gehobenen Systemhausgesch\u00e4ft etabliert. Hauptaufgabe der iTeam ist die gemeinsame aktive Vermarktung von Projekten und Dienstleistungen. iTeam unterh\u00e4lt \u00fcber ihre angeschlossenen Partner ein bundesweit fl\u00e4chendeckendes Kompetenznetz. Eine besondere St\u00e4rke des Verbundes sind die individuellen Spezialisierungen der einzelnen Partner, die projektabh\u00e4ngig abgerufen und f\u00fcr gemeinschaftlich bestellte Auftr\u00e4ge zusammen gef\u00fchrt werden k\u00f6nnen.<\/p>\n<\/div>\n<\/div>\n\n\n\n<div class=\"wp-block-columns is-layout-flex wp-container-core-columns-is-layout-28f84493 wp-block-columns-is-layout-flex\">\n<div class=\"wp-block-column is-layout-flow wp-block-column-is-layout-flow\" style=\"flex-basis:33.33%\">\n<figure class=\"wp-block-image size-full is-resized\"><img loading=\"lazy\" decoding=\"async\" width=\"160\" height=\"85\" src=\"https:\/\/www.compware.de\/wp-content\/uploads\/2022\/02\/microtrend_logo.gif\" alt=\"\" class=\"wp-image-989\" style=\"width:290px;height:154px\"\/><\/figure>\n<\/div>\n\n\n\n<div class=\"wp-block-column is-layout-flow wp-block-column-is-layout-flow\" style=\"flex-basis:66.66%\">\n<p class=\"has-text-align-justify\">MICROTREND ist die Einkaufs- und Dienstleistungskooperation f\u00fcr unabh\u00e4ngige IT-Fachh\u00e4ndler mit Schwerpunkt im B2C Bereich. Die Fachhandelskooperation betreut derzeit knapp 1.400 Partner in Deutschland und \u00d6sterreich. Neben den Top-Einkaufskonditionen geh\u00f6ren professionelle Marketingleistungen zu den wichtigsten Erfolgsfaktoren von MICROTREND. Daf\u00fcr bietet die Zentrale auch Kooperationen mit f\u00fchrenden Finanzdienstleistern sowie Lieferanten<\/p>\n<\/div>\n<\/div>\n\n\n\n<div class=\"wp-block-columns is-layout-flex wp-container-core-columns-is-layout-28f84493 wp-block-columns-is-layout-flex\">\n<div class=\"wp-block-column is-layout-flow wp-block-column-is-layout-flow\" style=\"flex-basis:33.33%\"><\/div>\n\n\n\n<div class=\"wp-block-column is-layout-flow wp-block-column-is-layout-flow\" style=\"flex-basis:66.66%\">\n<p class=\"has-text-align-justify\"><\/p>\n<\/div>\n<\/div>\n","protected":false},"excerpt":{"rendered":"<p>Die CompWare Systemhaus GmbH wurde 1984 in Gernsheim gegr\u00fcndet. Im Firmensitz, im Industriegebiet Ost, bieten wir technischen Service, Lager, Schulung, Beratung und Verkauf.Der gesch\u00e4ftsf\u00fchrende Gesellschafter ist Hans Herget.Traditionell bediente CompWare seit Gr\u00fcndung Kunden in Industrie, Handwerk und Beh\u00f6rden. Im Jahr 1989 wurde mit der Betreuung im Medizinbereich ein weiteres Gesch\u00e4ftsfeld erschlossen, zu dem mittlerweile bundesweit [&hellip;]<\/p>\n","protected":false},"author":1,"featured_media":0,"parent":0,"menu_order":0,"comment_status":"closed","ping_status":"closed","template":"","meta":{"_editorskit_title_hidden":false,"_editorskit_reading_time":1,"_editorskit_is_block_options_detached":false,"_editorskit_block_options_position":"{}","_uag_custom_page_level_css":"","site-sidebar-layout":"default","site-content-layout":"","ast-site-content-layout":"default","site-content-style":"default","site-sidebar-style":"default","ast-global-header-display":"","ast-banner-title-visibility":"","ast-main-header-display":"","ast-hfb-above-header-display":"","ast-hfb-below-header-display":"","ast-hfb-mobile-header-display":"","site-post-title":"disabled","ast-breadcrumbs-content":"","ast-featured-img":"","footer-sml-layout":"","ast-disable-related-posts":"","theme-transparent-header-meta":"","adv-header-id-meta":"","stick-header-meta":"","header-above-stick-meta":"","header-main-stick-meta":"","header-below-stick-meta":"","astra-migrate-meta-layouts":"set","ast-page-background-enabled":"default","ast-page-background-meta":{"desktop":{"background-color":"var(--ast-global-color-4)","background-image":"","background-repeat":"repeat","background-position":"center center","background-size":"auto","background-attachment":"scroll","background-type":"","background-media":"","overlay-type":"","overlay-color":"","overlay-opacity":"","overlay-gradient":""},"tablet":{"background-color":"","background-image":"","background-repeat":"repeat","background-position":"center center","background-size":"auto","background-attachment":"scroll","background-type":"","background-media":"","overlay-type":"","overlay-color":"","overlay-opacity":"","overlay-gradient":""},"mobile":{"background-color":"","background-image":"","background-repeat":"repeat","background-position":"center center","background-size":"auto","background-attachment":"scroll","background-type":"","background-media":"","overlay-type":"","overlay-color":"","overlay-opacity":"","overlay-gradient":""}},"ast-content-background-meta":{"desktop":{"background-color":"var(--ast-global-color-5)","background-image":"","background-repeat":"repeat","background-position":"center center","background-size":"auto","background-attachment":"scroll","background-type":"","background-media":"","overlay-type":"","overlay-color":"","overlay-opacity":"","overlay-gradient":""},"tablet":{"background-color":"var(--ast-global-color-5)","background-image":"","background-repeat":"repeat","background-position":"center center","background-size":"auto","background-attachment":"scroll","background-type":"","background-media":"","overlay-type":"","overlay-color":"","overlay-opacity":"","overlay-gradient":""},"mobile":{"background-color":"var(--ast-global-color-5)","background-image":"","background-repeat":"repeat","background-position":"center center","background-size":"auto","background-attachment":"scroll","background-type":"","background-media":"","overlay-type":"","overlay-color":"","overlay-opacity":"","overlay-gradient":""}},"footnotes":""},"class_list":["post-38","page","type-page","status-publish","hentry"],"uagb_featured_image_src":{"full":false,"thumbnail":false,"medium":false,"medium_large":false,"large":false,"1536x1536":false,"2048x2048":false},"uagb_author_info":{"display_name":"Hans Herget","author_link":"https:\/\/www.compware.de\/?author=1"},"uagb_comment_info":0,"uagb_excerpt":"Die CompWare Systemhaus GmbH wurde 1984 in Gernsheim gegr\u00fcndet. Im Firmensitz, im Industriegebiet Ost, bieten wir technischen Service, Lager, Schulung, Beratung und Verkauf.Der gesch\u00e4ftsf\u00fchrende Gesellschafter ist Hans Herget.Traditionell bediente CompWare seit Gr\u00fcndung Kunden in Industrie, Handwerk und Beh\u00f6rden. Im Jahr 1989 wurde mit der Betreuung im Medizinbereich ein weiteres Gesch\u00e4ftsfeld erschlossen, zu dem mittlerweile bundesweit&hellip;","_links":{"self":[{"href":"https:\/\/www.compware.de\/index.php?rest_route=\/wp\/v2\/pages\/38","targetHints":{"allow":["GET"]}}],"collection":[{"href":"https:\/\/www.compware.de\/index.php?rest_route=\/wp\/v2\/pages"}],"about":[{"href":"https:\/\/www.compware.de\/index.php?rest_route=\/wp\/v2\/types\/page"}],"author":[{"embeddable":true,"href":"https:\/\/www.compware.de\/index.php?rest_route=\/wp\/v2\/users\/1"}],"replies":[{"embeddable":true,"href":"https:\/\/www.compware.de\/index.php?rest_route=%2Fwp%2Fv2%2Fcomments&post=38"}],"version-history":[{"count":21,"href":"https:\/\/www.compware.de\/index.php?rest_route=\/wp\/v2\/pages\/38\/revisions"}],"predecessor-version":[{"id":2528,"href":"https:\/\/www.compware.de\/index.php?rest_route=\/wp\/v2\/pages\/38\/revisions\/2528"}],"wp:attachment":[{"href":"https:\/\/www.compware.de\/index.php?rest_route=%2Fwp%2Fv2%2Fmedia&parent=38"}],"curies":[{"name":"wp","href":"https:\/\/api.w.org\/{rel}","templated":true}]}}