{"id":56,"date":"2022-01-26T10:39:08","date_gmt":"2022-01-26T10:39:08","guid":{"rendered":"http:\/\/compware.de\/?page_id=56"},"modified":"2022-02-11T09:38:47","modified_gmt":"2022-02-11T09:38:47","slug":"software","status":"publish","type":"page","link":"https:\/\/www.compware.de\/?page_id=56","title":{"rendered":"Software"},"content":{"rendered":"\n<h1 class=\"wp-block-heading\" id=\"software\"><strong>Software<\/strong><\/h1>\n\n\n\n<div class=\"wp-block-image\"><figure class=\"alignleft size-full is-resized\"><img loading=\"lazy\" decoding=\"async\" src=\"https:\/\/compware.de\/wp-content\/uploads\/2022\/02\/Microsoft.gif\" alt=\"\" class=\"wp-image-484\" width=\"232\" height=\"52\"\/><\/figure><\/div>\n\n\n\n<p class=\"has-text-align-justify\">Aufgrund der heterogenen Systemumgebungen unserer Kunden m\u00fcssen wir in der Lage sein, auch \u00e4ltere Systeme zu supporten. Strategisch stehen bei uns jedoch Systeme in Microsoft Windows Umgebung im Vordergrund, obwohl wir uns auch gegen\u00fcber L\u00f6sungen in Linux Umgebung nicht verschliessen.<\/p>\n\n\n\n<div style=\"height:25px\" aria-hidden=\"true\" class=\"wp-block-spacer\"><\/div>\n\n\n\n<div class=\"wp-block-image\"><figure class=\"alignleft size-full is-resized\"><img loading=\"lazy\" decoding=\"async\" src=\"https:\/\/compware.de\/wp-content\/uploads\/2022\/02\/CGMM1PRO.gif\" alt=\"\" class=\"wp-image-482\" width=\"231\" height=\"63\"\/><\/figure><\/div>\n\n\n\n<p class=\"has-text-align-justify\">Seit 1989 sind wir im Markt f\u00fcr Abrechnungssysteme f\u00fcr niedergelassene \u00c4rzte und Ambulanzen aktiv. Bis November 2009 wurden Produkte des Anbieters medatiXX vertrieben. Seit Januar 2010 besteht nun eine Partnerschaft mit dem marktf\u00fchrenden Produkt CGM M1 PRO der CompuGROUP Medical Arztsysteme.<\/p>\n\n\n\n<div style=\"height:26px\" aria-hidden=\"true\" class=\"wp-block-spacer\"><\/div>\n\n\n\n<div class=\"wp-block-image\"><figure class=\"alignleft size-full is-resized\"><img loading=\"lazy\" decoding=\"async\" src=\"http:\/\/compware.de\/wp-content\/uploads\/2022\/02\/Logo_mediDOK-300x94-1.png\" alt=\"\" class=\"wp-image-526\" width=\"235\" height=\"74\"\/><\/figure><\/div>\n\n\n\n<p class=\"has-text-align-justify\">Seit 1999 vertreibt CompWare bundesweit eine Archivierungsl\u00f6sung f\u00fcr den medizinischen Bereich. mediDOK erm\u00f6glicht es dem Arzt alle seine Befunde elektronisch zu archivieren und so karteikartenlos zu arbeiten. Vertrieben wird mediDOK \u00fcber ein eigenes Partner Vertriebsnetz.<\/p>\n","protected":false},"excerpt":{"rendered":"<p>Software Aufgrund der heterogenen Systemumgebungen unserer Kunden m\u00fcssen wir in der Lage sein, auch \u00e4ltere Systeme zu supporten. Strategisch stehen bei uns jedoch Systeme in Microsoft Windows Umgebung im Vordergrund, obwohl wir uns auch gegen\u00fcber L\u00f6sungen in Linux Umgebung nicht verschliessen. Seit 1989 sind wir im Markt f\u00fcr Abrechnungssysteme f\u00fcr niedergelassene \u00c4rzte und Ambulanzen aktiv. [&hellip;]<\/p>\n","protected":false},"author":2,"featured_media":0,"parent":0,"menu_order":0,"comment_status":"closed","ping_status":"closed","template":"","meta":{"_editorskit_title_hidden":true,"_editorskit_reading_time":1,"_editorskit_is_block_options_detached":false,"_editorskit_block_options_position":"{}","_uag_custom_page_level_css":"","site-sidebar-layout":"default","site-content-layout":"","ast-site-content-layout":"default","site-content-style":"default","site-sidebar-style":"default","ast-global-header-display":"","ast-banner-title-visibility":"","ast-main-header-display":"","ast-hfb-above-header-display":"","ast-hfb-below-header-display":"","ast-hfb-mobile-header-display":"","site-post-title":"disabled","ast-breadcrumbs-content":"","ast-featured-img":"","footer-sml-layout":"","ast-disable-related-posts":"","theme-transparent-header-meta":"","adv-header-id-meta":"","stick-header-meta":"","header-above-stick-meta":"","header-main-stick-meta":"","header-below-stick-meta":"","astra-migrate-meta-layouts":"default","ast-page-background-enabled":"default","ast-page-background-meta":{"desktop":{"background-color":"var(--ast-global-color-4)","background-image":"","background-repeat":"repeat","background-position":"center center","background-size":"auto","background-attachment":"scroll","background-type":"","background-media":"","overlay-type":"","overlay-color":"","overlay-opacity":"","overlay-gradient":""},"tablet":{"background-color":"","background-image":"","background-repeat":"repeat","background-position":"center center","background-size":"auto","background-attachment":"scroll","background-type":"","background-media":"","overlay-type":"","overlay-color":"","overlay-opacity":"","overlay-gradient":""},"mobile":{"background-color":"","background-image":"","background-repeat":"repeat","background-position":"center center","background-size":"auto","background-attachment":"scroll","background-type":"","background-media":"","overlay-type":"","overlay-color":"","overlay-opacity":"","overlay-gradient":""}},"ast-content-background-meta":{"desktop":{"background-color":"var(--ast-global-color-5)","background-image":"","background-repeat":"repeat","background-position":"center center","background-size":"auto","background-attachment":"scroll","background-type":"","background-media":"","overlay-type":"","overlay-color":"","overlay-opacity":"","overlay-gradient":""},"tablet":{"background-color":"var(--ast-global-color-5)","background-image":"","background-repeat":"repeat","background-position":"center center","background-size":"auto","background-attachment":"scroll","background-type":"","background-media":"","overlay-type":"","overlay-color":"","overlay-opacity":"","overlay-gradient":""},"mobile":{"background-color":"var(--ast-global-color-5)","background-image":"","background-repeat":"repeat","background-position":"center center","background-size":"auto","background-attachment":"scroll","background-type":"","background-media":"","overlay-type":"","overlay-color":"","overlay-opacity":"","overlay-gradient":""}},"footnotes":""},"class_list":["post-56","page","type-page","status-publish","hentry"],"uagb_featured_image_src":{"full":false,"thumbnail":false,"medium":false,"medium_large":false,"large":false,"1536x1536":false,"2048x2048":false},"uagb_author_info":{"display_name":"Gerd Grosch","author_link":"https:\/\/www.compware.de\/?author=2"},"uagb_comment_info":0,"uagb_excerpt":"Software Aufgrund der heterogenen Systemumgebungen unserer Kunden m\u00fcssen wir in der Lage sein, auch \u00e4ltere Systeme zu supporten. Strategisch stehen bei uns jedoch Systeme in Microsoft Windows Umgebung im Vordergrund, obwohl wir uns auch gegen\u00fcber L\u00f6sungen in Linux Umgebung nicht verschliessen. Seit 1989 sind wir im Markt f\u00fcr Abrechnungssysteme f\u00fcr niedergelassene \u00c4rzte und Ambulanzen aktiv.&hellip;","_links":{"self":[{"href":"https:\/\/www.compware.de\/index.php?rest_route=\/wp\/v2\/pages\/56","targetHints":{"allow":["GET"]}}],"collection":[{"href":"https:\/\/www.compware.de\/index.php?rest_route=\/wp\/v2\/pages"}],"about":[{"href":"https:\/\/www.compware.de\/index.php?rest_route=\/wp\/v2\/types\/page"}],"author":[{"embeddable":true,"href":"https:\/\/www.compware.de\/index.php?rest_route=\/wp\/v2\/users\/2"}],"replies":[{"embeddable":true,"href":"https:\/\/www.compware.de\/index.php?rest_route=%2Fwp%2Fv2%2Fcomments&post=56"}],"version-history":[{"count":10,"href":"https:\/\/www.compware.de\/index.php?rest_route=\/wp\/v2\/pages\/56\/revisions"}],"predecessor-version":[{"id":1340,"href":"https:\/\/www.compware.de\/index.php?rest_route=\/wp\/v2\/pages\/56\/revisions\/1340"}],"wp:attachment":[{"href":"https:\/\/www.compware.de\/index.php?rest_route=%2Fwp%2Fv2%2Fmedia&parent=56"}],"curies":[{"name":"wp","href":"https:\/\/api.w.org\/{rel}","templated":true}]}}