{"id":57,"date":"2022-01-26T10:39:08","date_gmt":"2022-01-26T10:39:08","guid":{"rendered":"http:\/\/compware.de\/?page_id=57"},"modified":"2024-10-17T15:58:21","modified_gmt":"2024-10-17T13:58:21","slug":"hardware","status":"publish","type":"page","link":"https:\/\/www.compware.de\/?page_id=57","title":{"rendered":"Hardware"},"content":{"rendered":"\n<h1 class=\"wp-block-heading\" id=\"hardware\"><strong>Hardware<\/strong><\/h1>\n\n\n\n<p>Von Anfang an haben wir versucht, unser Hardwareportfolio so breit wie n\u00f6tig, aber auch so eng wie m\u00f6glich zu halten. Nur mit dieser Strategie k\u00f6nnen wir unsere hohen Anforderungen an den technischen Support, den wir unseren Kunden bieten wollen, entsprechen.<\/p>\n\n\n\n<p>Dies macht sich nicht nur bei der kurzen Lieferzeit auch f\u00fcr gr\u00f6\u00dfere Projekte bemerkbar, sondern sorgt auch daf\u00fcr, dass die technische Betreuung auf h\u00f6chstm\u00f6glichen Niveau erfolgen kann.<\/p>\n\n\n\n<p>Von Anfang an wurde auf Produkte von Markenherstellern gesetzt. Nur diese Produkte gew\u00e4hrleisten eine reibungslose Funktion, die wir unseren Kunden anbieten m\u00fcssen.<\/p>\n","protected":false},"excerpt":{"rendered":"<p>Hardware Von Anfang an haben wir versucht, unser Hardwareportfolio so breit wie n\u00f6tig, aber auch so eng wie m\u00f6glich zu halten. Nur mit dieser Strategie k\u00f6nnen wir unsere hohen Anforderungen an den technischen Support, den wir unseren Kunden bieten wollen, entsprechen. Dies macht sich nicht nur bei der kurzen Lieferzeit auch f\u00fcr gr\u00f6\u00dfere Projekte bemerkbar, [&hellip;]<\/p>\n","protected":false},"author":2,"featured_media":0,"parent":0,"menu_order":0,"comment_status":"closed","ping_status":"closed","template":"","meta":{"_editorskit_title_hidden":true,"_editorskit_reading_time":1,"_editorskit_is_block_options_detached":false,"_editorskit_block_options_position":"{}","_uag_custom_page_level_css":"","site-sidebar-layout":"default","site-content-layout":"","ast-site-content-layout":"default","site-content-style":"default","site-sidebar-style":"default","ast-global-header-display":"","ast-banner-title-visibility":"","ast-main-header-display":"","ast-hfb-above-header-display":"","ast-hfb-below-header-display":"","ast-hfb-mobile-header-display":"","site-post-title":"","ast-breadcrumbs-content":"","ast-featured-img":"","footer-sml-layout":"","ast-disable-related-posts":"","theme-transparent-header-meta":"","adv-header-id-meta":"","stick-header-meta":"","header-above-stick-meta":"","header-main-stick-meta":"","header-below-stick-meta":"","astra-migrate-meta-layouts":"set","ast-page-background-enabled":"default","ast-page-background-meta":{"desktop":{"background-color":"var(--ast-global-color-4)","background-image":"","background-repeat":"repeat","background-position":"center center","background-size":"auto","background-attachment":"scroll","background-type":"","background-media":"","overlay-type":"","overlay-color":"","overlay-opacity":"","overlay-gradient":""},"tablet":{"background-color":"","background-image":"","background-repeat":"repeat","background-position":"center center","background-size":"auto","background-attachment":"scroll","background-type":"","background-media":"","overlay-type":"","overlay-color":"","overlay-opacity":"","overlay-gradient":""},"mobile":{"background-color":"","background-image":"","background-repeat":"repeat","background-position":"center center","background-size":"auto","background-attachment":"scroll","background-type":"","background-media":"","overlay-type":"","overlay-color":"","overlay-opacity":"","overlay-gradient":""}},"ast-content-background-meta":{"desktop":{"background-color":"var(--ast-global-color-5)","background-image":"","background-repeat":"repeat","background-position":"center center","background-size":"auto","background-attachment":"scroll","background-type":"","background-media":"","overlay-type":"","overlay-color":"","overlay-opacity":"","overlay-gradient":""},"tablet":{"background-color":"var(--ast-global-color-5)","background-image":"","background-repeat":"repeat","background-position":"center center","background-size":"auto","background-attachment":"scroll","background-type":"","background-media":"","overlay-type":"","overlay-color":"","overlay-opacity":"","overlay-gradient":""},"mobile":{"background-color":"var(--ast-global-color-5)","background-image":"","background-repeat":"repeat","background-position":"center center","background-size":"auto","background-attachment":"scroll","background-type":"","background-media":"","overlay-type":"","overlay-color":"","overlay-opacity":"","overlay-gradient":""}},"footnotes":""},"class_list":["post-57","page","type-page","status-publish","hentry"],"uagb_featured_image_src":{"full":false,"thumbnail":false,"medium":false,"medium_large":false,"large":false,"1536x1536":false,"2048x2048":false},"uagb_author_info":{"display_name":"Gerd Grosch","author_link":"https:\/\/www.compware.de\/?author=2"},"uagb_comment_info":0,"uagb_excerpt":"Hardware Von Anfang an haben wir versucht, unser Hardwareportfolio so breit wie n\u00f6tig, aber auch so eng wie m\u00f6glich zu halten. Nur mit dieser Strategie k\u00f6nnen wir unsere hohen Anforderungen an den technischen Support, den wir unseren Kunden bieten wollen, entsprechen. Dies macht sich nicht nur bei der kurzen Lieferzeit auch f\u00fcr gr\u00f6\u00dfere Projekte bemerkbar,&hellip;","_links":{"self":[{"href":"https:\/\/www.compware.de\/index.php?rest_route=\/wp\/v2\/pages\/57","targetHints":{"allow":["GET"]}}],"collection":[{"href":"https:\/\/www.compware.de\/index.php?rest_route=\/wp\/v2\/pages"}],"about":[{"href":"https:\/\/www.compware.de\/index.php?rest_route=\/wp\/v2\/types\/page"}],"author":[{"embeddable":true,"href":"https:\/\/www.compware.de\/index.php?rest_route=\/wp\/v2\/users\/2"}],"replies":[{"embeddable":true,"href":"https:\/\/www.compware.de\/index.php?rest_route=%2Fwp%2Fv2%2Fcomments&post=57"}],"version-history":[{"count":4,"href":"https:\/\/www.compware.de\/index.php?rest_route=\/wp\/v2\/pages\/57\/revisions"}],"predecessor-version":[{"id":2349,"href":"https:\/\/www.compware.de\/index.php?rest_route=\/wp\/v2\/pages\/57\/revisions\/2349"}],"wp:attachment":[{"href":"https:\/\/www.compware.de\/index.php?rest_route=%2Fwp%2Fv2%2Fmedia&parent=57"}],"curies":[{"name":"wp","href":"https:\/\/api.w.org\/{rel}","templated":true}]}}