{"id":750,"date":"2022-02-02T15:20:01","date_gmt":"2022-02-02T15:20:01","guid":{"rendered":"http:\/\/compware.de\/?page_id=750"},"modified":"2024-12-17T14:31:55","modified_gmt":"2024-12-17T13:31:55","slug":"cgm-m1-pro-module","status":"publish","type":"page","link":"https:\/\/www.compware.de\/?page_id=750","title":{"rendered":"CGM\u00a0M1 PRO\u00a0Module"},"content":{"rendered":"\n<h2 class=\"wp-block-heading\" id=\"cgm-m1-pro-praxisarchiv\">CGM PraxisArchiv <a href=\"\/wp-content\/uploads\/2022\/02\/cm_m1_praxisarchiv.pdf\" target=\"_blank\" rel=\"noreferrer noopener\"><i class=\"fas fa-file-pdf\"><\/i><\/a><\/h2>\n\n\n\n<figure class=\"wp-block-image alignleft size-full\"><img loading=\"lazy\" decoding=\"async\" width=\"425\" height=\"309\" src=\"\/wp-content\/uploads\/2022\/02\/praxisachivbild.jpg\" alt=\"\" class=\"wp-image-1204\" srcset=\"https:\/\/www.compware.de\/wp-content\/uploads\/2022\/02\/praxisachivbild.jpg 425w, https:\/\/www.compware.de\/wp-content\/uploads\/2022\/02\/praxisachivbild-300x218.jpg 300w\" sizes=\"auto, (max-width: 425px) 100vw, 425px\" \/><\/figure>\n\n\n\n<p class=\"has-text-align-justify\">Mit dem PraxisArchiv binden Sie externe Unterlagen, B\u00fcrokorres-pondenz, Bildbefundungen usw. in Ihre elektronische Dokumentation ein. Es bietet Ihnen schnelle elektronische Archivierung aller Papier- und Bilddokumente, die Ihre Patienten in die Praxis bringen, Ablage aller \u00fcbermittelten Fremdbefunde direkt in der elektronischen Patientenakte, Realisierung des \u201apapierlosen B\u00fcros\u2019 durch Archivierung des allgemeinen Schriftwechsels der Praxis, Verf\u00fcgbarkeit aller Dokumente an allen Pl\u00e4tzen in der Praxis, direkte Befundablage aller Bildbefundungsquellen in der Karteikarte, direkte Verwendung der Bildbefunde in der Arztbriefschreibung<\/p>\n\n\n\n<div style=\"height:26px\" aria-hidden=\"true\" class=\"wp-block-spacer\"><\/div>\n\n\n\n<h2 class=\"wp-block-heading\" id=\"cgm-m1-pro-dmp-assist\">CGM DMP-Assist <a href=\"https:\/\/www.compware.de\/wp-content\/uploads\/2024\/12\/CGMCOM-28746_ALB_DMP-Broschuere_1224_LBR_V2-1.pdf\" target=\"_blank\" rel=\"noreferrer noopener\"><i class=\"fas fa-file-pdf\"><\/i><\/a><\/h2>\n\n\n\n<figure class=\"wp-block-image alignleft size-full is-resized\"><img loading=\"lazy\" decoding=\"async\" width=\"425\" height=\"275\" src=\"\/wp-content\/uploads\/2022\/02\/DMPbild.jpg\" alt=\"\" class=\"wp-image-1223\" style=\"width:429px;height:278px\" srcset=\"https:\/\/www.compware.de\/wp-content\/uploads\/2022\/02\/DMPbild.jpg 425w, https:\/\/www.compware.de\/wp-content\/uploads\/2022\/02\/DMPbild-300x194.jpg 300w\" sizes=\"auto, (max-width: 425px) 100vw, 425px\" \/><\/figure>\n\n\n\n<p class=\"has-text-align-justify\">Wer kennt sie nicht, die Zeit und Einnahmen raubenden \u201aKorrekturschleifen&#8216; beim DMP? Langwierige Mehrfachbearbeitungen der Erhebungsb\u00f6gen f\u00fchren nicht selten dazu, dass die Abgabefristen f\u00fcr die Dokumentation \u00fcberschritten und die Arbeit im wahrsten Sinne umsonst war. DMP-Assist macht f\u00fcr Sie einen Plausibilit\u00e4tscheck vor Versand und hilft Ihnen bei der Fehlerbehebung! Der CGM M1 PRO DMP Assist bietet Ihnen schnelle elektronische Erfassung aller DMP-Dokumentationsb\u00f6gen (Diabetes mel. Typ I- II, KHK, Mamma), \u00dcbernahme der patientenbezogenen und medizinischen Daten aus der CGM M1 PRO Kartei, zeitnahe Abgabe und garantierte Einhaltung, komfortable Online-\u00dcbermittlung ohne erforderlichen Ausdruck (regional), elektronische Archivierung ohne Duplikate vorhalten zu m\u00fcssen, schnelle Gegen\u00fcberstellung von Erst- und Folgedokumentationen ohne Rechercheaufwand<\/p>\n\n\n\n<h2 class=\"wp-block-heading\" id=\"cgm-m1-pro-praxistimer\">CGM PraxisTimer <a href=\"\/wp-content\/uploads\/2023\/01\/CGM_PRAXISTIMER.pdf\" target=\"_blank\" rel=\"noreferrer noopener\"><i class=\"fas fa-file-pdf\"><\/i><\/a><\/h2>\n\n\n\n<figure class=\"wp-block-image alignleft size-full\"><img decoding=\"async\" src=\"\/wp-content\/uploads\/2022\/02\/praxistimer.jpg\" alt=\"\" class=\"wp-image-1154\"\/><\/figure>\n\n\n\n<p class=\"has-text-align-justify\">Der CGM M1 PRO PraxisTimer wird individuell auf Ihre Praxis angepasst. Ihre Vorgaben sind die Basis f\u00fcr Inhalt und \u00dcbersichtlichkeit an jedem Arbeitsplatz. Den unterschiedlichen Leistungen in Ihrer Praxis k\u00f6nnen individuelle Farben zugeordnet werden, z.B. nach Personen oder Untersuchungsarten. Der CGM M1 PRO PraxisTimer gibt dadurch schon bei der Termin\u00fcbersicht eine visuelle Kontrolle der Praxisabl\u00e4ufe und die Auslastungen einzelner Personen, Ger\u00e4te, R\u00e4ume, etc. Die Wartelisten bietet auf einen Blick eine \u00dcbersicht der behandelten, anwesenden und versp\u00e4teten Patienten \u2013 vorsortiert z.B. nach Zimmern und Behandlern. Mit dem CGM M1 PRO PraxisTimer ersparen Sie sich die Mehrfacherfassung von Eintr\u00e4gen zu einem Termin, z.B. Patient, Anlass, Dauer, etc. Nahezu alle im System gespeicherten Parameter wie Zimmer, Behandler, Leistungen, Leistungsarten, gesch\u00e4tzter Verdienst, Behandlungsdauer etc. k\u00f6nnen vielf\u00e4ltig verglichen und ausgewertet werden. Auch Trendrechungen f\u00fcr ein Termin-Controlling sind m\u00f6glich. Die erweiterte automatische Terminvergabe ist der Schl\u00fcssel zur Ablaufoptimierung, da hier die praxisindividuellen Organisationskriterien angewendet werden und so eine optimale Integration der Patiententermine in den Praxisablauf erfolgt. Diese werden individuell auf die Organisation der Praxis abgestimmt und sind die zentralen Steuerungselemente. Auch Terminverschiebungen oder die Vergabe von Terminketten f\u00fcr eine zusammenh\u00e4ngende Behandlungsfolge sind in k\u00fcrzester Zeit m\u00f6glich. Die Termin\u00fcbersicht zeigt auf einen Blick die Tagesplanung mit den bestellten Patienten sowie deren geplante Behandlung im jeweiligen Behandlungszimmer. Farbige Markierungen kennzeichnen zudem unterschiedliche Leistungsgruppen und Behandler oder deren Auslastung. Die Terminliste gibt auf vielf\u00e4ltige Art Auskunft \u00fcber die aktuelle Raumbelegung oder die Termine eines bestimmten Behandlers. CGM M1 PRO PraxisManager f\u00fchrt alle wichtigen Informationen f\u00fcr die perfekte Praxisorganisation zusammen. Die schnelle Terminsuche bei komplexen Untersuchungs-anforderungen ist ein deutlicher Vorteil gegen\u00fcber dem manuell gef\u00fchrten Terminbuch oder bei manuell einzutragenden Terminen in einem elektronischen Terminplaner.<\/p>\n\n\n\n<h2 class=\"wp-block-heading\" id=\"cgm-m1-pro-iv-assist\">CGM M1 PRO IV Assist<\/h2>\n\n\n\n<figure class=\"wp-block-image alignleft size-full is-resized\"><img decoding=\"async\" src=\"\/wp-content\/uploads\/2022\/02\/ivverwaltung-1.jpg\" alt=\"\" class=\"wp-image-1155\" style=\"width:427px;height:248px\"\/><\/figure>\n\n\n\n<p class=\"has-text-align-justify\" id=\"cgm-m1-pro-impfdoc_top\">Die Integrierte Versorgung ist eine Versorgungsform, die der Gesetzgeber zum 01.01.2004 eingef\u00fchrt hat (\u00a7149 a ff. SGB V). Ziel der IV-Vertr\u00e4ge ist es, durch eine verbesserte Zusammenarbeit von Leistungsbringern aus verschiedenen Sektoren und Fachrichtungen die Qualit\u00e4t der Patientenversorgung auf \u00f6konomisch sinnvolle Weise zu erh\u00f6hen. Hierzu werden Einzelvertr\u00e4ge zwischen Krankenkassen und Leistungserbringern oder Krankenkassen und Managementgesellschaften abgeschlossen. Bereits heute sind mit dem CGM M1 PRO IV-Assist f\u00fcr Haus\u00e4rzte der \u201eBarmer-Hausarztvertrag\u201c und der \u201eVertrag zur Hausarztbasierten Integrierten Versorgung mit der AOK-Bayern\u201c umgesetzt. Weitere Vertr\u00e4ge werden kontinuierlich eingearbeitet.CompuMED-CGM M1 PRO unterst\u00fctzt komfortabel auch die Verwaltung der Vertr\u00e4ge zur Integrierten Versorgung des Deutschen Haus\u00e4rzteverbandes (H\u00c4VG). Nahtlos in Ihr Arzt-Informationssystem CGM M1 PRO integriert unterst\u00fctzt CGM M1 PRO IV-Assist bei der Einschreibung und Abrechnung von Patienten im Rahmen der Integrierten Versorgung. Daraus ergeben sich f\u00fcr die Arbeitsabl\u00e4ufe in Ihrer Praxis erhebliche Erleichterungen:<\/p>\n\n\n\n<h2 class=\"wp-block-heading\" id=\"cgm-m1-pro-impfdoc\">CGM ImpfDocNE <\/h2>\n\n\n\n<figure class=\"wp-block-image alignleft size-full is-resized\"><img loading=\"lazy\" decoding=\"async\" width=\"800\" height=\"531\" src=\"\/wp-content\/uploads\/2022\/02\/status_.jpg\" alt=\"\" class=\"wp-image-1217\" style=\"width:428px;height:277px\" srcset=\"https:\/\/www.compware.de\/wp-content\/uploads\/2022\/02\/status_.jpg 800w, https:\/\/www.compware.de\/wp-content\/uploads\/2022\/02\/status_-300x199.jpg 300w, https:\/\/www.compware.de\/wp-content\/uploads\/2022\/02\/status_-768x510.jpg 768w\" sizes=\"auto, (max-width: 800px) 100vw, 800px\" \/><\/figure>\n\n\n\n<p class=\"has-text-align-justify\">Impfleistungen sind budgetunabh\u00e4ngig. Die komplexen Indikationen und Impfstoffeigenarten bei unterschiedlichen Altersgruppen sowie die sich st\u00e4ndig \u00e4ndernden Empfehlungen und Verordnungen erfordern vom Arzt ein hohes Ma\u00df an aktuellem Wissen und bergen einen erheblichen Aufwand. Alleine in Deutschland gibt es 100 verschiedene Impfstoffe, als Mono-, oder als Kombinationspr\u00e4parate. Etwa 30 Impfschemata werden von der St\u00e4ndigen Impfkommission am Robert-Koch-Institut (STIKO) und von den Impfstoffherstellern empfohlen. Bei der Verordnung von Impfstoffen muss der Arzt alleine in Deutschland unter mehr als 500 Packungen ausw\u00e4hlen. ImpfDocNE bietet Ihnen st\u00e4ndig aktuelle Informationen zum Impfwesen. Ohne aufw\u00e4ndige und zeitraubende Recherche und Fortbildung k\u00f6nnen Sie sicher sein, dass Sie Ihre Patienten qualifiziert und umfassend versorgen. Und minimieren auf diesem Wege Ihren Aufwand bei Verbreiterung Ihres Leistungsspektrums!<\/p>\n\n\n\n<h2 class=\"wp-block-heading\" id=\"cgm-m1-pro-gdt\">CGM M1 PRO GDT<\/h2>\n\n\n\n<figure class=\"wp-block-image alignleft size-full is-resized\"><img decoding=\"async\" src=\"\/wp-content\/uploads\/2022\/02\/gdt1.jpg\" alt=\"\" class=\"wp-image-1158\" style=\"width:430px;height:325px\"\/><\/figure>\n\n\n\n<p class=\"has-text-align-justify\">Medizinische Ger\u00e4te sind schon lange keine Dom\u00e4ne der fach\u00e4rztlichen Praxis mehr. EKG, Sono, Lungenfunktion usw. finden sich zunehmend selbst in der allgemein\u00e4rztlichen Praxis. Von der Vielzahl an Ger\u00e4ten im fachmedizinischen Bereich ganz zu schweigen. In der Folge werden Patientenstammdaten in der Praxis nicht selten bis zu 5x und mehr f\u00fcr die einzelnen Ger\u00e4te aufgenommen. Befunde werden zu Papier gebracht oder in den eigenen Datenbanken der Ger\u00e4te abgelegt, im Bedarfsfalle die Befunddaten der Patienten aus vielen unterschiedlichen Quellen zusammengetragen. Selbst ein simpler Befundbrief wird somit zur zeitraubenden Tortur. Und Zeit hat wirklich niemand mehr \u2026 Der Ger\u00e4te- Daten- Tausch bietet den zeit- und kostensparenden Aufruf der Medizinger\u00e4te direkt aus der elektronischen Patientenakte. Ihr CGM M1 PRO \u00fcbergibt die Daten des Patienten an das Befundungsger\u00e4t und legt die Befundung zur zeitsparenden Recherche direkt in der elektronischen Akte ab.<\/p>\n\n\n\n<h2 class=\"wp-block-heading\" id=\"cgm-m1-pro-comfort-statistik\">CGM M1 PRO Comfort Statistik<\/h2>\n\n\n\n<figure class=\"wp-block-image alignleft size-full is-resized\"><img decoding=\"async\" src=\"\/wp-content\/uploads\/2022\/02\/comfort1.jpg\" alt=\"\" class=\"wp-image-1159\" style=\"width:428px;height:325px\"\/><\/figure>\n\n\n\n<p class=\"has-text-align-justify\">Die CGM M1 PRO Comfort-Statistik ist die unabdingbare Argumentationshilfe f\u00fcr den Regressfall und die Unterst\u00fctzung f\u00fcr Ihre wissenschaftliche Arbeit. Ohne zus\u00e4tzlichen Aufwand haben Sie im 1-Klick-\u00dcberblick alle praxisrelevanten Daten auf einen Blick und k\u00f6nnen zeitnah auf die Entwicklungen in Ihrer Praxis reagieren. Ob in der Argumentation gegen\u00fcber der KV im Regressfall oder im Praxismarketing bei \u00dcberalterung Ihres Patientenstammes \u2026<br>Erweiterte Medikamentenstatistiken mit \u201atop-ten\u2019 der Patienten mit der h\u00f6chsten Verschreibungsquote, Zuordnung der Patienten zu Medikamenten, Auswertungen nach Alter, Versichertengruppen, Diagnosen, Scheinarten<br>erweiterte Diagnosenstatistiken mit \u00dcbersicht \u00fcber erhobene Diagnosen und zugeh\u00f6rige erfasste Leistungen, Zuordnung der Patienten zu Diagnosengruppen auf einen Blick, Auswertungen nach Alter, Versichertengruppen, Diagnosen, Scheinarten<br>erweiterte Patientenstatistiken mit Altersstatistiken, \u00dcbersicht \u00fcber den Versichertenstatus, \u00dcberweiserstatisiken, Quartalsvergleichen<\/p>\n\n\n\n<h2 class=\"wp-block-heading\" id=\"cgm-m1-pro-telefonie\">CGM M1 PRO Telefonie<\/h2>\n\n\n\n<figure class=\"wp-block-image alignleft size-full is-resized\"><img decoding=\"async\" src=\"\/wp-content\/uploads\/2022\/02\/telefonie.jpg\" alt=\"\" class=\"wp-image-1149\" style=\"width:426px;height:288px\"\/><\/figure>\n\n\n\n<p class=\"has-text-align-justify\">Zu Zeiten immer knapper werdender Zeit-, Personal- und Finanzressourcen wird es immer schwieriger die Patienten ad\u00e4quat und umfassend zu versorgen. Die verl\u00e4ssliche Praxisorganisation spielt eine zunehmend wichtigere Rolle. Eine der Hauptst\u00f6rungsquellen f\u00fcr einen strukturierten Praxisablauf ist dabei sicherlich das Telefon. CGM M1 PRO Telefonie unterst\u00fctzt durch Identifikation des anrufenden Patienten und automatischen Aufruf der Karteikarte die schnelle und qualifizierte Abwicklung Ihrer Telefonate. Dar\u00fcber bietet Ihnen das CGM M1 PRO damit die direkte Anwahl des Patienten aus der Akte. Selbst Patienten, die l\u00e4nger nicht in Ihrer Praxis waren, werden sofort erkennbar, der Patient f\u00fchlt sich gut aufgehoben und Ihnen wird die Krankengeschichte von Ihrem CGM M1 PRO direkt vorgelegt. Patientenmarketing in einer neuen Dimension \u2026.<\/p>\n\n\n\n<h2 class=\"wp-block-heading\" id=\"cgm-m1-pro-padiatrie-icon-name-file-pdf-prefix-fas\">CGM M1 PRO P\u00e4diatrie <a href=\"\/wp-content\/uploads\/2022\/02\/Broschuere_CGM_M1_PRO_Paediatrieerweiterung.pdf\" target=\"_blank\" rel=\"noreferrer noopener\"><i class=\"fas fa-file-pdf\"><\/i><\/a><\/h2>\n\n\n\n<figure class=\"wp-block-image alignleft size-full is-resized\"><img decoding=\"async\" src=\"\/wp-content\/uploads\/2022\/02\/pad1.jpg\" alt=\"\" class=\"wp-image-1160\" style=\"width:428px;height:324px\"\/><\/figure>\n\n\n\n<p class=\"has-text-align-justify\">In der kinder- und jugendmedizinischen Praxis stellt sich neben der rein physischen Diagnostik zus\u00e4tzlich die Anforderung der Entwicklungs-diagnostik. Im Interesse des Patienten und des Gemeinwesens gilt es, Entwicklungsauff\u00e4lligkeiten und \u2013verz\u00f6gerungen rechtzeitig zu erkennen und geeignete Therapien einzuleiten. Diese Aufgaben ben\u00f6tigen wertvolle Zeit, die qualit\u00e4tsgerechte Aufbereitung von Befundberichten ist entsprechend kostspielig. CGM M1 PRO P\u00e4diatrie bietet Ihnen anhand von anerkannten Expertenverfahren die M\u00f6glichkeit schnell und qualifiziert zu befunden. Selbst umfangreiche Entwicklungstests werden automatisch zu eindrucksvollen und aussagekr\u00e4ftigen Entwicklungs-berichten, der Aufwand an Dokumentation und Schreibarbeiten wird auf ein Minimum reduziert.<\/p>\n\n\n\n<h2 class=\"wp-block-heading\" id=\"cgm-m1-pro-gynakologie-icon-name-file-pdf-prefix-fas\">CGM M1 PRO Gyn\u00e4kologie <a href=\"\/wp-content\/uploads\/2022\/02\/Broschuere_CGM_M1_PRO_Mutterpass.pdf\" target=\"_blank\" rel=\"noreferrer noopener\"><i class=\"fas fa-file-pdf\"><\/i><\/a><\/h2>\n\n\n\n<figure class=\"wp-block-image alignleft size-full is-resized\"><img decoding=\"async\" src=\"\/wp-content\/uploads\/2022\/02\/gyn1.jpg\" alt=\"\" class=\"wp-image-1161\" style=\"width:428px;height:329px\"\/><\/figure>\n\n\n\n<p class=\"has-text-align-justify\">CGM M1 PRO Gyn\u00e4kologie bietet Ihnen die vollst\u00e4ndige gyn\u00e4kologische Karteikarte mit allen Patienteninformationen auf einen Blick. Unabh\u00e4ngig, ob Leistungen nach EBM oder GO\u00c4 erbracht sind, die elektronische Karteikarte liegt quasi als \u201aoffenes Buch\u2019 vor Ihnen und gew\u00e4hrleistet eine schnelle Fortbehandlung. Das umfangreiche Bausteinwesen bietet Ihnen dabei die M\u00f6glichkeit neue Dokumentation zeit- und kostensparend im System zu hinterlegen. Mit individuell zu erstellenden Makros lassen sich dabei feste Behandlungspfade qualit\u00e4tssichernd in die EDV integrieren. Im Ergebnis erhalten Sie bei reduziertem Zeitaufwand erheblich mehr Qualit\u00e4t in der Behandlung und sind zus\u00e4tzlich in der Lage, diese sachgerecht zu dokumentieren<\/p>\n","protected":false},"excerpt":{"rendered":"<p>CGM PraxisArchiv Mit dem PraxisArchiv binden Sie externe Unterlagen, B\u00fcrokorres-pondenz, Bildbefundungen usw. in Ihre elektronische Dokumentation ein. Es bietet Ihnen schnelle elektronische Archivierung aller Papier- und Bilddokumente, die Ihre Patienten in die Praxis bringen, Ablage aller \u00fcbermittelten Fremdbefunde direkt in der elektronischen Patientenakte, Realisierung des \u201apapierlosen B\u00fcros\u2019 durch Archivierung des allgemeinen Schriftwechsels der Praxis, Verf\u00fcgbarkeit [&hellip;]<\/p>\n","protected":false},"author":2,"featured_media":0,"parent":0,"menu_order":0,"comment_status":"closed","ping_status":"closed","template":"","meta":{"_editorskit_title_hidden":false,"_editorskit_reading_time":6,"_editorskit_is_block_options_detached":false,"_editorskit_block_options_position":"{}","_uag_custom_page_level_css":"","site-sidebar-layout":"default","site-content-layout":"","ast-site-content-layout":"default","site-content-style":"default","site-sidebar-style":"default","ast-global-header-display":"","ast-banner-title-visibility":"","ast-main-header-display":"","ast-hfb-above-header-display":"","ast-hfb-below-header-display":"","ast-hfb-mobile-header-display":"","site-post-title":"disabled","ast-breadcrumbs-content":"","ast-featured-img":"","footer-sml-layout":"","ast-disable-related-posts":"","theme-transparent-header-meta":"","adv-header-id-meta":"","stick-header-meta":"","header-above-stick-meta":"","header-main-stick-meta":"","header-below-stick-meta":"","astra-migrate-meta-layouts":"set","ast-page-background-enabled":"default","ast-page-background-meta":{"desktop":{"background-color":"var(--ast-global-color-4)","background-image":"","background-repeat":"repeat","background-position":"center center","background-size":"auto","background-attachment":"scroll","background-type":"","background-media":"","overlay-type":"","overlay-color":"","overlay-opacity":"","overlay-gradient":""},"tablet":{"background-color":"","background-image":"","background-repeat":"repeat","background-position":"center center","background-size":"auto","background-attachment":"scroll","background-type":"","background-media":"","overlay-type":"","overlay-color":"","overlay-opacity":"","overlay-gradient":""},"mobile":{"background-color":"","background-image":"","background-repeat":"repeat","background-position":"center center","background-size":"auto","background-attachment":"scroll","background-type":"","background-media":"","overlay-type":"","overlay-color":"","overlay-opacity":"","overlay-gradient":""}},"ast-content-background-meta":{"desktop":{"background-color":"var(--ast-global-color-5)","background-image":"","background-repeat":"repeat","background-position":"center center","background-size":"auto","background-attachment":"scroll","background-type":"","background-media":"","overlay-type":"","overlay-color":"","overlay-opacity":"","overlay-gradient":""},"tablet":{"background-color":"var(--ast-global-color-5)","background-image":"","background-repeat":"repeat","background-position":"center center","background-size":"auto","background-attachment":"scroll","background-type":"","background-media":"","overlay-type":"","overlay-color":"","overlay-opacity":"","overlay-gradient":""},"mobile":{"background-color":"var(--ast-global-color-5)","background-image":"","background-repeat":"repeat","background-position":"center center","background-size":"auto","background-attachment":"scroll","background-type":"","background-media":"","overlay-type":"","overlay-color":"","overlay-opacity":"","overlay-gradient":""}},"footnotes":""},"class_list":["post-750","page","type-page","status-publish","hentry"],"uagb_featured_image_src":{"full":false,"thumbnail":false,"medium":false,"medium_large":false,"large":false,"1536x1536":false,"2048x2048":false},"uagb_author_info":{"display_name":"Gerd Grosch","author_link":"https:\/\/www.compware.de\/?author=2"},"uagb_comment_info":0,"uagb_excerpt":"CGM PraxisArchiv Mit dem PraxisArchiv binden Sie externe Unterlagen, B\u00fcrokorres-pondenz, Bildbefundungen usw. in Ihre elektronische Dokumentation ein. Es bietet Ihnen schnelle elektronische Archivierung aller Papier- und Bilddokumente, die Ihre Patienten in die Praxis bringen, Ablage aller \u00fcbermittelten Fremdbefunde direkt in der elektronischen Patientenakte, Realisierung des \u201apapierlosen B\u00fcros\u2019 durch Archivierung des allgemeinen Schriftwechsels der Praxis, Verf\u00fcgbarkeit&hellip;","_links":{"self":[{"href":"https:\/\/www.compware.de\/index.php?rest_route=\/wp\/v2\/pages\/750","targetHints":{"allow":["GET"]}}],"collection":[{"href":"https:\/\/www.compware.de\/index.php?rest_route=\/wp\/v2\/pages"}],"about":[{"href":"https:\/\/www.compware.de\/index.php?rest_route=\/wp\/v2\/types\/page"}],"author":[{"embeddable":true,"href":"https:\/\/www.compware.de\/index.php?rest_route=\/wp\/v2\/users\/2"}],"replies":[{"embeddable":true,"href":"https:\/\/www.compware.de\/index.php?rest_route=%2Fwp%2Fv2%2Fcomments&post=750"}],"version-history":[{"count":58,"href":"https:\/\/www.compware.de\/index.php?rest_route=\/wp\/v2\/pages\/750\/revisions"}],"predecessor-version":[{"id":2405,"href":"https:\/\/www.compware.de\/index.php?rest_route=\/wp\/v2\/pages\/750\/revisions\/2405"}],"wp:attachment":[{"href":"https:\/\/www.compware.de\/index.php?rest_route=%2Fwp%2Fv2%2Fmedia&parent=750"}],"curies":[{"name":"wp","href":"https:\/\/api.w.org\/{rel}","templated":true}]}}