{"id":835,"date":"2022-02-03T08:20:59","date_gmt":"2022-02-03T08:20:59","guid":{"rendered":"http:\/\/compware.de\/?page_id=835"},"modified":"2026-01-07T10:44:52","modified_gmt":"2026-01-07T09:44:52","slug":"impressum","status":"publish","type":"page","link":"https:\/\/www.compware.de\/?page_id=835","title":{"rendered":"Impressum"},"content":{"rendered":"\n<div class=\"wp-block-columns is-layout-flex wp-container-core-columns-is-layout-28f84493 wp-block-columns-is-layout-flex\">\n<div class=\"wp-block-column is-layout-flow wp-block-column-is-layout-flow\">\n<p class=\"has-text-align-justify\"><strong>CompWare Systemhaus GmbH<\/strong><br>Robert-Bunsen-Str. 4<br>64579 Gernsheim<br>\u00a0\u00a0\u00a0\u00a0\u00a0\u00a0\u00a0\u00a0<br>Fon +49 (0) 6258 \/ 9308-0<br>Fax +49 (0) 6258 \/ 9308-25<br><br><br>E-Mail:\u00a0<a href=\"mailto:info@compware.de\">info@compware.de<\/a><br>Internet:\u00a0<a href=\"https:\/\/www.compware.de\" target=\"_blank\" rel=\"noreferrer noopener\">https:\/\/www.compware.de<\/a><br><a href=\"https:\/\/www.compware.de\/wp-content\/uploads\/2022\/02\/Allgemeine-Geschaeftsbedingungen.pdf\" target=\"_blank\" rel=\"noreferrer noopener\">Allgemeine Gesch\u00e4ftsbedingungen<\/a><br><br>Gesch\u00e4ftsf\u00fchrer:<br><a href=\"mailto:hans.herget@compware.de\">Hans Herget<\/a><br><br>\u00a0\u00a0\u00a0\u00a0\u00a0\u00a0\u00a0\u00a0\u00a0<br>Amtsgericht Darmstadt, Registernummer HR B 52297<br>Umsatzsteuer-Identifikationsnummer gem\u00e4\u00df \u00a7 27 a<br>Umsatzsteuergesetz: DE 156999125<br>\u00a0\u00a0\u00a0\u00a0\u00a0\u00a0\u00a0\u00a0\u00a0<br><br>Inhaltlich Verantwortlicher gem\u00e4\u00df \u00a7 10 Absatz 3 MDStV:\u00a0<br><a href=\"mailto:hans.herget@compware.de\">Hans Herget<\/a>\u00a0(Anschrift wie oben)<br><br>\u00a0\u00a0\u00a0\u00a0\u00a0\u00a0\u00a0\u00a0\u00a0<br>Haftungshinweis:<br><strong>Aktualisierung\/Haftung<\/strong><br>Die CompWare Systemhaus GmbH (nachfolgend: &#8222;Herausgeber&#8220;) ist bem\u00fcht, f\u00fcr die Richtigkeit und Aktualit\u00e4t aller auf ihrer Website enthaltenen Informationen und Daten zu sorgen. Eine Haftung oder Garantie f\u00fcr die Aktualit\u00e4t, Richtigkeit und Vollst\u00e4ndigkeit der zur Verf\u00fcgung gestellten Informationen und Daten ist jedoch ausgeschlossen. In keinem Fall wird f\u00fcr Sch\u00e4den, die sich aus der Verwendung der abgerufenen Informationen ergeben, eine Haftung \u00fcbernommen. Der Herausgeber beh\u00e4lt sich vor, ohne Ank\u00fcndigung, \u00c4nderungen oder Erg\u00e4nzungen der bereitgestellten Informationen oder Daten vorzunehmen.\u00a0<br><br><strong>Linksetzung<\/strong><br>Der Herausgeber hat auf dieser Website Links zu anderen Seiten im Internet gelegt. F\u00fcr alle diese Links gilt: Der Herausgeber betont ausdr\u00fccklich, da\u00df er keinerlei Einfluss auf die Gestaltung und die Inhalte der gelinkten Seiten hat. Er ist f\u00fcr den Inhalt solcher Websites, die mittels eines elektronischen Links erreicht werden, nicht verantwortlich. Sollten durch diese Inhalte Rechte Dritter verletzt worden sein, so distanziert er sich ausdr\u00fccklich von den Inhalten dieser Seiten.<\/p>\n<\/div>\n\n\n\n<div class=\"wp-block-column is-layout-flow wp-block-column-is-layout-flow\">\n<p class=\"has-text-align-justify\"><strong>Urheberrecht<\/strong><br>Das Layout der Homepage, die verwendeten Grafiken, sowie die Sammlung der Beitr\u00e4ge sind urheberrechtlich gesch\u00fctzt. Die Seiten d\u00fcrfen nur zum privaten Gebrauch vervielf\u00e4ltigt, keine \u00c4nderungen vorgenommen und Vervielf\u00e4ltigungsst\u00fccke weder verbreitet noch zu \u00f6ffentlichen Wiedergaben benutzt werden. Die Vervielf\u00e4ltigung von Informationen oder Daten, insbesondere die Verwendung von Texten, Textteilen oder Bildmaterial, bedarf der vorherigen Zustimmung des Herausgebers.<br><br><strong>Datenschutz-Hinweise<\/strong><br>E-Mails und die online versendbaren Formulare werden ohne zus\u00e4tzliche Verschl\u00fcsselungstechniken weitergeleitet. Alle gesendeten Informationen k\u00f6nnen daher u.U. w\u00e4hrend der \u00dcbermittlung von Dritten eingesehen werden. Sicherheitshalber sollten Sie keine Kennw\u00f6rter, Kreditkartennummern oder andere Informationen versenden, die Sie geheim halten.\u00a0Die Betreiber dieser Seiten nehmen den Schutz Ihrer pers\u00f6nlichen Daten sehr ernst. Wir behandeln Ihre personenbezogenen Daten vertraulich und entsprechend der gesetzlichen Datenschutzvorschriften sowie dieser Datenschutzerkl\u00e4rung.Die Nutzung unserer Webseite ist in der Regel ohne Angabe personenbezogener Daten m\u00f6glich. Soweit auf unseren Seiten personenbezogene Daten (beispielsweise Name, Anschrift oder E-Mail-Adressen) erhoben werden, erfolgt dies, soweit m\u00f6glich, stets auf freiwilliger Basis. Diese Daten werden ohne Ihre ausdr\u00fcckliche Zustimmung nicht an Dritte weitergegeben. Wir weisen darauf hin, dass die Daten\u00fcbertragung im Internet (z.B. bei der Kommunikation per E-Mail) Sicherheitsl\u00fccken aufweisen kann. Ein l\u00fcckenloser Schutz der Daten vor dem Zugriff durch Dritte ist nicht m\u00f6glich.\u00a0<br><br><strong>Auskunft, L\u00f6schung, Sperrung<\/strong><br>Sie haben jederzeit das Recht auf unentgeltliche Auskunft\u00a0\u00fcber Ihre gespeicherten personenbezogenen Daten, deren Herkunft und Empf\u00e4nger und den Zweck der Datenverarbeitung sowie ein Recht auf Berichtigung, Sperrung oder L\u00f6schung dieser Daten. Hierzu sowie zu weiteren Fragen zum Thema personenbezogene Daten k\u00f6nnen Sie sich jederzeit unter der im Impressum angegebenen Adresse an uns wenden.\u00a0 \u00a0 \u00a0 \u00a0 \u00a0\u00a0<br><br>Stand 07.01.2026<\/p>\n<\/div>\n<\/div>\n","protected":false},"excerpt":{"rendered":"<p>CompWare Systemhaus GmbHRobert-Bunsen-Str. 464579 Gernsheim\u00a0\u00a0\u00a0\u00a0\u00a0\u00a0\u00a0\u00a0Fon +49 (0) 6258 \/ 9308-0Fax +49 (0) 6258 \/ 9308-25 E-Mail:\u00a0info@compware.deInternet:\u00a0https:\/\/www.compware.deAllgemeine Gesch\u00e4ftsbedingungen Gesch\u00e4ftsf\u00fchrer:Hans Herget \u00a0\u00a0\u00a0\u00a0\u00a0\u00a0\u00a0\u00a0\u00a0Amtsgericht Darmstadt, Registernummer HR B 52297Umsatzsteuer-Identifikationsnummer gem\u00e4\u00df \u00a7 27 aUmsatzsteuergesetz: DE 156999125\u00a0\u00a0\u00a0\u00a0\u00a0\u00a0\u00a0\u00a0\u00a0 Inhaltlich Verantwortlicher gem\u00e4\u00df \u00a7 10 Absatz 3 MDStV:\u00a0Hans Herget\u00a0(Anschrift wie oben) \u00a0\u00a0\u00a0\u00a0\u00a0\u00a0\u00a0\u00a0\u00a0Haftungshinweis:Aktualisierung\/HaftungDie CompWare Systemhaus GmbH (nachfolgend: &#8222;Herausgeber&#8220;) ist bem\u00fcht, f\u00fcr die Richtigkeit und Aktualit\u00e4t [&hellip;]<\/p>\n","protected":false},"author":1,"featured_media":0,"parent":0,"menu_order":0,"comment_status":"closed","ping_status":"closed","template":"","meta":{"_editorskit_title_hidden":false,"_editorskit_reading_time":2,"_editorskit_is_block_options_detached":false,"_editorskit_block_options_position":"{}","_uag_custom_page_level_css":"","site-sidebar-layout":"default","site-content-layout":"","ast-site-content-layout":"default","site-content-style":"default","site-sidebar-style":"default","ast-global-header-display":"","ast-banner-title-visibility":"","ast-main-header-display":"","ast-hfb-above-header-display":"","ast-hfb-below-header-display":"","ast-hfb-mobile-header-display":"","site-post-title":"disabled","ast-breadcrumbs-content":"","ast-featured-img":"","footer-sml-layout":"","ast-disable-related-posts":"","theme-transparent-header-meta":"","adv-header-id-meta":"","stick-header-meta":"","header-above-stick-meta":"","header-main-stick-meta":"","header-below-stick-meta":"","astra-migrate-meta-layouts":"set","ast-page-background-enabled":"default","ast-page-background-meta":{"desktop":{"background-color":"var(--ast-global-color-4)","background-image":"","background-repeat":"repeat","background-position":"center center","background-size":"auto","background-attachment":"scroll","background-type":"","background-media":"","overlay-type":"","overlay-color":"","overlay-opacity":"","overlay-gradient":""},"tablet":{"background-color":"","background-image":"","background-repeat":"repeat","background-position":"center center","background-size":"auto","background-attachment":"scroll","background-type":"","background-media":"","overlay-type":"","overlay-color":"","overlay-opacity":"","overlay-gradient":""},"mobile":{"background-color":"","background-image":"","background-repeat":"repeat","background-position":"center center","background-size":"auto","background-attachment":"scroll","background-type":"","background-media":"","overlay-type":"","overlay-color":"","overlay-opacity":"","overlay-gradient":""}},"ast-content-background-meta":{"desktop":{"background-color":"var(--ast-global-color-5)","background-image":"","background-repeat":"repeat","background-position":"center center","background-size":"auto","background-attachment":"scroll","background-type":"","background-media":"","overlay-type":"","overlay-color":"","overlay-opacity":"","overlay-gradient":""},"tablet":{"background-color":"var(--ast-global-color-5)","background-image":"","background-repeat":"repeat","background-position":"center center","background-size":"auto","background-attachment":"scroll","background-type":"","background-media":"","overlay-type":"","overlay-color":"","overlay-opacity":"","overlay-gradient":""},"mobile":{"background-color":"var(--ast-global-color-5)","background-image":"","background-repeat":"repeat","background-position":"center center","background-size":"auto","background-attachment":"scroll","background-type":"","background-media":"","overlay-type":"","overlay-color":"","overlay-opacity":"","overlay-gradient":""}},"footnotes":""},"class_list":["post-835","page","type-page","status-publish","hentry"],"uagb_featured_image_src":{"full":false,"thumbnail":false,"medium":false,"medium_large":false,"large":false,"1536x1536":false,"2048x2048":false},"uagb_author_info":{"display_name":"Hans Herget","author_link":"https:\/\/www.compware.de\/?author=1"},"uagb_comment_info":0,"uagb_excerpt":"CompWare Systemhaus GmbHRobert-Bunsen-Str. 464579 Gernsheim\u00a0\u00a0\u00a0\u00a0\u00a0\u00a0\u00a0\u00a0Fon +49 (0) 6258 \/ 9308-0Fax +49 (0) 6258 \/ 9308-25 E-Mail:\u00a0info@compware.deInternet:\u00a0https:\/\/www.compware.deAllgemeine Gesch\u00e4ftsbedingungen Gesch\u00e4ftsf\u00fchrer:Hans Herget \u00a0\u00a0\u00a0\u00a0\u00a0\u00a0\u00a0\u00a0\u00a0Amtsgericht Darmstadt, Registernummer HR B 52297Umsatzsteuer-Identifikationsnummer gem\u00e4\u00df \u00a7 27 aUmsatzsteuergesetz: DE 156999125\u00a0\u00a0\u00a0\u00a0\u00a0\u00a0\u00a0\u00a0\u00a0 Inhaltlich Verantwortlicher gem\u00e4\u00df \u00a7 10 Absatz 3 MDStV:\u00a0Hans Herget\u00a0(Anschrift wie oben) \u00a0\u00a0\u00a0\u00a0\u00a0\u00a0\u00a0\u00a0\u00a0Haftungshinweis:Aktualisierung\/HaftungDie CompWare Systemhaus GmbH (nachfolgend: &#8222;Herausgeber&#8220;) ist bem\u00fcht, f\u00fcr die Richtigkeit und Aktualit\u00e4t&hellip;","_links":{"self":[{"href":"https:\/\/www.compware.de\/index.php?rest_route=\/wp\/v2\/pages\/835","targetHints":{"allow":["GET"]}}],"collection":[{"href":"https:\/\/www.compware.de\/index.php?rest_route=\/wp\/v2\/pages"}],"about":[{"href":"https:\/\/www.compware.de\/index.php?rest_route=\/wp\/v2\/types\/page"}],"author":[{"embeddable":true,"href":"https:\/\/www.compware.de\/index.php?rest_route=\/wp\/v2\/users\/1"}],"replies":[{"embeddable":true,"href":"https:\/\/www.compware.de\/index.php?rest_route=%2Fwp%2Fv2%2Fcomments&post=835"}],"version-history":[{"count":15,"href":"https:\/\/www.compware.de\/index.php?rest_route=\/wp\/v2\/pages\/835\/revisions"}],"predecessor-version":[{"id":2530,"href":"https:\/\/www.compware.de\/index.php?rest_route=\/wp\/v2\/pages\/835\/revisions\/2530"}],"wp:attachment":[{"href":"https:\/\/www.compware.de\/index.php?rest_route=%2Fwp%2Fv2%2Fmedia&parent=835"}],"curies":[{"name":"wp","href":"https:\/\/api.w.org\/{rel}","templated":true}]}}