{"id":855,"date":"2022-02-03T09:54:53","date_gmt":"2022-02-03T09:54:53","guid":{"rendered":"http:\/\/compware.de\/?page_id=855"},"modified":"2024-11-27T14:32:58","modified_gmt":"2024-11-27T13:32:58","slug":"zusatzvertraege","status":"publish","type":"page","link":"https:\/\/www.compware.de\/?page_id=855","title":{"rendered":"Zusatzvertr\u00e4ge"},"content":{"rendered":"\n<h1 class=\"wp-block-heading\" id=\"zusatzvertrage\"><strong>Zusatzvertr\u00e4ge<\/strong><\/h1>\n\n\n\n<p><\/p>\n\n\n\n<h4 class=\"wp-block-heading\" id=\"updateservice-icon-name-file-pdf-prefix-fas\"><strong>Updateservice<\/strong> <a href=\"https:\/\/www.compware.de\/wp-content\/uploads\/2022\/02\/Updateservice.pdf\" target=\"_blank\" rel=\"noreferrer noopener\"><i class=\"fas fa-file-pdf\"><\/i><\/a><\/h4>\n\n\n\n<p>als Erweiterung unseres Servicevertrages bieten wir den Anwendern von&nbsp;<strong>CGM M1 PRO<\/strong>&nbsp;exklusiv einen Updateservice an.<\/p>\n\n\n\n<p>Der Updateservice beinhaltet:<\/p>\n\n\n\n<ul class=\"wp-block-list\">\n<li>Herunterladen des Online Updates<\/li>\n\n\n\n<li>Installieren des Updates COMPUMED M1 und der IFAP Datenbank<\/li>\n\n\n\n<li>Benachrichtigung per E-Mail, nach Installation des Updates<\/li>\n<\/ul>\n\n\n\n<p>Sollten weitere Module wie DMP-Assist oder Praxismanager vorhanden sein, so werden diese, doch sehr kurzen Updates, von der Praxis eingelesen.<\/p>\n\n\n\n<p>Vorraussetzung ist lediglich ein sicherer Onlinezugang f\u00fcr unsere Hotline auch au\u00dferhalb der Sprechzeiten.<\/p>\n\n\n\n<h4 class=\"wp-block-heading\" id=\"updateservice-icon-name-file-pdf-prefix-fas\"><strong>Updateservice plus<\/strong> <a href=\"https:\/\/www.compware.de\/wp-content\/uploads\/2022\/02\/Updateservice-plus.pdf\" target=\"_blank\" rel=\"noreferrer noopener\"><i class=\"fas fa-file-pdf\"><\/i><\/a><\/h4>\n\n\n\n<p>als Erweiterung unseres Servicevertrages bieten wir den Anwendern von&nbsp;<strong>CGM M1 PRO<\/strong>&nbsp;exklusiv einen Updateservice plus an.<\/p>\n\n\n\n<p>Der Updateservice plus beinhaltet:<\/p>\n\n\n\n<ul class=\"wp-block-list\">\n<li>Herunterladen der anstehenden Windows Updates<\/li>\n\n\n\n<li>Installieren der Updates auf dem Zentralrechner (ausschlie\u00dflich)<\/li>\n\n\n\n<li>Neustarten des Systems mit Funktionstest<\/li>\n<\/ul>\n\n\n\n<p>Sollten weitere Module wie DMP-Assist oder Praxismanager vorhanden sein, so werden diese, doch sehr kurzen Updates, von der Praxis eingelesen.<\/p>\n\n\n\n<p>Vorraussetzung ist lediglich ein sicherer Onlinezugang f\u00fcr unsere Hotline auch au\u00dferhalb der Sprechzeiten.<\/p>\n\n\n\n<h4 class=\"wp-block-heading\" id=\"monitoring-icon-name-file-pdf-prefix-fas\"><strong>Monitoring<\/strong> <a href=\"https:\/\/www.compware.de\/wp-content\/uploads\/2022\/02\/Monitoring.pdf\" target=\"_blank\" rel=\"noreferrer noopener\"><i class=\"fas fa-file-pdf\"><\/i><\/a><\/h4>\n\n\n\n<p>als Erweiterung unseres Servicevertrages bieten wir ein Monitoring des eingesetzten Fujitsu Servers bzw ausgew\u00e4hlter Software und Hardware Komponenten an<\/p>\n\n\n\n<p>Der Monitoringservice beinhaltet:<\/p>\n\n\n\n<ul class=\"wp-block-list\">\n<li>ESET Management Konsole: Virenausbruch, Angriff auf das Netzwerk, \u00dcberf\u00e4lliges Server Update ]<\/li>\n\n\n\n<li>Fujitsu Server Monitor mit kompakten Infos \u00fcber alle Agenten<\/li>\n\n\n\n<li>Fujitsu Raid Manager mit Raid Verbund, Festplatten, BBU<\/li>\n\n\n\n<li>Fujitsu IRMC mit Sensoren, Geh\u00e4use\u00fcberwachung, L\u00fcfter, Speicher, Netzteil, Temperatur<\/li>\n<\/ul>\n\n\n\n<p>Die \u00dcberwachung der Datensicherung, auch mit Medienwechsel, ist bei diesem Service nicht inbegriffen und liegt weiterhin in der Verantwortung des Kunden.<\/p>\n\n\n\n<p>Die Bereitstellung einer speziellen Email Adresse f\u00fcr den Kunden ist inbegriffen. Zur schnellen Reaktion ist es ratsam einen permanenten Fernwartungszugang auf dem Server zu erlauben.<\/p>\n\n\n\n<p><\/p>\n","protected":false},"excerpt":{"rendered":"<p>Zusatzvertr\u00e4ge Updateservice als Erweiterung unseres Servicevertrages bieten wir den Anwendern von&nbsp;CGM M1 PRO&nbsp;exklusiv einen Updateservice an. Der Updateservice beinhaltet: Sollten weitere Module wie DMP-Assist oder Praxismanager vorhanden sein, so werden diese, doch sehr kurzen Updates, von der Praxis eingelesen. Vorraussetzung ist lediglich ein sicherer Onlinezugang f\u00fcr unsere Hotline auch au\u00dferhalb der Sprechzeiten. Updateservice plus als [&hellip;]<\/p>\n","protected":false},"author":1,"featured_media":0,"parent":0,"menu_order":0,"comment_status":"closed","ping_status":"closed","template":"","meta":{"_editorskit_title_hidden":true,"_editorskit_reading_time":1,"_editorskit_is_block_options_detached":false,"_editorskit_block_options_position":"{}","_uag_custom_page_level_css":"","site-sidebar-layout":"default","site-content-layout":"","ast-site-content-layout":"default","site-content-style":"default","site-sidebar-style":"default","ast-global-header-display":"","ast-banner-title-visibility":"","ast-main-header-display":"","ast-hfb-above-header-display":"","ast-hfb-below-header-display":"","ast-hfb-mobile-header-display":"","site-post-title":"","ast-breadcrumbs-content":"","ast-featured-img":"","footer-sml-layout":"","ast-disable-related-posts":"","theme-transparent-header-meta":"","adv-header-id-meta":"","stick-header-meta":"","header-above-stick-meta":"","header-main-stick-meta":"","header-below-stick-meta":"","astra-migrate-meta-layouts":"set","ast-page-background-enabled":"default","ast-page-background-meta":{"desktop":{"background-color":"var(--ast-global-color-4)","background-image":"","background-repeat":"repeat","background-position":"center center","background-size":"auto","background-attachment":"scroll","background-type":"","background-media":"","overlay-type":"","overlay-color":"","overlay-opacity":"","overlay-gradient":""},"tablet":{"background-color":"","background-image":"","background-repeat":"repeat","background-position":"center center","background-size":"auto","background-attachment":"scroll","background-type":"","background-media":"","overlay-type":"","overlay-color":"","overlay-opacity":"","overlay-gradient":""},"mobile":{"background-color":"","background-image":"","background-repeat":"repeat","background-position":"center center","background-size":"auto","background-attachment":"scroll","background-type":"","background-media":"","overlay-type":"","overlay-color":"","overlay-opacity":"","overlay-gradient":""}},"ast-content-background-meta":{"desktop":{"background-color":"var(--ast-global-color-5)","background-image":"","background-repeat":"repeat","background-position":"center center","background-size":"auto","background-attachment":"scroll","background-type":"","background-media":"","overlay-type":"","overlay-color":"","overlay-opacity":"","overlay-gradient":""},"tablet":{"background-color":"var(--ast-global-color-5)","background-image":"","background-repeat":"repeat","background-position":"center center","background-size":"auto","background-attachment":"scroll","background-type":"","background-media":"","overlay-type":"","overlay-color":"","overlay-opacity":"","overlay-gradient":""},"mobile":{"background-color":"var(--ast-global-color-5)","background-image":"","background-repeat":"repeat","background-position":"center center","background-size":"auto","background-attachment":"scroll","background-type":"","background-media":"","overlay-type":"","overlay-color":"","overlay-opacity":"","overlay-gradient":""}},"footnotes":""},"class_list":["post-855","page","type-page","status-publish","hentry"],"uagb_featured_image_src":{"full":false,"thumbnail":false,"medium":false,"medium_large":false,"large":false,"1536x1536":false,"2048x2048":false},"uagb_author_info":{"display_name":"Hans Herget","author_link":"https:\/\/www.compware.de\/?author=1"},"uagb_comment_info":0,"uagb_excerpt":"Zusatzvertr\u00e4ge Updateservice als Erweiterung unseres Servicevertrages bieten wir den Anwendern von&nbsp;CGM M1 PRO&nbsp;exklusiv einen Updateservice an. Der Updateservice beinhaltet: Sollten weitere Module wie DMP-Assist oder Praxismanager vorhanden sein, so werden diese, doch sehr kurzen Updates, von der Praxis eingelesen. Vorraussetzung ist lediglich ein sicherer Onlinezugang f\u00fcr unsere Hotline auch au\u00dferhalb der Sprechzeiten. Updateservice plus als&hellip;","_links":{"self":[{"href":"https:\/\/www.compware.de\/index.php?rest_route=\/wp\/v2\/pages\/855","targetHints":{"allow":["GET"]}}],"collection":[{"href":"https:\/\/www.compware.de\/index.php?rest_route=\/wp\/v2\/pages"}],"about":[{"href":"https:\/\/www.compware.de\/index.php?rest_route=\/wp\/v2\/types\/page"}],"author":[{"embeddable":true,"href":"https:\/\/www.compware.de\/index.php?rest_route=\/wp\/v2\/users\/1"}],"replies":[{"embeddable":true,"href":"https:\/\/www.compware.de\/index.php?rest_route=%2Fwp%2Fv2%2Fcomments&post=855"}],"version-history":[{"count":8,"href":"https:\/\/www.compware.de\/index.php?rest_route=\/wp\/v2\/pages\/855\/revisions"}],"predecessor-version":[{"id":2383,"href":"https:\/\/www.compware.de\/index.php?rest_route=\/wp\/v2\/pages\/855\/revisions\/2383"}],"wp:attachment":[{"href":"https:\/\/www.compware.de\/index.php?rest_route=%2Fwp%2Fv2%2Fmedia&parent=855"}],"curies":[{"name":"wp","href":"https:\/\/api.w.org\/{rel}","templated":true}]}}