{"id":873,"date":"2022-02-03T12:35:33","date_gmt":"2022-02-03T12:35:33","guid":{"rendered":"http:\/\/compware.de\/?page_id=873"},"modified":"2024-10-17T15:54:55","modified_gmt":"2024-10-17T13:54:55","slug":"fujitsu","status":"publish","type":"page","link":"https:\/\/www.compware.de\/?page_id=873","title":{"rendered":"Fujitsu"},"content":{"rendered":"\n<figure class=\"wp-block-image aligncenter size-large is-resized\"><img loading=\"lazy\" decoding=\"async\" width=\"1024\" height=\"491\" src=\"\/wp-content\/uploads\/2022\/02\/fujitsu-logo-1024x491.gif\" alt=\"\" class=\"wp-image-946\" srcset=\"https:\/\/www.compware.de\/wp-content\/uploads\/2022\/02\/fujitsu-logo-1024x491.gif 1024w, https:\/\/www.compware.de\/wp-content\/uploads\/2022\/02\/fujitsu-logo-300x144.gif 300w, https:\/\/www.compware.de\/wp-content\/uploads\/2022\/02\/fujitsu-logo-768x368.gif 768w\" sizes=\"auto, (max-width: 1024px) 100vw, 1024px\" \/><\/figure>\n\n\n\n<p><\/p>\n\n\n\n<div class=\"wp-block-columns is-layout-flex wp-container-core-columns-is-layout-28f84493 wp-block-columns-is-layout-flex\">\n<div class=\"wp-block-column is-layout-flow wp-block-column-is-layout-flow\">\n<figure class=\"wp-block-image size-full\"><img loading=\"lazy\" decoding=\"async\" width=\"800\" height=\"533\" src=\"\/wp-content\/uploads\/2024\/07\/Tower_Server_Fujitsu_Primergy-1.jpg\" alt=\"\" class=\"wp-image-2221\" srcset=\"https:\/\/www.compware.de\/wp-content\/uploads\/2024\/07\/Tower_Server_Fujitsu_Primergy-1.jpg 800w, https:\/\/www.compware.de\/wp-content\/uploads\/2024\/07\/Tower_Server_Fujitsu_Primergy-1-300x200.jpg 300w, https:\/\/www.compware.de\/wp-content\/uploads\/2024\/07\/Tower_Server_Fujitsu_Primergy-1-768x512.jpg 768w\" sizes=\"auto, (max-width: 800px) 100vw, 800px\" \/><\/figure>\n<\/div>\n\n\n\n<div class=\"wp-block-column is-layout-flow wp-block-column-is-layout-flow\">\n<p class=\"has-text-align-justify\">Entschieden haben wir uns schon vor Jahren f\u00fcr die Server Produkte von Fujitsu (fr\u00fcher Fujitsu-Siemens). Zum Einen bietet dieser Hersteller Markenger\u00e4te zu moderaten Preisen, zum Anderen ist die Server Produktpalette sehr ausgewogen und von Entry-Level Server bis hin zu Datacenter L\u00f6sungen wird f\u00fcr jede Anforderung und jede Anwendung eine L\u00f6sung geboten.<\/p>\n<\/div>\n<\/div>\n\n\n\n<div class=\"wp-block-columns is-layout-flex wp-container-core-columns-is-layout-28f84493 wp-block-columns-is-layout-flex\">\n<div class=\"wp-block-column is-layout-flow wp-block-column-is-layout-flow\">\n<p class=\"has-text-align-justify\">Auch im Servicebereich, auf den wir sehr grossen Wert legen, ist der Hersteller&nbsp; Fujitsu vorbildlich. Die Ersatzteilversorgung erm\u00f6glicht im St\u00f6rungsfall schnellstm\u00f6gliche Reaktion zur Fehlerbeseitigung. Alle von CompWare ausgelieferten Serversysteme besitzen eine 5 Jahre vor-Ort Garantie<\/p>\n<\/div>\n\n\n\n<div class=\"wp-block-column is-layout-flow wp-block-column-is-layout-flow\">\n<figure class=\"wp-block-image aligncenter size-full\"><img loading=\"lazy\" decoding=\"async\" width=\"420\" height=\"263\" src=\"\/wp-content\/uploads\/2024\/07\/W-CM33346_tcm67-29390.gif\" alt=\"\" class=\"wp-image-2218\"\/><\/figure>\n<\/div>\n<\/div>\n\n\n\n<p class=\"has-text-align-center has-vivid-red-color has-text-color\"><strong>Selbstverst\u00e4ndlich ist CompWare im Servicebereich von Fujitsu als&nbsp;Servicepartner zertifiziert.<\/strong><\/p>\n\n\n\n<div class=\"wp-block-columns are-vertically-aligned-top is-layout-flex wp-container-core-columns-is-layout-28f84493 wp-block-columns-is-layout-flex\">\n<div class=\"wp-block-column is-vertically-aligned-top is-layout-flow wp-block-column-is-layout-flow\" style=\"flex-basis:100%\"><\/div>\n<\/div>\n","protected":false},"excerpt":{"rendered":"<p>Entschieden haben wir uns schon vor Jahren f\u00fcr die Server Produkte von Fujitsu (fr\u00fcher Fujitsu-Siemens). Zum Einen bietet dieser Hersteller Markenger\u00e4te zu moderaten Preisen, zum Anderen ist die Server Produktpalette sehr ausgewogen und von Entry-Level Server bis hin zu Datacenter L\u00f6sungen wird f\u00fcr jede Anforderung und jede Anwendung eine L\u00f6sung geboten. Auch im Servicebereich, auf [&hellip;]<\/p>\n","protected":false},"author":1,"featured_media":0,"parent":0,"menu_order":0,"comment_status":"closed","ping_status":"closed","template":"","meta":{"_editorskit_title_hidden":false,"_editorskit_reading_time":1,"_editorskit_is_block_options_detached":false,"_editorskit_block_options_position":"{}","_uag_custom_page_level_css":"","site-sidebar-layout":"default","site-content-layout":"","ast-site-content-layout":"default","site-content-style":"default","site-sidebar-style":"default","ast-global-header-display":"","ast-banner-title-visibility":"","ast-main-header-display":"","ast-hfb-above-header-display":"","ast-hfb-below-header-display":"","ast-hfb-mobile-header-display":"","site-post-title":"disabled","ast-breadcrumbs-content":"","ast-featured-img":"","footer-sml-layout":"","ast-disable-related-posts":"","theme-transparent-header-meta":"","adv-header-id-meta":"","stick-header-meta":"","header-above-stick-meta":"","header-main-stick-meta":"","header-below-stick-meta":"","astra-migrate-meta-layouts":"set","ast-page-background-enabled":"default","ast-page-background-meta":{"desktop":{"background-color":"var(--ast-global-color-4)","background-image":"","background-repeat":"repeat","background-position":"center center","background-size":"auto","background-attachment":"scroll","background-type":"","background-media":"","overlay-type":"","overlay-color":"","overlay-opacity":"","overlay-gradient":""},"tablet":{"background-color":"","background-image":"","background-repeat":"repeat","background-position":"center center","background-size":"auto","background-attachment":"scroll","background-type":"","background-media":"","overlay-type":"","overlay-color":"","overlay-opacity":"","overlay-gradient":""},"mobile":{"background-color":"","background-image":"","background-repeat":"repeat","background-position":"center center","background-size":"auto","background-attachment":"scroll","background-type":"","background-media":"","overlay-type":"","overlay-color":"","overlay-opacity":"","overlay-gradient":""}},"ast-content-background-meta":{"desktop":{"background-color":"var(--ast-global-color-5)","background-image":"","background-repeat":"repeat","background-position":"center center","background-size":"auto","background-attachment":"scroll","background-type":"","background-media":"","overlay-type":"","overlay-color":"","overlay-opacity":"","overlay-gradient":""},"tablet":{"background-color":"var(--ast-global-color-5)","background-image":"","background-repeat":"repeat","background-position":"center center","background-size":"auto","background-attachment":"scroll","background-type":"","background-media":"","overlay-type":"","overlay-color":"","overlay-opacity":"","overlay-gradient":""},"mobile":{"background-color":"var(--ast-global-color-5)","background-image":"","background-repeat":"repeat","background-position":"center center","background-size":"auto","background-attachment":"scroll","background-type":"","background-media":"","overlay-type":"","overlay-color":"","overlay-opacity":"","overlay-gradient":""}},"footnotes":""},"class_list":["post-873","page","type-page","status-publish","hentry"],"uagb_featured_image_src":{"full":false,"thumbnail":false,"medium":false,"medium_large":false,"large":false,"1536x1536":false,"2048x2048":false},"uagb_author_info":{"display_name":"Hans Herget","author_link":"https:\/\/www.compware.de\/?author=1"},"uagb_comment_info":0,"uagb_excerpt":"Entschieden haben wir uns schon vor Jahren f\u00fcr die Server Produkte von Fujitsu (fr\u00fcher Fujitsu-Siemens). Zum Einen bietet dieser Hersteller Markenger\u00e4te zu moderaten Preisen, zum Anderen ist die Server Produktpalette sehr ausgewogen und von Entry-Level Server bis hin zu Datacenter L\u00f6sungen wird f\u00fcr jede Anforderung und jede Anwendung eine L\u00f6sung geboten. Auch im Servicebereich, auf&hellip;","_links":{"self":[{"href":"https:\/\/www.compware.de\/index.php?rest_route=\/wp\/v2\/pages\/873","targetHints":{"allow":["GET"]}}],"collection":[{"href":"https:\/\/www.compware.de\/index.php?rest_route=\/wp\/v2\/pages"}],"about":[{"href":"https:\/\/www.compware.de\/index.php?rest_route=\/wp\/v2\/types\/page"}],"author":[{"embeddable":true,"href":"https:\/\/www.compware.de\/index.php?rest_route=\/wp\/v2\/users\/1"}],"replies":[{"embeddable":true,"href":"https:\/\/www.compware.de\/index.php?rest_route=%2Fwp%2Fv2%2Fcomments&post=873"}],"version-history":[{"count":24,"href":"https:\/\/www.compware.de\/index.php?rest_route=\/wp\/v2\/pages\/873\/revisions"}],"predecessor-version":[{"id":2348,"href":"https:\/\/www.compware.de\/index.php?rest_route=\/wp\/v2\/pages\/873\/revisions\/2348"}],"wp:attachment":[{"href":"https:\/\/www.compware.de\/index.php?rest_route=%2Fwp%2Fv2%2Fmedia&parent=873"}],"curies":[{"name":"wp","href":"https:\/\/api.w.org\/{rel}","templated":true}]}}