{"id":925,"date":"2022-02-03T15:08:19","date_gmt":"2022-02-03T15:08:19","guid":{"rendered":"http:\/\/compware.de\/?page_id=925"},"modified":"2024-11-27T14:39:19","modified_gmt":"2024-11-27T13:39:19","slug":"brother","status":"publish","type":"page","link":"https:\/\/www.compware.de\/?page_id=925","title":{"rendered":"Brother"},"content":{"rendered":"\n<div class=\"wp-block-columns is-layout-flex wp-container-core-columns-is-layout-28f84493 wp-block-columns-is-layout-flex\">\n<div class=\"wp-block-column is-layout-flow wp-block-column-is-layout-flow\" style=\"flex-basis:33.33%\">\n<figure class=\"wp-block-image size-full is-resized\"><img loading=\"lazy\" decoding=\"async\" width=\"210\" height=\"52\" src=\"https:\/\/www.compware.de\/wp-content\/uploads\/2022\/02\/brother.gif\" alt=\"\" class=\"wp-image-943\" style=\"width:283px;height:70px\"\/><\/figure>\n<\/div>\n\n\n\n<div class=\"wp-block-column is-layout-flow wp-block-column-is-layout-flow\" style=\"flex-basis:66.66%\">\n<p class=\"has-text-align-justify\">Mit Brother haben wir einen langj\u00e4hrigen Partner der neben einer hohen Qualit\u00e4t und Zuverl\u00e4ssigkeit auch innovative Produkte in seinem Portfolio f\u00fchrt. Unsere Techniker sind f\u00fcr den Support von Brother Druckern geschult und neben den g\u00e4ngigen Verbrauchsmaterialien haben wir auch alle Verschlei\u00dfteile an Lager um im Servicefall binnen k\u00fcrzester Zeit den Betrieb wieder herstellen zu k\u00f6nnen.<\/p>\n<\/div>\n<\/div>\n\n\n\n<div class=\"wp-block-columns is-layout-flex wp-container-core-columns-is-layout-28f84493 wp-block-columns-is-layout-flex\">\n<div class=\"wp-block-column is-layout-flow wp-block-column-is-layout-flow\" style=\"flex-basis:66.66%\">\n<div class=\"wp-block-columns is-layout-flex wp-container-core-columns-is-layout-28f84493 wp-block-columns-is-layout-flex\">\n<div class=\"wp-block-column is-layout-flow wp-block-column-is-layout-flow\" style=\"flex-basis:100%\">\n<div class=\"wp-block-columns is-layout-flex wp-container-core-columns-is-layout-28f84493 wp-block-columns-is-layout-flex\">\n<div class=\"wp-block-column is-layout-flow wp-block-column-is-layout-flow\" style=\"flex-basis:100%\">\n<p class=\"has-text-align-justify\" id=\"block-693c21e3-8f19-4162-821e-7a689617f964\">Gerade im Bereich der Blankoformularbedruckung spielen die Faktoren Zuverl\u00e4ssigkeit und Ausfallsicherheit eine sehr grosse Rolle. Daneben stehen aber bei Brother Laserdruckern auch die Kosten des Verbrauchsmaterials, also die variablen Druckkosten, in einem sehr guten Preis\/Leistungsverh\u00e4ltnis.<br>Diese Vorteile zusammen mit&nbsp;der hohen Flexibilit\u00e4t an Ausstattungsmerkmalen wie mehrere Zusatzsch\u00e4chte, Duplexeinheiten oder direkte Netzwerkanschlussm\u00f6glichkeiten machen Brother Laserdrucker f\u00fcr uns seit Jahren zum empfohlenen Produkt.<\/p>\n<\/div>\n<\/div>\n<\/div>\n<\/div>\n<\/div>\n\n\n\n<div class=\"wp-block-column is-layout-flow wp-block-column-is-layout-flow\" style=\"flex-basis:33.33%\">\n<figure class=\"wp-block-image alignright size-full\"><img loading=\"lazy\" decoding=\"async\" width=\"232\" height=\"280\" src=\"\/wp-content\/uploads\/2022\/02\/5350.gif\" alt=\"\" class=\"wp-image-942\"\/><\/figure>\n<\/div>\n<\/div>\n\n\n\n<p><\/p>\n","protected":false},"excerpt":{"rendered":"<p>Mit Brother haben wir einen langj\u00e4hrigen Partner der neben einer hohen Qualit\u00e4t und Zuverl\u00e4ssigkeit auch innovative Produkte in seinem Portfolio f\u00fchrt. Unsere Techniker sind f\u00fcr den Support von Brother Druckern geschult und neben den g\u00e4ngigen Verbrauchsmaterialien haben wir auch alle Verschlei\u00dfteile an Lager um im Servicefall binnen k\u00fcrzester Zeit den Betrieb wieder herstellen zu k\u00f6nnen. [&hellip;]<\/p>\n","protected":false},"author":1,"featured_media":0,"parent":0,"menu_order":0,"comment_status":"closed","ping_status":"closed","template":"","meta":{"_editorskit_title_hidden":true,"_editorskit_reading_time":1,"_editorskit_is_block_options_detached":false,"_editorskit_block_options_position":"{}","_uag_custom_page_level_css":"","site-sidebar-layout":"default","site-content-layout":"","ast-site-content-layout":"default","site-content-style":"default","site-sidebar-style":"default","ast-global-header-display":"","ast-banner-title-visibility":"","ast-main-header-display":"","ast-hfb-above-header-display":"","ast-hfb-below-header-display":"","ast-hfb-mobile-header-display":"","site-post-title":"","ast-breadcrumbs-content":"","ast-featured-img":"","footer-sml-layout":"","ast-disable-related-posts":"","theme-transparent-header-meta":"","adv-header-id-meta":"","stick-header-meta":"","header-above-stick-meta":"","header-main-stick-meta":"","header-below-stick-meta":"","astra-migrate-meta-layouts":"set","ast-page-background-enabled":"default","ast-page-background-meta":{"desktop":{"background-color":"var(--ast-global-color-4)","background-image":"","background-repeat":"repeat","background-position":"center center","background-size":"auto","background-attachment":"scroll","background-type":"","background-media":"","overlay-type":"","overlay-color":"","overlay-opacity":"","overlay-gradient":""},"tablet":{"background-color":"","background-image":"","background-repeat":"repeat","background-position":"center center","background-size":"auto","background-attachment":"scroll","background-type":"","background-media":"","overlay-type":"","overlay-color":"","overlay-opacity":"","overlay-gradient":""},"mobile":{"background-color":"","background-image":"","background-repeat":"repeat","background-position":"center center","background-size":"auto","background-attachment":"scroll","background-type":"","background-media":"","overlay-type":"","overlay-color":"","overlay-opacity":"","overlay-gradient":""}},"ast-content-background-meta":{"desktop":{"background-color":"var(--ast-global-color-5)","background-image":"","background-repeat":"repeat","background-position":"center center","background-size":"auto","background-attachment":"scroll","background-type":"","background-media":"","overlay-type":"","overlay-color":"","overlay-opacity":"","overlay-gradient":""},"tablet":{"background-color":"var(--ast-global-color-5)","background-image":"","background-repeat":"repeat","background-position":"center center","background-size":"auto","background-attachment":"scroll","background-type":"","background-media":"","overlay-type":"","overlay-color":"","overlay-opacity":"","overlay-gradient":""},"mobile":{"background-color":"var(--ast-global-color-5)","background-image":"","background-repeat":"repeat","background-position":"center center","background-size":"auto","background-attachment":"scroll","background-type":"","background-media":"","overlay-type":"","overlay-color":"","overlay-opacity":"","overlay-gradient":""}},"footnotes":""},"class_list":["post-925","page","type-page","status-publish","hentry"],"uagb_featured_image_src":{"full":false,"thumbnail":false,"medium":false,"medium_large":false,"large":false,"1536x1536":false,"2048x2048":false},"uagb_author_info":{"display_name":"Hans Herget","author_link":"https:\/\/www.compware.de\/?author=1"},"uagb_comment_info":0,"uagb_excerpt":"Mit Brother haben wir einen langj\u00e4hrigen Partner der neben einer hohen Qualit\u00e4t und Zuverl\u00e4ssigkeit auch innovative Produkte in seinem Portfolio f\u00fchrt. Unsere Techniker sind f\u00fcr den Support von Brother Druckern geschult und neben den g\u00e4ngigen Verbrauchsmaterialien haben wir auch alle Verschlei\u00dfteile an Lager um im Servicefall binnen k\u00fcrzester Zeit den Betrieb wieder herstellen zu k\u00f6nnen.&hellip;","_links":{"self":[{"href":"https:\/\/www.compware.de\/index.php?rest_route=\/wp\/v2\/pages\/925","targetHints":{"allow":["GET"]}}],"collection":[{"href":"https:\/\/www.compware.de\/index.php?rest_route=\/wp\/v2\/pages"}],"about":[{"href":"https:\/\/www.compware.de\/index.php?rest_route=\/wp\/v2\/types\/page"}],"author":[{"embeddable":true,"href":"https:\/\/www.compware.de\/index.php?rest_route=\/wp\/v2\/users\/1"}],"replies":[{"embeddable":true,"href":"https:\/\/www.compware.de\/index.php?rest_route=%2Fwp%2Fv2%2Fcomments&post=925"}],"version-history":[{"count":7,"href":"https:\/\/www.compware.de\/index.php?rest_route=\/wp\/v2\/pages\/925\/revisions"}],"predecessor-version":[{"id":2387,"href":"https:\/\/www.compware.de\/index.php?rest_route=\/wp\/v2\/pages\/925\/revisions\/2387"}],"wp:attachment":[{"href":"https:\/\/www.compware.de\/index.php?rest_route=%2Fwp%2Fv2%2Fmedia&parent=925"}],"curies":[{"name":"wp","href":"https:\/\/api.w.org\/{rel}","templated":true}]}}