{"id":936,"date":"2022-02-03T15:56:26","date_gmt":"2022-02-03T15:56:26","guid":{"rendered":"http:\/\/compware.de\/?page_id=936"},"modified":"2024-11-27T14:40:39","modified_gmt":"2024-11-27T13:40:39","slug":"tandberg","status":"publish","type":"page","link":"https:\/\/www.compware.de\/?page_id=936","title":{"rendered":"Tandberg"},"content":{"rendered":"\n<figure class=\"wp-block-image aligncenter size-full is-resized\"><img loading=\"lazy\" decoding=\"async\" width=\"228\" height=\"76\" src=\"https:\/\/www.compware.de\/wp-content\/uploads\/2022\/02\/tandberg.gif\" alt=\"\" class=\"wp-image-952\" style=\"width:306px;height:102px\"\/><\/figure>\n\n\n\n<div class=\"wp-block-columns is-layout-flex wp-container-core-columns-is-layout-28f84493 wp-block-columns-is-layout-flex\">\n<div class=\"wp-block-column is-layout-flow wp-block-column-is-layout-flow\" style=\"flex-basis:33.33%\">\n<figure class=\"wp-block-image size-full is-resized\"><img loading=\"lazy\" decoding=\"async\" width=\"192\" height=\"112\" src=\"https:\/\/www.compware.de\/wp-content\/uploads\/2022\/02\/lto.gif\" alt=\"\" class=\"wp-image-948\" style=\"width:280px;height:163px\"\/><\/figure>\n<\/div>\n\n\n\n<div class=\"wp-block-column is-layout-flow wp-block-column-is-layout-flow\" style=\"flex-basis:66.66%\">\n<p class=\"has-medium-font-size\"><strong>Datensicherung ist&nbsp;eines der wichtigsten Themen in der IT !!<\/strong><\/p>\n\n\n\n<p class=\"has-text-align-justify\">Nur leider wird dieser Tatsache nicht immer die n\u00f6tige Aufmerksamkeit geschuldet. Meist begreift man erst die Wichtigkeit, wenn der Eventualit\u00e4tenfall eintritt, mit&nbsp;katastrophalen Folgen.<br>Wer der Datensicherung keine Bedeutung beimisst, handelt grob&nbsp;fahrl\u00e4ssig und somit sind Sch\u00e4den und Ausf\u00e4lle auch nicht von Versicherungen gedeckt.<\/p>\n<\/div>\n<\/div>\n\n\n\n<div class=\"wp-block-columns is-layout-flex wp-container-core-columns-is-layout-28f84493 wp-block-columns-is-layout-flex\">\n<div class=\"wp-block-column is-layout-flow wp-block-column-is-layout-flow\" style=\"flex-basis:66.66%\">\n<p class=\"has-text-align-justify\"><strong>CompWare<\/strong>&nbsp;setzt ausschliesslich professionelle Datensicherungssysteme ein. Partner \u00fcber schon Jahrzehnte ist Tandberg Data, ein Hersteller mit \u00fcber 30 Jahren Erfahrung in diesem Bereich.<br>Die&nbsp;Produkte aus der grossen Produktpalette von Tandberg Data, die bei unseren System zum Einsatz kommen sind&nbsp;interne Datensicherungssysteme.<br>Einsatz finden diese Datensicherungssysteme immer im Server. Im Bereich der Standardserver verwenden wir das Sicherungssystem RDX, im Bereich der High-End Server findet die Produktgruppe der LTO Laufwerke Verwendung<\/p>\n<\/div>\n\n\n\n<div class=\"wp-block-column is-layout-flow wp-block-column-is-layout-flow\" style=\"flex-basis:33.33%\">\n<figure class=\"wp-block-image aligncenter size-full\"><img loading=\"lazy\" decoding=\"async\" width=\"300\" height=\"291\" src=\"https:\/\/www.compware.de\/wp-content\/uploads\/2022\/02\/rdx.gif\" alt=\"\" class=\"wp-image-951\"\/><\/figure>\n<\/div>\n<\/div>\n","protected":false},"excerpt":{"rendered":"<p>Datensicherung ist&nbsp;eines der wichtigsten Themen in der IT !! Nur leider wird dieser Tatsache nicht immer die n\u00f6tige Aufmerksamkeit geschuldet. Meist begreift man erst die Wichtigkeit, wenn der Eventualit\u00e4tenfall eintritt, mit&nbsp;katastrophalen Folgen.Wer der Datensicherung keine Bedeutung beimisst, handelt grob&nbsp;fahrl\u00e4ssig und somit sind Sch\u00e4den und Ausf\u00e4lle auch nicht von Versicherungen gedeckt. CompWare&nbsp;setzt ausschliesslich professionelle Datensicherungssysteme ein. [&hellip;]<\/p>\n","protected":false},"author":1,"featured_media":0,"parent":0,"menu_order":0,"comment_status":"closed","ping_status":"closed","template":"","meta":{"_editorskit_title_hidden":true,"_editorskit_reading_time":1,"_editorskit_is_block_options_detached":false,"_editorskit_block_options_position":"{}","_uag_custom_page_level_css":"","site-sidebar-layout":"default","site-content-layout":"","ast-site-content-layout":"default","site-content-style":"default","site-sidebar-style":"default","ast-global-header-display":"","ast-banner-title-visibility":"","ast-main-header-display":"","ast-hfb-above-header-display":"","ast-hfb-below-header-display":"","ast-hfb-mobile-header-display":"","site-post-title":"","ast-breadcrumbs-content":"","ast-featured-img":"","footer-sml-layout":"","ast-disable-related-posts":"","theme-transparent-header-meta":"","adv-header-id-meta":"","stick-header-meta":"","header-above-stick-meta":"","header-main-stick-meta":"","header-below-stick-meta":"","astra-migrate-meta-layouts":"set","ast-page-background-enabled":"default","ast-page-background-meta":{"desktop":{"background-color":"var(--ast-global-color-4)","background-image":"","background-repeat":"repeat","background-position":"center center","background-size":"auto","background-attachment":"scroll","background-type":"","background-media":"","overlay-type":"","overlay-color":"","overlay-opacity":"","overlay-gradient":""},"tablet":{"background-color":"","background-image":"","background-repeat":"repeat","background-position":"center center","background-size":"auto","background-attachment":"scroll","background-type":"","background-media":"","overlay-type":"","overlay-color":"","overlay-opacity":"","overlay-gradient":""},"mobile":{"background-color":"","background-image":"","background-repeat":"repeat","background-position":"center center","background-size":"auto","background-attachment":"scroll","background-type":"","background-media":"","overlay-type":"","overlay-color":"","overlay-opacity":"","overlay-gradient":""}},"ast-content-background-meta":{"desktop":{"background-color":"var(--ast-global-color-5)","background-image":"","background-repeat":"repeat","background-position":"center center","background-size":"auto","background-attachment":"scroll","background-type":"","background-media":"","overlay-type":"","overlay-color":"","overlay-opacity":"","overlay-gradient":""},"tablet":{"background-color":"var(--ast-global-color-5)","background-image":"","background-repeat":"repeat","background-position":"center center","background-size":"auto","background-attachment":"scroll","background-type":"","background-media":"","overlay-type":"","overlay-color":"","overlay-opacity":"","overlay-gradient":""},"mobile":{"background-color":"var(--ast-global-color-5)","background-image":"","background-repeat":"repeat","background-position":"center center","background-size":"auto","background-attachment":"scroll","background-type":"","background-media":"","overlay-type":"","overlay-color":"","overlay-opacity":"","overlay-gradient":""}},"footnotes":""},"class_list":["post-936","page","type-page","status-publish","hentry"],"uagb_featured_image_src":{"full":false,"thumbnail":false,"medium":false,"medium_large":false,"large":false,"1536x1536":false,"2048x2048":false},"uagb_author_info":{"display_name":"Hans Herget","author_link":"https:\/\/www.compware.de\/?author=1"},"uagb_comment_info":0,"uagb_excerpt":"Datensicherung ist&nbsp;eines der wichtigsten Themen in der IT !! Nur leider wird dieser Tatsache nicht immer die n\u00f6tige Aufmerksamkeit geschuldet. Meist begreift man erst die Wichtigkeit, wenn der Eventualit\u00e4tenfall eintritt, mit&nbsp;katastrophalen Folgen.Wer der Datensicherung keine Bedeutung beimisst, handelt grob&nbsp;fahrl\u00e4ssig und somit sind Sch\u00e4den und Ausf\u00e4lle auch nicht von Versicherungen gedeckt. CompWare&nbsp;setzt ausschliesslich professionelle Datensicherungssysteme ein.&hellip;","_links":{"self":[{"href":"https:\/\/www.compware.de\/index.php?rest_route=\/wp\/v2\/pages\/936","targetHints":{"allow":["GET"]}}],"collection":[{"href":"https:\/\/www.compware.de\/index.php?rest_route=\/wp\/v2\/pages"}],"about":[{"href":"https:\/\/www.compware.de\/index.php?rest_route=\/wp\/v2\/types\/page"}],"author":[{"embeddable":true,"href":"https:\/\/www.compware.de\/index.php?rest_route=\/wp\/v2\/users\/1"}],"replies":[{"embeddable":true,"href":"https:\/\/www.compware.de\/index.php?rest_route=%2Fwp%2Fv2%2Fcomments&post=936"}],"version-history":[{"count":5,"href":"https:\/\/www.compware.de\/index.php?rest_route=\/wp\/v2\/pages\/936\/revisions"}],"predecessor-version":[{"id":2388,"href":"https:\/\/www.compware.de\/index.php?rest_route=\/wp\/v2\/pages\/936\/revisions\/2388"}],"wp:attachment":[{"href":"https:\/\/www.compware.de\/index.php?rest_route=%2Fwp%2Fv2%2Fmedia&parent=936"}],"curies":[{"name":"wp","href":"https:\/\/api.w.org\/{rel}","templated":true}]}}